{"id":9540,"date":"2024-02-27T17:26:31","date_gmt":"2024-02-27T17:26:31","guid":{"rendered":"https:\/\/amicamiashop.com\/?post_type=product&#038;p=9540"},"modified":"2026-03-06T12:55:03","modified_gmt":"2026-03-06T12:55:03","slug":"bio-hidratalo-arctisztito-tej-250-ml","status":"publish","type":"product","link":"https:\/\/amicamiashop.com\/hu\/termek\/bio-hidratalo-arctisztito-tej-250-ml\/","title":{"rendered":"Bio hidrat\u00e1l\u00f3 arctiszt\u00edt\u00f3 tej 250 ml"},"content":{"rendered":"<p><strong>Bio hidrat\u00e1l\u00f3 arctiszt\u00edt\u00f3 tej 250 ml<\/strong><\/p>\n<p>Tiszt\u00edt\u00f3 tej term\u00e9szetes eredet\u0171 \u00f6sszetev\u0151kkel, amely seg\u00edt a b\u0151r k\u00edm\u00e9letes tiszt\u00edt\u00e1s\u00e1ban Bio organikus Goji bogy\u00f3 kivonattal \u00e9s antioxid\u00e1ns \u00e9s hidrat\u00e1l\u00f3 tulajdons\u00e1g\u00fa Aloe Vera l\u00e9vel. Szint\u00e9n f\u00fcgekaktuszolajat tartalmaz, amely megval\u00f3s\u00edtja a Goji bogy\u00f3kivonat antioxid\u00e1ns tulajdons\u00e1gait. Az \u00e9des mandulaolaj megfelel\u0151 l\u00e1gy\u00edt\u00e1st biztos\u00edt.<\/p>\n<p>BIO HIDRAT\u00c1L\u00d3 ARCTISZT\u00cdT\u00d3 TEJ 250 ml-es \u00fcveg<br \/>\nOrganikus Goji bogy\u00f3 kivonat, Bio Aloe Vera gy\u00fcm\u00f6lcsl\u00e9, f\u00fcgekaktusz olaj<\/p>\n<p>F\u0151 hat\u00f3anyagok:<\/p>\n<p>Organikus Goji kivonat &#8211; antioxid\u00e1ns, \u00f6reged\u00e9sg\u00e1tl\u00f3<\/p>\n<p>Kiv\u00e9teles C-vitaminnal, a legmagasabbak k\u00f6z\u00f6tt a term\u00e9szetes n\u00f6v\u00e9nyekben.<\/p>\n<p>Bio Aloe Vera Juice &#8211; hidrat\u00e1l\u00f3, \u00f6reged\u00e9sg\u00e1tl\u00f3 ami ellens\u00falyozz\u00e1k a l\u00e9gk\u00f6ri szennyez\u0151d\u00e9sek b\u0151rre gyakorolt \u200b\u200bk\u00e1ros hat\u00e1sait.<\/p>\n<p>F\u00fcgekaktuszolaj &#8211; t\u00e1pl\u00e1l\u00f3, b\u0151rpuh\u00edt\u00f3, antioxid\u00e1ns, regener\u00e1l\u00f3 \u00e9s hidrat\u00e1l\u00f3 tulajdons\u00e1gokkal rendelkezik.<\/p>\n<p>\u00c9des mandulaolaj &#8211; b\u0151rpuh\u00edt\u00f3, t\u00e1pl\u00e1l\u00f3, rugalmas\u00edt\u00f3<br \/>\nN\u00f6v\u00e9nyi glicerin &#8211; hidrat\u00e1l\u00f3<\/p>\n<p>Haszn\u00e1lat: Vigyen fel egy kis mennyis\u00e9g\u0171 term\u00e9ket az ujjhegyekre vagy a pamutp\u00e1rn\u00e1ra, \u00e9s massz\u00edrozza be a b\u0151rt kis k\u00f6rk\u00f6r\u00f6s mozdulatokkal, elker\u00fclve a szembe jut\u00e1st. \u00d6bl\u00edtse le meleg v\u00edzzel vagy nedves szivaccsal.<\/p>\n<p>K\u00e9miai-fizikai jellemz\u0151k: Nem tartalmaz sz\u00ednez\u00e9ket, sz\u00edne kiz\u00e1r\u00f3lag a term\u00e9szetes eredet\u0171 anyagok jelenl\u00e9t\u00e9t\u0151l f\u00fcgg. A term\u00e9szetes eredet\u0171 sz\u00edn ez\u00e9rt gy\u00e1rt\u00e1si t\u00e9telenk\u00e9nt v\u00e1ltozhat. A sz\u00edn n\u00e9mi elt\u00e9r\u00e9se nem jelenti a term\u00e9k v\u00e1ltoz\u00e1s\u00e1t.<\/p>\n<p>T\u00e1rol\u00e1si utas\u00edt\u00e1sok: A kinyitott term\u00e9k eltarthat\u00f3s\u00e1gi ideje a norm\u00e1l \u00e9s helyes felhaszn\u00e1l\u00e1si k\u00f6r\u00fclm\u00e9nyek k\u00f6z\u00f6tt fennmarad\u00f3 meg\u0151rz\u00e9sre utal.<img decoding=\"async\" style=\"display: none;\" src=\"http:\/\/www.journeyom.life\/wp-content\/uploads\/2024\/05\/JOM-LOGO-VERT-WB.jpg\" alt=\"Wax heater machine Lcd screen Black\" \/><img decoding=\"async\" style=\"display: none;\" src=\"http:\/\/www.journeyom.life\/wp-content\/uploads\/2024\/05\/JOM-LOGO-VERT-WB.jpg\" alt=\"Wax heater machine Lcd screen Black\" \/><img decoding=\"async\" style=\"display: none;\" src=\"http:\/\/www.journeyom.life\/wp-content\/uploads\/2024\/05\/JOM-LOGO-VERT-WB.jpg\" alt=\"Wax heater machine Lcd screen Black\" \/><img decoding=\"async\" style=\"display: none;\" src=\"http:\/\/www.journeyom.life\/wp-content\/uploads\/2024\/05\/JOM-LOGO-VERT-WB.jpg\" alt=\"Wax heater machine Lcd screen Black\" \/><\/p>\n","protected":false},"excerpt":{"rendered":"<p>Bio hidrat\u00e1l\u00f3 arctiszt\u00edt\u00f3 tej 250 ml Tiszt\u00edt\u00f3 tej term\u00e9szetes eredet\u0171 \u00f6sszetev\u0151kkel, amely seg\u00edt a b\u0151r k\u00edm\u00e9letes tiszt\u00edt\u00e1s\u00e1ban Bio organikus Goji bogy\u00f3 kivonattal \u00e9s antioxid\u00e1ns \u00e9s hidrat\u00e1l\u00f3 tulajdons\u00e1g\u00fa Aloe Vera l\u00e9vel. Szint\u00e9n f\u00fcgekaktuszolajat tartalmaz, amely megval\u00f3s\u00edtja a Goji bogy\u00f3kivonat antioxid\u00e1ns tulajdons\u00e1gait. Az \u00e9des mandulaolaj megfelel\u0151 l\u00e1gy\u00edt\u00e1st biztos\u00edt. BIO HIDRAT\u00c1L\u00d3 ARCTISZT\u00cdT\u00d3 TEJ 250 ml-es \u00fcveg Organikus Goji [&hellip;]<\/p>\n","protected":false},"featured_media":9541,"comment_status":"open","ping_status":"closed","template":"","meta":[],"product_brand":[],"product_cat":[418,420],"product_tag":[554],"class_list":{"0":"post-9540","1":"product","2":"type-product","3":"status-publish","4":"has-post-thumbnail","6":"product_cat-arcapolas","7":"product_cat-arctej-arctonik","8":"product_tag-bio-hidratalo-arctisztito-tej-250-ml","10":"first","11":"instock","12":"purchasable","13":"product-type-simple"},"_links":{"self":[{"href":"https:\/\/amicamiashop.com\/hu\/wp-json\/wp\/v2\/product\/9540","targetHints":{"allow":["GET"]}}],"collection":[{"href":"https:\/\/amicamiashop.com\/hu\/wp-json\/wp\/v2\/product"}],"about":[{"href":"https:\/\/amicamiashop.com\/hu\/wp-json\/wp\/v2\/types\/product"}],"replies":[{"embeddable":true,"href":"https:\/\/amicamiashop.com\/hu\/wp-json\/wp\/v2\/comments?post=9540"}],"version-history":[{"count":0,"href":"https:\/\/amicamiashop.com\/hu\/wp-json\/wp\/v2\/product\/9540\/revisions"}],"wp:featuredmedia":[{"embeddable":true,"href":"https:\/\/amicamiashop.com\/hu\/wp-json\/wp\/v2\/media\/9541"}],"wp:attachment":[{"href":"https:\/\/amicamiashop.com\/hu\/wp-json\/wp\/v2\/media?parent=9540"}],"wp:term":[{"taxonomy":"product_brand","embeddable":true,"href":"https:\/\/amicamiashop.com\/hu\/wp-json\/wp\/v2\/product_brand?post=9540"},{"taxonomy":"product_cat","embeddable":true,"href":"https:\/\/amicamiashop.com\/hu\/wp-json\/wp\/v2\/product_cat?post=9540"},{"taxonomy":"product_tag","embeddable":true,"href":"https:\/\/amicamiashop.com\/hu\/wp-json\/wp\/v2\/product_tag?post=9540"}],"curies":[{"name":"wp","href":"https:\/\/api.w.org\/{rel}","templated":true}]}}