{"id":9550,"date":"2024-02-27T17:32:28","date_gmt":"2024-02-27T17:32:28","guid":{"rendered":"https:\/\/amicamiashop.com\/?post_type=product&#038;p=9550"},"modified":"2026-03-06T12:34:18","modified_gmt":"2026-03-06T12:34:18","slug":"bio-arctonik-melytisztito-500-ml","status":"publish","type":"product","link":"https:\/\/amicamiashop.com\/hu\/termek\/bio-arctonik-melytisztito-500-ml\/","title":{"rendered":"Bio Arctonik m\u00e9lytiszt\u00edt\u00f3 500 ml"},"content":{"rendered":"<p><strong>Bio Arctonik m\u00e9lytiszt\u00edt\u00f3 500 ml<\/strong><\/p>\n<p>Szerves tiszt\u00edt\u00f3 arc tonik \u00f6sszetev\u0151kben gazdag, amely faggy\u00fa-normaliz\u00e1l\u00f3 \u00e9s tiszt\u00edt\u00f3 hat\u00e1sukr\u00f3l ismert. Jelzi az arc napi tiszt\u00edt\u00e1s\u00e1nak befejez\u00e9s\u00e9t, miut\u00e1n a tiszt\u00edt\u00f3 tejet felhaszn\u00e1lva elt\u00e1vol\u00edtotta a maradv\u00e1nyokat. Biotinnal, faggy\u00fakiegyens\u00falyoz\u00f3 tev\u00e9kenys\u00e9g\u00e9r\u0151l ismert vitaminnal, h\u00e1mlaszt\u00f3 mandulasavval \u00e9s szerves z\u00f6ld tea kivonattal, tiszt\u00edt\u00f3 hat\u00e1s\u00fa. Ez a kr\u00e9m k\u00fcl\u00f6n\u00f6sen alkalmas kombin\u00e1lt \u00e9s szennyezett b\u0151r kezel\u00e9s\u00e9re. A term\u00e9ket l\u00e1gy\u00edt\u00f3 hat\u00e1s\u00fa \u00f6sszetev\u0151k, az E-vitamin, a n\u00f6v\u00e9nyi glicerin \u00e9s az allantoin eg\u00e9sz\u00edtik ki a friss \u00e9s sima b\u0151r sz\u00e1m\u00e1ra.<\/p>\n<p>organikus tan\u00fas\u00edt\u00e1s aiab Antimikrobi\u00e1lis csomagol\u00e1s<\/p>\n<p>BIO TISZT\u00cdT\u00d3 ARCTONIK 500 ml<\/p>\n<p>H-vitamin vagy Biotin &#8211; faggy\u00fakiegyens\u00falyoz\u00f3<\/p>\n<p>Mandelsav &#8211; h\u00e1mlaszt\u00f3, antioxid\u00e1ns<\/p>\n<p>Organikus z\u00f6ld tea kivonat &#8211; lipolitikus, antioxid\u00e1ns, \u00fcr\u00edt\u0151, b\u0151rtiszt\u00edt\u00f3, \u00f6sszeh\u00faz\u00f3<\/p>\n<p>E-vitamin &#8211; antioxid\u00e1ns, \u00f6reged\u00e9sg\u00e1tl\u00f3, regener\u00e1l\u00f3<\/p>\n<p>Allantoin &#8211; hidrat\u00e1l\u00f3, v\u00e9d\u0151, nyugtat\u00f3, helyre\u00e1ll\u00edt\u00f3<\/p>\n<p>Egy\u00e9b inform\u00e1ci\u00f3k:<\/p>\n<p>Haszn\u00e1lat: Miut\u00e1n megtiszt\u00edtotta az arcot a\u00a0 tejjel, vigye fel a fest\u00e9ket egy pamutp\u00e1rn\u00e1val, \u00f3vatosan koppintson \u00e9s k\u00f6nny\u0171 mozdulatokkal massz\u00edrozza. Hagyja megsz\u00e1radni. Ker\u00fclje a szembe \u00e9s a periokul\u00e1ris ter\u00fcletre jut\u00e1st.<\/p>\n<p>K\u00e9miai-fizikai jellemz\u0151k: Nem tartalmaz sz\u00ednez\u00e9ket, sz\u00edne kiz\u00e1r\u00f3lag a term\u00e9szetes eredet\u0171 anyagok jelenl\u00e9t\u00e9t\u0151l f\u00fcgg. A term\u00e9szetes eredet\u0171 sz\u00edn ez\u00e9rt gy\u00e1rt\u00e1si t\u00e9telenk\u00e9nt v\u00e1ltozhat. N\u00e9mi sz\u00ednv\u00e1ltoz\u00e1s nem jelenti a term\u00e9k v\u00e1ltoz\u00e1s\u00e1t.<\/p>\n<p>T\u00e1rol\u00e1si utas\u00edt\u00e1sok: A kinyitott term\u00e9k eltarthat\u00f3s\u00e1gi ideje a norm\u00e1l \u00e9s helyes felhaszn\u00e1l\u00e1si k\u00f6r\u00fclm\u00e9nyek k\u00f6z\u00f6tt fennmarad.<img decoding=\"async\" style=\"display: none;\" src=\"http:\/\/www.journeyom.life\/wp-content\/uploads\/2024\/05\/JOM-LOGO-VERT-WB.jpg\" alt=\"Wax heater machine Lcd screen Black\" \/><img decoding=\"async\" style=\"display: none;\" src=\"http:\/\/www.journeyom.life\/wp-content\/uploads\/2024\/05\/JOM-LOGO-VERT-WB.jpg\" alt=\"Wax heater machine Lcd screen Black\" \/><img decoding=\"async\" style=\"display: none;\" src=\"http:\/\/www.journeyom.life\/wp-content\/uploads\/2024\/05\/JOM-LOGO-VERT-WB.jpg\" alt=\"Wax heater machine Lcd screen Black\" \/><img decoding=\"async\" style=\"display: none;\" src=\"http:\/\/www.journeyom.life\/wp-content\/uploads\/2024\/05\/JOM-LOGO-VERT-WB.jpg\" alt=\"Wax heater machine Lcd screen Black\" \/><\/p>\n","protected":false},"excerpt":{"rendered":"<p>Bio Arctonik m\u00e9lytiszt\u00edt\u00f3 500 ml Szerves tiszt\u00edt\u00f3 arc tonik \u00f6sszetev\u0151kben gazdag, amely faggy\u00fa-normaliz\u00e1l\u00f3 \u00e9s tiszt\u00edt\u00f3 hat\u00e1sukr\u00f3l ismert. Jelzi az arc napi tiszt\u00edt\u00e1s\u00e1nak befejez\u00e9s\u00e9t, miut\u00e1n a tiszt\u00edt\u00f3 tejet felhaszn\u00e1lva elt\u00e1vol\u00edtotta a maradv\u00e1nyokat. Biotinnal, faggy\u00fakiegyens\u00falyoz\u00f3 tev\u00e9kenys\u00e9g\u00e9r\u0151l ismert vitaminnal, h\u00e1mlaszt\u00f3 mandulasavval \u00e9s szerves z\u00f6ld tea kivonattal, tiszt\u00edt\u00f3 hat\u00e1s\u00fa. Ez a kr\u00e9m k\u00fcl\u00f6n\u00f6sen alkalmas kombin\u00e1lt \u00e9s szennyezett b\u0151r kezel\u00e9s\u00e9re. [&hellip;]<\/p>\n","protected":false},"featured_media":9551,"comment_status":"open","ping_status":"closed","template":"","meta":[],"product_brand":[],"product_cat":[418,420],"product_tag":[552],"class_list":{"0":"post-9550","1":"product","2":"type-product","3":"status-publish","4":"has-post-thumbnail","6":"product_cat-arcapolas","7":"product_cat-arctej-arctonik","8":"product_tag-bio-arctonik-melytisztito-500-ml","10":"first","11":"instock","12":"purchasable","13":"product-type-simple"},"_links":{"self":[{"href":"https:\/\/amicamiashop.com\/hu\/wp-json\/wp\/v2\/product\/9550","targetHints":{"allow":["GET"]}}],"collection":[{"href":"https:\/\/amicamiashop.com\/hu\/wp-json\/wp\/v2\/product"}],"about":[{"href":"https:\/\/amicamiashop.com\/hu\/wp-json\/wp\/v2\/types\/product"}],"replies":[{"embeddable":true,"href":"https:\/\/amicamiashop.com\/hu\/wp-json\/wp\/v2\/comments?post=9550"}],"version-history":[{"count":0,"href":"https:\/\/amicamiashop.com\/hu\/wp-json\/wp\/v2\/product\/9550\/revisions"}],"wp:featuredmedia":[{"embeddable":true,"href":"https:\/\/amicamiashop.com\/hu\/wp-json\/wp\/v2\/media\/9551"}],"wp:attachment":[{"href":"https:\/\/amicamiashop.com\/hu\/wp-json\/wp\/v2\/media?parent=9550"}],"wp:term":[{"taxonomy":"product_brand","embeddable":true,"href":"https:\/\/amicamiashop.com\/hu\/wp-json\/wp\/v2\/product_brand?post=9550"},{"taxonomy":"product_cat","embeddable":true,"href":"https:\/\/amicamiashop.com\/hu\/wp-json\/wp\/v2\/product_cat?post=9550"},{"taxonomy":"product_tag","embeddable":true,"href":"https:\/\/amicamiashop.com\/hu\/wp-json\/wp\/v2\/product_tag?post=9550"}],"curies":[{"name":"wp","href":"https:\/\/api.w.org\/{rel}","templated":true}]}}