{"id":9560,"date":"2024-02-27T17:38:03","date_gmt":"2024-02-27T17:38:03","guid":{"rendered":"https:\/\/amicamiashop.com\/?post_type=product&#038;p=9560"},"modified":"2026-03-06T13:15:23","modified_gmt":"2026-03-06T13:15:23","slug":"bio-arclemoso-tej-hidratalo-500-ml","status":"publish","type":"product","link":"https:\/\/amicamiashop.com\/hu\/termek\/bio-arclemoso-tej-hidratalo-500-ml\/","title":{"rendered":"Bio Arclemos\u00f3 tej hidrat\u00e1l\u00f3 500 ml"},"content":{"rendered":"<p><strong>BIO ARCLEMOS\u00d3 TEJ HIDRAT\u00c1L\u00d3\u00a0 500 ml<\/strong><\/p>\n<p>Organikusan tiszt\u00edt\u00f3 arctiszt\u00edt\u00f3 tej term\u00e9szetes eredet\u0171 \u00f6sszetev\u0151kkel, amelyek seg\u00edtenek a b\u0151r k\u00edm\u00e9letes tiszt\u00edt\u00e1s\u00e1ban an\u00e9lk\u00fcl, hogy megt\u00e1madn\u00e1k. Kombin\u00e1lt \u00e9s szennyezett b\u0151rre tervezett term\u00e9k az ismert tiszt\u00edt\u00f3 \u00e9s faggy\u00fa-normaliz\u00e1l\u00f3 tulajdons\u00e1gokkal rendelkez\u0151 \u00f6sszetev\u0151k jelenl\u00e9t\u00e9nek k\u00f6sz\u00f6nhet\u0151en, p\u00e9ld\u00e1ul bojtorj\u00e1n kivonat \u00e9s organikus z\u00f6ld tea kivonat. Az A, E, F, H vitaminok kever\u00e9ke fokozza a b\u0151r regener\u00e1l\u00f3d\u00e1s\u00e1t \u00e9s ellen\u00e1ll\u00f3 k\u00e9pess\u00e9g\u00e9t. Az \u00e9des mandulaolaj \u00e9s a glicerin megfelel\u0151 l\u00e1gy\u00edt\u00f3 hat\u00e1s\u00fa kozmetikai kezel\u00e9st biztos\u00edt, amely el\u0151seg\u00edti a faggy\u00fa normaliz\u00e1l\u00f3, tiszt\u00edt\u00f3, \u00f6sszeh\u00faz\u00f3 \u00e9s toniz\u00e1l\u00f3 hat\u00e1s\u00e1t.<\/p>\n<p>Teljes kompoz\u00edci\u00f3:<\/p>\n<p>H-vitamin vagy biotin &#8211; faggy\u00fakiegyens\u00falyoz\u00f3<\/p>\n<p>F-vitamin &#8211; eudermikus, regener\u00e1l\u00f3<\/p>\n<p>A-vitamin &#8211; antioxid\u00e1ns, toniz\u00e1l\u00f3, \u00f6reged\u00e9sg\u00e1tl\u00f3<\/p>\n<p>E-vitamin &#8211; antioxid\u00e1ns, \u00f6reged\u00e9sg\u00e1tl\u00f3, regener\u00e1l\u00f3<\/p>\n<p>Bojtorj\u00e1n kivonat &#8211; normaliz\u00e1l\u00f3, tiszt\u00edt\u00f3 faggy\u00fa<\/p>\n<p>Organikus z\u00f6ld tea kivonat &#8211; lipolitikus, antioxid\u00e1ns, lecsapol\u00f3, b\u0151rtiszt\u00edt\u00f3, \u00f6sszeh\u00faz\u00f3<\/p>\n<p>\u00c9des mandulaolaj &#8211; b\u0151rpuh\u00edt\u00f3, t\u00e1pl\u00e1l\u00f3, rugalmas\u00edt\u00f3<\/p>\n<p>A-, E-, F-, H-vitamin, bojtorj\u00e1n kivonat, organikus z\u00f6ld tea kivonat<img decoding=\"async\" style=\"display: none;\" src=\"http:\/\/www.journeyom.life\/wp-content\/uploads\/2024\/05\/JOM-LOGO-VERT-WB.jpg\" alt=\"Wax heater machine Lcd screen Black\" \/><img decoding=\"async\" style=\"display: none;\" src=\"http:\/\/www.journeyom.life\/wp-content\/uploads\/2024\/05\/JOM-LOGO-VERT-WB.jpg\" alt=\"Wax heater machine Lcd screen Black\" \/><img decoding=\"async\" style=\"display: none;\" src=\"http:\/\/www.journeyom.life\/wp-content\/uploads\/2024\/05\/JOM-LOGO-VERT-WB.jpg\" alt=\"Wax heater machine Lcd screen Black\" \/><img decoding=\"async\" style=\"display: none;\" src=\"http:\/\/www.journeyom.life\/wp-content\/uploads\/2024\/05\/JOM-LOGO-VERT-WB.jpg\" alt=\"Wax heater machine Lcd screen Black\" \/><\/p>\n","protected":false},"excerpt":{"rendered":"<p>BIO ARCLEMOS\u00d3 TEJ HIDRAT\u00c1L\u00d3\u00a0 500 ml Organikusan tiszt\u00edt\u00f3 arctiszt\u00edt\u00f3 tej term\u00e9szetes eredet\u0171 \u00f6sszetev\u0151kkel, amelyek seg\u00edtenek a b\u0151r k\u00edm\u00e9letes tiszt\u00edt\u00e1s\u00e1ban an\u00e9lk\u00fcl, hogy megt\u00e1madn\u00e1k. Kombin\u00e1lt \u00e9s szennyezett b\u0151rre tervezett term\u00e9k az ismert tiszt\u00edt\u00f3 \u00e9s faggy\u00fa-normaliz\u00e1l\u00f3 tulajdons\u00e1gokkal rendelkez\u0151 \u00f6sszetev\u0151k jelenl\u00e9t\u00e9nek k\u00f6sz\u00f6nhet\u0151en, p\u00e9ld\u00e1ul bojtorj\u00e1n kivonat \u00e9s organikus z\u00f6ld tea kivonat. Az A, E, F, H vitaminok kever\u00e9ke fokozza a [&hellip;]<\/p>\n","protected":false},"featured_media":9561,"comment_status":"open","ping_status":"closed","template":"","meta":[],"product_brand":[],"product_cat":[418,420],"product_tag":[550],"class_list":{"0":"post-9560","1":"product","2":"type-product","3":"status-publish","4":"has-post-thumbnail","6":"product_cat-arcapolas","7":"product_cat-arctej-arctonik","8":"product_tag-bio-arclemoso-tej-hidratalo-500-ml","10":"first","11":"instock","12":"purchasable","13":"product-type-simple"},"_links":{"self":[{"href":"https:\/\/amicamiashop.com\/hu\/wp-json\/wp\/v2\/product\/9560","targetHints":{"allow":["GET"]}}],"collection":[{"href":"https:\/\/amicamiashop.com\/hu\/wp-json\/wp\/v2\/product"}],"about":[{"href":"https:\/\/amicamiashop.com\/hu\/wp-json\/wp\/v2\/types\/product"}],"replies":[{"embeddable":true,"href":"https:\/\/amicamiashop.com\/hu\/wp-json\/wp\/v2\/comments?post=9560"}],"version-history":[{"count":0,"href":"https:\/\/amicamiashop.com\/hu\/wp-json\/wp\/v2\/product\/9560\/revisions"}],"wp:featuredmedia":[{"embeddable":true,"href":"https:\/\/amicamiashop.com\/hu\/wp-json\/wp\/v2\/media\/9561"}],"wp:attachment":[{"href":"https:\/\/amicamiashop.com\/hu\/wp-json\/wp\/v2\/media?parent=9560"}],"wp:term":[{"taxonomy":"product_brand","embeddable":true,"href":"https:\/\/amicamiashop.com\/hu\/wp-json\/wp\/v2\/product_brand?post=9560"},{"taxonomy":"product_cat","embeddable":true,"href":"https:\/\/amicamiashop.com\/hu\/wp-json\/wp\/v2\/product_cat?post=9560"},{"taxonomy":"product_tag","embeddable":true,"href":"https:\/\/amicamiashop.com\/hu\/wp-json\/wp\/v2\/product_tag?post=9560"}],"curies":[{"name":"wp","href":"https:\/\/api.w.org\/{rel}","templated":true}]}}