{"id":9565,"date":"2024-02-27T17:40:48","date_gmt":"2024-02-27T17:40:48","guid":{"rendered":"https:\/\/amicamiashop.com\/?post_type=product&#038;p=9565"},"modified":"2026-03-06T13:14:10","modified_gmt":"2026-03-06T13:14:10","slug":"bio-arcmaszk-nyugtato-250-ml","status":"publish","type":"product","link":"https:\/\/amicamiashop.com\/hu\/termek\/bio-arcmaszk-nyugtato-250-ml\/","title":{"rendered":"Bio Arcmaszk Nyugtat\u00f3 250 ml"},"content":{"rendered":"<p><strong>Bio Arcmaszk Nyugtat\u00f3 250 ml<\/strong><\/p>\n<p>Biologiai termeszt\u00e9sb\u0151l sz\u00e1rmaz\u00f3 <strong>Aloe Vera \u00e9s Kamilla kivonattal<\/strong><\/p>\n<p>Hidrat\u00e1l\u00f3*, Nyugtat\u00f3*, T\u00e1pl\u00e1l\u00f3<br \/>\nTartalom<br \/>\n250 ml<br \/>\nInci\/Hozz\u00e1val\u00f3k:<br \/>\nAqua, Prunus Amygdalus Dulcis olaj, cetearil-alkohol, etilhexil-sztear\u00e1t, prop\u00e1ndiol, kapril\/kapril triglicerid, sztearinsav, tit\u00e1n-dioxid, cetearil-gl\u00fckozid, aloe barbadensis lev\u00e9ll\u00e9(*), kaolinita, Flowermilla alkohol, extractut* Bisabolol, tokoferol, aszkorbil-palmit\u00e1t, xant\u00e1ngumi, glicerin, parf\u00fcm, etil-hexilglicerin, tokoferil-acet\u00e1t, tetran\u00e1trium-glutam\u00e1t-diacet\u00e1t, lecitin, limon\u00e9n, hexil-fah\u00e9j, kumarin, linalool, citromsav.<\/p>\n<p>Tan\u00fas\u00edtv\u00e1nyok<br \/>\nAIAB organikus tan\u00fas\u00edtv\u00e1ny<img decoding=\"async\" style=\"display: none;\" src=\"http:\/\/www.journeyom.life\/wp-content\/uploads\/2024\/05\/JOM-LOGO-VERT-WB.jpg\" alt=\"Wax heater machine Lcd screen Black\" \/><img decoding=\"async\" style=\"display: none;\" src=\"http:\/\/www.journeyom.life\/wp-content\/uploads\/2024\/05\/JOM-LOGO-VERT-WB.jpg\" alt=\"Wax heater machine Lcd screen Black\" \/><img decoding=\"async\" style=\"display: none;\" src=\"http:\/\/www.journeyom.life\/wp-content\/uploads\/2024\/05\/JOM-LOGO-VERT-WB.jpg\" alt=\"Wax heater machine Lcd screen Black\" \/><img decoding=\"async\" style=\"display: none;\" src=\"http:\/\/www.journeyom.life\/wp-content\/uploads\/2024\/05\/JOM-LOGO-VERT-WB.jpg\" alt=\"Wax heater machine Lcd screen Black\" \/><\/p>\n","protected":false},"excerpt":{"rendered":"<p>Bio Arcmaszk Nyugtat\u00f3 250 ml Biologiai termeszt\u00e9sb\u0151l sz\u00e1rmaz\u00f3 Aloe Vera \u00e9s Kamilla kivonattal Hidrat\u00e1l\u00f3*, Nyugtat\u00f3*, T\u00e1pl\u00e1l\u00f3 Tartalom 250 ml Inci\/Hozz\u00e1val\u00f3k: Aqua, Prunus Amygdalus Dulcis olaj, cetearil-alkohol, etilhexil-sztear\u00e1t, prop\u00e1ndiol, kapril\/kapril triglicerid, sztearinsav, tit\u00e1n-dioxid, cetearil-gl\u00fckozid, aloe barbadensis lev\u00e9ll\u00e9(*), kaolinita, Flowermilla alkohol, extractut* Bisabolol, tokoferol, aszkorbil-palmit\u00e1t, xant\u00e1ngumi, glicerin, parf\u00fcm, etil-hexilglicerin, tokoferil-acet\u00e1t, tetran\u00e1trium-glutam\u00e1t-diacet\u00e1t, lecitin, limon\u00e9n, hexil-fah\u00e9j, kumarin, linalool, citromsav. [&hellip;]<\/p>\n","protected":false},"featured_media":13931,"comment_status":"open","ping_status":"closed","template":"","meta":[],"product_brand":[],"product_cat":[421],"product_tag":[549],"class_list":{"0":"post-9565","1":"product","2":"type-product","3":"status-publish","4":"has-post-thumbnail","6":"product_cat-maszkok-pakolasok","7":"product_tag-bio-arcmaszk-nyugtato-250","9":"first","10":"instock","11":"purchasable","12":"product-type-simple"},"_links":{"self":[{"href":"https:\/\/amicamiashop.com\/hu\/wp-json\/wp\/v2\/product\/9565","targetHints":{"allow":["GET"]}}],"collection":[{"href":"https:\/\/amicamiashop.com\/hu\/wp-json\/wp\/v2\/product"}],"about":[{"href":"https:\/\/amicamiashop.com\/hu\/wp-json\/wp\/v2\/types\/product"}],"replies":[{"embeddable":true,"href":"https:\/\/amicamiashop.com\/hu\/wp-json\/wp\/v2\/comments?post=9565"}],"version-history":[{"count":0,"href":"https:\/\/amicamiashop.com\/hu\/wp-json\/wp\/v2\/product\/9565\/revisions"}],"wp:featuredmedia":[{"embeddable":true,"href":"https:\/\/amicamiashop.com\/hu\/wp-json\/wp\/v2\/media\/13931"}],"wp:attachment":[{"href":"https:\/\/amicamiashop.com\/hu\/wp-json\/wp\/v2\/media?parent=9565"}],"wp:term":[{"taxonomy":"product_brand","embeddable":true,"href":"https:\/\/amicamiashop.com\/hu\/wp-json\/wp\/v2\/product_brand?post=9565"},{"taxonomy":"product_cat","embeddable":true,"href":"https:\/\/amicamiashop.com\/hu\/wp-json\/wp\/v2\/product_cat?post=9565"},{"taxonomy":"product_tag","embeddable":true,"href":"https:\/\/amicamiashop.com\/hu\/wp-json\/wp\/v2\/product_tag?post=9565"}],"curies":[{"name":"wp","href":"https:\/\/api.w.org\/{rel}","templated":true}]}}