{"id":9570,"date":"2024-02-27T17:43:34","date_gmt":"2024-02-27T17:43:34","guid":{"rendered":"https:\/\/amicamiashop.com\/?post_type=product&#038;p=9570"},"modified":"2026-03-06T12:08:00","modified_gmt":"2026-03-06T12:08:00","slug":"bio-arcradir-gel-250-ml","status":"publish","type":"product","link":"https:\/\/amicamiashop.com\/hu\/termek\/bio-arcradir-gel-250-ml\/","title":{"rendered":"Bio Arcrad\u00edr g\u00e9l \u00e1sv\u00e1nyi granul\u00e1tumokkal 250 ml"},"content":{"rendered":"<p><strong><span style=\"font-size: 14pt;\">Bio Arcrad\u00edr g\u00e9l \u00e1sv\u00e1nyi granul\u00e1tumokkal 250 ml<\/span><\/strong><\/p>\n<p>Arcrad\u00edr Bio \u00e1sv\u00e1nyi granul\u00e1tummal.Tiszt\u00edt\u00f3rad\u00edr g\u00e9l ide\u00e1lis az arc b\u0151r\u00e9nek tiszt\u00edt\u00e1s\u00e1ra \u00e9s h\u00e1mlaszt\u00e1s\u00e1ra, ragyog\u00f3 megjelen\u00e9st k\u00f6lcs\u00f6n\u00f6z. Az \u00e1sv\u00e1nyi granul\u00e1tumok finom mechanikai h\u00e1ml\u00e1st tesznek lehet\u0151v\u00e9, amely nem k\u00e1ros\u00edtja a b\u0151rt; h\u00e1mlaszt\u00f3 hat\u00e1s\u00e1t a b\u0151r felsz\u00edni r\u00e9teg\u00e9ben jelenl\u00e9v\u0151 elhalt sejtek elt\u00e1vol\u00edt\u00e1s\u00e1ra haszn\u00e1lj\u00e1k. Tartalmaz tov\u00e1bb\u00e1: antioxid\u00e1ns hat\u00e1s\u00fa ginzeng-kivonatot;<strong> Organikus<\/strong> uborka kivonat friss\u00edt\u0151 hat\u00e1ssal \u00e9s kamilla kivonat nyugtat\u00f3 hat\u00e1ssal.<\/p>\n<p>F\u0151 hat\u00f3anyagok:<\/p>\n<p>\u00c1sv\u00e1nyi szemcs\u00e9k &#8211; h\u00e1mlaszt\u00f3 hat\u00e1s<br \/>\nAz \u00e1sv\u00e1nyi granul\u00e1tumok finom mechanikai h\u00e1ml\u00e1st tesznek lehet\u0151v\u00e9, amely nem k\u00e1ros\u00edtja a b\u0151rt, h\u00e1mlaszt\u00f3 hat\u00e1s\u00e1val elt\u00e1vol\u00edtj\u00e1k a b\u0151r felsz\u00edni r\u00e9teg\u00e9ben tal\u00e1lhat\u00f3 elhalt sejteket.<\/p>\n<p><strong>Organikus uborka kivonat<\/strong> &#8211; hidrat\u00e1l\u00f3, tiszt\u00edt\u00f3, friss\u00edt\u0151 hat\u00e1s<br \/>\nTiszt\u00edt\u00f3, friss\u00edt\u0151 hat\u00e1s\u00fa, ez\u00e9rt hasznos a zs\u00edros b\u0151r \u00e9s a pattan\u00e1sok kozmetikai kezel\u00e9s\u00e9ben, \u00e9s napoz\u00e1s ut\u00e1n nyugtat\u00f3k\u00e9nt haszn\u00e1lhat\u00f3. Hasznos szem alatti t\u00e1sk\u00e1k \u00e9s k\u00f6t\u0151h\u00e1rtya-gyullad\u00e1s eset\u00e9n is.<\/p>\n<p><strong>Ginseng kivonat &#8211; hidrat\u00e1l\u00f3, antioxid\u00e1ns hat\u00e1s<\/strong><br \/>\nToniz\u00e1l\u00f3 \u00e9s revitaliz\u00e1l\u00f3 tulajdons\u00e1gokkal rendelkezik, j\u00f3l \u00e1polt hat\u00e1s\u00fa b\u0151r \u00e9rzet\u00e9t kelti \u00e9s elt\u00fcnteti a stressz okozta hat\u00e1sokat.<\/p>\n<p><strong>Kamilla kivonat<\/strong> &#8211; nyugtat\u00f3 hat\u00e1s<br \/>\nA kamilla\u00a0kivonat stimul\u00e1lja a b\u0151rt \u00e9s el\u0151seg\u00edti a kollag\u00e9n termel\u00e9st, az elasztikus rostok \u00e9s a hialuronsav szint\u00e9zis\u00e9t, ez\u00e1ltal el\u0151seg\u00edtve b\u0151r helyre\u00e1ll\u00edt\u00e1s\u00e1t.<\/p>\n<p>Hogyan kell haszn\u00e1lni:<\/p>\n<p>Vigye fel a term\u00e9ket nedves b\u0151rre, k\u00f6nny\u0171 k\u00f6rk\u00f6r\u00f6s mozdulatokkal, ragaszkodva az arc T ter\u00fclet\u00e9hez (homlok, orr \u00e9s \u00e1ll). Gyeng\u00e9den massz\u00edrozzon n\u00e9h\u00e1ny percig, majd t\u00e1vol\u00edtsa el a term\u00e9ket az arc b\u0151 meleg v\u00edzzel t\u00f6rt\u00e9n\u0151 \u00f6bl\u00edt\u00e9s\u00e9vel.<\/p>\n<p>K\u00e9miai-fizikai jellemz\u0151k: Nem tartalmaz sz\u00ednez\u00e9ket, sz\u00edne kiz\u00e1r\u00f3lag a term\u00e9szetes eredet\u0171 anyagok jelenl\u00e9t\u00e9t\u0151l f\u00fcgg. A term\u00e9szetes eredet\u0171 sz\u00edn ez\u00e9rt gy\u00e1rt\u00e1si t\u00e9telenk\u00e9nt v\u00e1ltozhat. A sz\u00edn n\u00e9mi elt\u00e9r\u00e9se nem jelenti a term\u00e9k v\u00e1ltoz\u00e1s\u00e1t.<\/p>\n<p>T\u00e1rol\u00e1si utas\u00edt\u00e1sok: A kinyitott term\u00e9k eltarthat\u00f3s\u00e1gi ideje a norm\u00e1l \u00e9s helyes haszn\u00e1lati k\u00f6r\u00fclm\u00e9nyek k\u00f6z\u00f6tt t\u00f6rt\u00e9n\u0151 meg\u0151rz\u00e9s\u00e9re utal.<img decoding=\"async\" style=\"display: none;\" src=\"http:\/\/www.journeyom.life\/wp-content\/uploads\/2024\/05\/JOM-LOGO-VERT-WB.jpg\" alt=\"Wax heater machine Lcd screen Black\" \/><img decoding=\"async\" style=\"display: none;\" src=\"http:\/\/www.journeyom.life\/wp-content\/uploads\/2024\/05\/JOM-LOGO-VERT-WB.jpg\" alt=\"Wax heater machine Lcd screen Black\" \/><img decoding=\"async\" style=\"display: none;\" src=\"http:\/\/www.journeyom.life\/wp-content\/uploads\/2024\/05\/JOM-LOGO-VERT-WB.jpg\" alt=\"Wax heater machine Lcd screen Black\" \/><img decoding=\"async\" style=\"display: none;\" src=\"http:\/\/www.journeyom.life\/wp-content\/uploads\/2024\/05\/JOM-LOGO-VERT-WB.jpg\" alt=\"Wax heater machine Lcd screen Black\" \/><\/p>\n","protected":false},"excerpt":{"rendered":"<p>Bio Arcrad\u00edr g\u00e9l \u00e1sv\u00e1nyi granul\u00e1tumokkal 250 ml Arcrad\u00edr Bio \u00e1sv\u00e1nyi granul\u00e1tummal.Tiszt\u00edt\u00f3rad\u00edr g\u00e9l ide\u00e1lis az arc b\u0151r\u00e9nek tiszt\u00edt\u00e1s\u00e1ra \u00e9s h\u00e1mlaszt\u00e1s\u00e1ra, ragyog\u00f3 megjelen\u00e9st k\u00f6lcs\u00f6n\u00f6z. Az \u00e1sv\u00e1nyi granul\u00e1tumok finom mechanikai h\u00e1ml\u00e1st tesznek lehet\u0151v\u00e9, amely nem k\u00e1ros\u00edtja a b\u0151rt; h\u00e1mlaszt\u00f3 hat\u00e1s\u00e1t a b\u0151r felsz\u00edni r\u00e9teg\u00e9ben jelenl\u00e9v\u0151 elhalt sejtek elt\u00e1vol\u00edt\u00e1s\u00e1ra haszn\u00e1lj\u00e1k. Tartalmaz tov\u00e1bb\u00e1: antioxid\u00e1ns hat\u00e1s\u00fa ginzeng-kivonatot; Organikus uborka kivonat friss\u00edt\u0151 [&hellip;]<\/p>\n","protected":false},"featured_media":9571,"comment_status":"open","ping_status":"closed","template":"","meta":[],"product_brand":[],"product_cat":[418,420],"product_tag":[548],"class_list":{"0":"post-9570","1":"product","2":"type-product","3":"status-publish","4":"has-post-thumbnail","6":"product_cat-arcapolas","7":"product_cat-arctej-arctonik","8":"product_tag-bio-arcradir-gel","10":"first","11":"instock","12":"purchasable","13":"product-type-simple"},"_links":{"self":[{"href":"https:\/\/amicamiashop.com\/hu\/wp-json\/wp\/v2\/product\/9570","targetHints":{"allow":["GET"]}}],"collection":[{"href":"https:\/\/amicamiashop.com\/hu\/wp-json\/wp\/v2\/product"}],"about":[{"href":"https:\/\/amicamiashop.com\/hu\/wp-json\/wp\/v2\/types\/product"}],"replies":[{"embeddable":true,"href":"https:\/\/amicamiashop.com\/hu\/wp-json\/wp\/v2\/comments?post=9570"}],"version-history":[{"count":0,"href":"https:\/\/amicamiashop.com\/hu\/wp-json\/wp\/v2\/product\/9570\/revisions"}],"wp:featuredmedia":[{"embeddable":true,"href":"https:\/\/amicamiashop.com\/hu\/wp-json\/wp\/v2\/media\/9571"}],"wp:attachment":[{"href":"https:\/\/amicamiashop.com\/hu\/wp-json\/wp\/v2\/media?parent=9570"}],"wp:term":[{"taxonomy":"product_brand","embeddable":true,"href":"https:\/\/amicamiashop.com\/hu\/wp-json\/wp\/v2\/product_brand?post=9570"},{"taxonomy":"product_cat","embeddable":true,"href":"https:\/\/amicamiashop.com\/hu\/wp-json\/wp\/v2\/product_cat?post=9570"},{"taxonomy":"product_tag","embeddable":true,"href":"https:\/\/amicamiashop.com\/hu\/wp-json\/wp\/v2\/product_tag?post=9570"}],"curies":[{"name":"wp","href":"https:\/\/api.w.org\/{rel}","templated":true}]}}