{"id":9575,"date":"2024-02-27T17:47:36","date_gmt":"2024-02-27T17:47:36","guid":{"rendered":"https:\/\/amicamiashop.com\/?post_type=product&#038;p=9575"},"modified":"2026-03-06T12:05:02","modified_gmt":"2026-03-06T12:05:02","slug":"bio-arcmaszk-rancfeltolto-lifting","status":"publish","type":"product","link":"https:\/\/amicamiashop.com\/hu\/termek\/bio-arcmaszk-rancfeltolto-lifting\/","title":{"rendered":"BIO Arcmaszk r\u00e1ncfelt\u00f6lt\u0151 Lifting 250 ml"},"content":{"rendered":"<p><strong>BIO Arcmaszk r\u00e1ncfelt\u00f6lt\u0151 Lifting 250 ml<\/strong><\/p>\n<p>A bio lift hat\u00e1s\u00fa arcmaszk ide\u00e1lis kozmetikai kezel\u00e9s, amely seg\u00edt ellens\u00falyozni a b\u0151r \u00f6reged\u00e9s\u00e9t. Innovat\u00edv formula n\u00f6v\u00e9nyi \u00f6sszetev\u0151kkel d\u00fas\u00edtva, emel\u0151 \u00e9s d\u00fas\u00edt\u00f3 hat\u00e1ssal, mint p\u00e9ld\u00e1ul a Kigelia Africana \u00e9s a Quillaja kivonat, a b\u0151r term\u00e9szetes \u00e9rz\u00e9kel\u0151i. Term\u00e9szetes arg\u00e1nolaj, amely puhas\u00e1got, simas\u00e1got \u00e9s selymess\u00e9get k\u00f6lcs\u00f6n\u00f6z a b\u0151rnek.\u00a0 \u00c9des mandulaolaj, amely t\u00e1pl\u00e1lja \u00e9s megfelel\u0151 b\u0151rpuhas\u00e1got ny\u00fajt, Bio Aloe Vera gy\u00fcm\u00f6lcsl\u00e9 hidrat\u00e1l\u00f3, nyugtat\u00f3 \u00e9s \u00f6reged\u00e9sg\u00e1tl\u00f3 hat\u00e1ssal, Koml\u00f3 kivonat antioxid\u00e1ns er\u0151vel \u00e9s Menta ill\u00f3olaj a frissess\u00e9get k\u00f6lcs\u00f6n\u00f6z a b\u0151rnek. Ez a kezel\u00e9s ide\u00e1lis az \u00e9rett b\u0151r sz\u00e1m\u00e1ra.<\/p>\n<p>Bio Arcmaszk R\u00e1ncfelt\u00f6lt\u0151 Lifting hat\u00e1ssal<\/p>\n<p>Kigelia Africana kivonat, Quillaja kivonat, Organikus arg\u00e1nolaj<\/p>\n<p>F\u0151 hat\u00f3anyagok:<\/p>\n<p>Kigelia Africana kivonat (dermotenzor) &#8211; feszes\u00edt\u0151<\/p>\n<p>Quillaja kivonat &#8211;\u00a0 hidrat\u00e1l\u00f3<\/p>\n<p>Organikus arg\u00e1nolaj &#8211; hidrat\u00e1l\u00f3, oxig\u00e9nell\u00e1t\u00f3, t\u00e1pl\u00e1l\u00f3<\/p>\n<p>Tokoferolokban, flavonoidokban, karotinoidokban \u00e9s xantofilokban, szterolokban \u00e9s triterp\u00e9nekben gazdag. Gyorsan felsz\u00edv\u00f3d\u00f3 olaj, puhas\u00e1got, simas\u00e1got \u00e9s selymess\u00e9get k\u00f6lcs\u00f6n\u00f6z a b\u0151rnek.<\/p>\n<p>\u00c9des mandulaolaj &#8211; t\u00e1pl\u00e1l\u00f3, b\u0151rpuh\u00edt\u00f3, rugalmas\u00edt\u00f3<\/p>\n<p>Bio Aloe Vera Juice &#8211; hidrat\u00e1l\u00f3, \u00f6reged\u00e9sg\u00e1tl\u00f3<\/p>\n<p>Koml\u00f3 kivonat &#8211; antioxid\u00e1ns, hidrat\u00e1l\u00f3<\/p>\n<p>A menta ill\u00f3olaj &#8211; friss\u00edt\u0151, \u00e9l\u00e9nk\u00edt\u0151<\/p>\n<p>Hogyan kell haszn\u00e1lni:<\/p>\n<p>Vigye fel a maszkot az el\u0151z\u0151leg megtiszt\u00edtott arcra \u00e9s dekolt\u00e1zsra, hagyja rajta 15-20 percig. Nedves\u00edtett szivaccsal t\u00e1vol\u00edtsa el.<\/p>\n<p>K\u00e9miai-fizikai jellemz\u0151k: Nem tartalmaz sz\u00ednez\u00e9ket, sz\u00edne kiz\u00e1r\u00f3lag a term\u00e9szetes eredet\u0171 anyagok jelenl\u00e9t\u00e9t\u0151l f\u00fcgg. A term\u00e9szetes eredet\u0171 sz\u00edn ez\u00e9rt gy\u00e1rt\u00e1si t\u00e9telenk\u00e9nt v\u00e1ltozhat. N\u00e9mi sz\u00ednv\u00e1ltoz\u00e1s nem jelenti a term\u00e9k v\u00e1ltoz\u00e1s\u00e1t.<\/p>\n<p>T\u00e1rol\u00e1si utas\u00edt\u00e1sok: A kinyitott term\u00e9k eltarthat\u00f3s\u00e1gi ideje a norm\u00e1l \u00e9s helyes felhaszn\u00e1l\u00e1si k\u00f6r\u00fclm\u00e9nyek k\u00f6z\u00f6tt fennmarad.<img decoding=\"async\" style=\"display: none;\" src=\"http:\/\/www.journeyom.life\/wp-content\/uploads\/2024\/05\/JOM-LOGO-VERT-WB.jpg\" alt=\"Wax heater machine Lcd screen Black\" \/><img decoding=\"async\" style=\"display: none;\" src=\"http:\/\/www.journeyom.life\/wp-content\/uploads\/2024\/05\/JOM-LOGO-VERT-WB.jpg\" alt=\"Wax heater machine Lcd screen Black\" \/><img decoding=\"async\" style=\"display: none;\" src=\"http:\/\/www.journeyom.life\/wp-content\/uploads\/2024\/05\/JOM-LOGO-VERT-WB.jpg\" alt=\"Wax heater machine Lcd screen Black\" \/><img decoding=\"async\" style=\"display: none;\" src=\"http:\/\/www.journeyom.life\/wp-content\/uploads\/2024\/05\/JOM-LOGO-VERT-WB.jpg\" alt=\"Wax heater machine Lcd screen Black\" \/><\/p>\n","protected":false},"excerpt":{"rendered":"<p>BIO Arcmaszk r\u00e1ncfelt\u00f6lt\u0151 Lifting 250 ml A bio lift hat\u00e1s\u00fa arcmaszk ide\u00e1lis kozmetikai kezel\u00e9s, amely seg\u00edt ellens\u00falyozni a b\u0151r \u00f6reged\u00e9s\u00e9t. Innovat\u00edv formula n\u00f6v\u00e9nyi \u00f6sszetev\u0151kkel d\u00fas\u00edtva, emel\u0151 \u00e9s d\u00fas\u00edt\u00f3 hat\u00e1ssal, mint p\u00e9ld\u00e1ul a Kigelia Africana \u00e9s a Quillaja kivonat, a b\u0151r term\u00e9szetes \u00e9rz\u00e9kel\u0151i. Term\u00e9szetes arg\u00e1nolaj, amely puhas\u00e1got, simas\u00e1got \u00e9s selymess\u00e9get k\u00f6lcs\u00f6n\u00f6z a b\u0151rnek.\u00a0 \u00c9des mandulaolaj, amely [&hellip;]<\/p>\n","protected":false},"featured_media":9576,"comment_status":"open","ping_status":"closed","template":"","meta":[],"product_brand":[],"product_cat":[421],"product_tag":[547],"class_list":{"0":"post-9575","1":"product","2":"type-product","3":"status-publish","4":"has-post-thumbnail","6":"product_cat-maszkok-pakolasok","7":"product_tag-bio-arcmaszk-rancfeltolto-lifting","9":"first","10":"instock","11":"purchasable","12":"product-type-simple"},"_links":{"self":[{"href":"https:\/\/amicamiashop.com\/hu\/wp-json\/wp\/v2\/product\/9575","targetHints":{"allow":["GET"]}}],"collection":[{"href":"https:\/\/amicamiashop.com\/hu\/wp-json\/wp\/v2\/product"}],"about":[{"href":"https:\/\/amicamiashop.com\/hu\/wp-json\/wp\/v2\/types\/product"}],"replies":[{"embeddable":true,"href":"https:\/\/amicamiashop.com\/hu\/wp-json\/wp\/v2\/comments?post=9575"}],"version-history":[{"count":0,"href":"https:\/\/amicamiashop.com\/hu\/wp-json\/wp\/v2\/product\/9575\/revisions"}],"wp:featuredmedia":[{"embeddable":true,"href":"https:\/\/amicamiashop.com\/hu\/wp-json\/wp\/v2\/media\/9576"}],"wp:attachment":[{"href":"https:\/\/amicamiashop.com\/hu\/wp-json\/wp\/v2\/media?parent=9575"}],"wp:term":[{"taxonomy":"product_brand","embeddable":true,"href":"https:\/\/amicamiashop.com\/hu\/wp-json\/wp\/v2\/product_brand?post=9575"},{"taxonomy":"product_cat","embeddable":true,"href":"https:\/\/amicamiashop.com\/hu\/wp-json\/wp\/v2\/product_cat?post=9575"},{"taxonomy":"product_tag","embeddable":true,"href":"https:\/\/amicamiashop.com\/hu\/wp-json\/wp\/v2\/product_tag?post=9575"}],"curies":[{"name":"wp","href":"https:\/\/api.w.org\/{rel}","templated":true}]}}