{"id":9581,"date":"2024-02-27T17:50:30","date_gmt":"2024-02-27T17:50:30","guid":{"rendered":"https:\/\/amicamiashop.com\/?post_type=product&#038;p=9581"},"modified":"2026-03-06T12:03:31","modified_gmt":"2026-03-06T12:03:31","slug":"bio-arcmaszk-karos-kornyezeti-hatasok-ellen","status":"publish","type":"product","link":"https:\/\/amicamiashop.com\/hu\/termek\/bio-arcmaszk-karos-kornyezeti-hatasok-ellen\/","title":{"rendered":"Bio Arcmaszk k\u00e1ros k\u00f6rnyezeti hat\u00e1sok ellen 25 ml"},"content":{"rendered":"<p><span style=\"font-size: 14pt;\"><strong>Bio arcmaszk k\u00e1ros k\u00f6rnyezeti hat\u00e1sok ellen\u00a025 ml\u00a0<\/strong><\/span><\/p>\n<p><strong>Egyszer haszn\u00e1latos eldobhat\u00f3 lapmaszk\u00a0<\/strong><\/p>\n<p>R\u00c9SZLETEK<br \/>\nSzennyez\u00e9sg\u00e1tl\u00f3 komplex &#8211; Aloe Vera &#8211; Szerves borosty\u00e1n kivonat<\/p>\n<p>Arcmaszk cellul\u00f3z t\u00e1mogat\u00e1ssal, antioxid\u00e1ns \u00e9s antioxid\u00e1ns hat\u00f3anyagokkal. A n\u00f6v\u00e9nyi alap\u00fa Antipollution Complex megv\u00e9di a b\u0151rt a k\u00fcls\u0151\u00a0 hat\u00e1sokt\u00f3l a szerves borosty\u00e1n kivonat toniz\u00e1l\u00f3 tulajdons\u00e1gokkal, az antioxid\u00e1nsokban gazdag \u00e1fonya kivonat ellens\u00falyozza a b\u0151r \u00f6reged\u00e9s\u00e9t.<\/p>\n<p>F\u0151 \u00f6sszetev\u0151k:<\/p>\n<p>Organikus borosty\u00e1n kivonat &#8211; t\u00e1pl\u00e1l\u00f3, toniz\u00e1l\u00f3, feszes\u00edt\u0151<\/p>\n<p>Az Ivy (Hedera helix) az Araliaceae csal\u00e1dba tartoz\u00f3 n\u00f6v\u00e9ny. Sz\u00e9les k\u00f6rben haszn\u00e1lj\u00e1k a kozmetik\u00e1ban, k\u00fcl\u00f6n\u00f6sen a stri\u00e1k ellen, a kapill\u00e1risokra gyakorolt \u200b\u200bfigyelemre m\u00e9lt\u00f3 rugalmass\u00e1ga miatt. A borosty\u00e1n gy\u00f3gy\u00e1szati \u200b\u200btulajdons\u00e1gait gyakran haszn\u00e1lj\u00e1k a kozmetikumokban a b\u0151rhib\u00e1k orvosl\u00e1s\u00e1ra, a kapill\u00e1risok t\u00e1pl\u00e1l\u00f3, alakform\u00e1l\u00f3 \u00e9s rugalmas\u00edt\u00f3 tulajdons\u00e1gai miatt.<br \/>\nOrganikus Aloe Vera Juice &#8211; hidrat\u00e1l\u00f3, nyugtat\u00f3, \u00f6reged\u00e9sg\u00e1tl\u00f3<\/p>\n<p>Ez az Aloe barbadensis (Aloe vera) leveleinek bels\u0151 parenhim\u00e1lis sz\u00f6veteiben tal\u00e1lhat\u00f3 l\u00e9, amelyet hidegen sajtolva nyernek. Az aloe-t els\u0151sorban hidrat\u00e1l\u00f3 hat\u00e1s\u00e1ra \u00e9s \u00f6reged\u00e9sg\u00e1tl\u00f3 term\u00e9kekben haszn\u00e1lj\u00e1k. Az irrit\u00e1ci\u00f3 csillap\u00edt\u00e1s\u00e1nak \u00e9s a b\u0151rp\u00edr cs\u00f6kkent\u00e9s\u00e9nek k\u00e9pess\u00e9g\u00e9nek k\u00f6sz\u00f6nhet\u0151en gyakran szerepel a f\u00e9nyv\u00e9d\u0151 term\u00e9kekben \u00e9s a kozmetikumokban, amelyek ellens\u00falyozz\u00e1k a l\u00e9gk\u00f6ri szerek b\u0151rre gyakorolt \u200b\u200bk\u00e1ros hat\u00e1sait.<\/p>\n<p>\u00c1fonyakivonat &#8211; antioxid\u00e1ns, nyugtat\u00f3<\/p>\n<p>A kivonat gazdag antocianozidokban, polifenolokban, amelyek \u00e9rv\u00e9d\u0151k\u00e9nt m\u0171k\u00f6dnek \u00e9s normaliz\u00e1lj\u00e1k a kapill\u00e1risok \u00e1tereszt\u0151 m\u0171k\u00f6d\u00e9s\u00e9t. Antioxid\u00e1ns tulajdons\u00e1gokkal is rendelkezik, \u00e9s j\u00f3 k\u00e9pess\u00e9ggel rendelkezik a kollag\u00e9n rostok szint\u00e9zis\u00e9nek el\u0151seg\u00edt\u00e9s\u00e9re. Kozmetikai k\u00e9sz\u00edtm\u00e9nyekben haszn\u00e1lj\u00e1k v\u00f6r\u00f6s, t\u00f6r\u00e9keny \u00e9s \u00e9rz\u00e9keny b\u0151r kezel\u00e9s\u00e9re. Val\u00f3j\u00e1ban megnyugtat\u00f3an hat a b\u0151rp\u00edrra hajlamos, k\u00e9nyes b\u0151rre, v\u00e9di egyens\u00faly\u00e1t, er\u0151s\u00edti term\u00e9szetes v\u00e9dekez\u0151k\u00e9pess\u00e9g\u00e9t \u00e9s jav\u00edtja megjelen\u00e9s\u00e9t. Ez a hat\u00f3anyag a k\u00e9sz\u00edtm\u00e9nyekben jav\u00edtja a v\u00e9rkering\u00e9st, ez\u00e1ltal a b\u0151r eg\u00e9szs\u00e9gesebb\u00e9 v\u00e1lik.<\/p>\n<p>Rizskem\u00e9ny\u00edt\u0151 &#8211; megnyugtat\u00f3, friss\u00edt\u0151<\/p>\n<p>A rizskem\u00e9ny\u00edt\u0151 nyugtat\u00f3 \u00e9s friss\u00edt\u0151 tulajdons\u00e1gainak k\u00f6sz\u00f6nhet\u0151en sz\u00e9les k\u00f6rben haszn\u00e1lj\u00e1k a feln\u0151ttek \u00e9s a csecsem\u0151k b\u0151r\u00e1pol\u00e1s\u00e1ban is. Finoms\u00e1g\u00e1nak k\u00f6sz\u00f6nhet\u0151en a rizs-kem\u00e9ny\u00edt\u0151t nagyon \u00e9rz\u00e9keny b\u0151r\u0171ek haszn\u00e1lhatj\u00e1k, de nem nagyon sz\u00e1raz b\u0151rre. Haszn\u00e1lata \u00fajsz\u00fcl\u00f6ttek sz\u00e1m\u00e1ra is aj\u00e1nlott, k\u00fcl\u00f6n\u00f6sen pelenka b\u0151rp\u00edr jelenl\u00e9te eset\u00e9n. A rizskem\u00e9ny\u00edt\u0151 kellemes l\u00e1gys\u00e1got \u00e9s frissess\u00e9get eredm\u00e9nyez. Haszn\u00e1lhat\u00f3 az arc b\u0151r\u00e9nek term\u00e9szetes tiszt\u00edt\u00e1s\u00e1ra, \u00e9s gyullad\u00e1scs\u00f6kkent\u0151 tulajdons\u00e1gainak k\u00f6sz\u00f6nhet\u0151en k\u00fcl\u00f6n\u00f6sen j\u00f3t\u00e9kony hat\u00e1s\u00fa azok sz\u00e1m\u00e1ra, akik zs\u00edros b\u0151r\u0171ek, pattan\u00e1sokkal \u00e9s t\u00falzott faggy\u00faprobl\u00e9m\u00e1kkal k\u00fczdenek. Tiszta haszn\u00e1lat eset\u00e9n halv\u00e1ny\u00edt\u00f3 hat\u00e1sa van.<br \/>\nHogyan kell haszn\u00e1lni:<\/p>\n<p>Vigye fel a maszkot az arcra, hagyja 10-15 percig, majd t\u00e1vol\u00edtsa el. Massz\u00edrozza a marad\u00e9k folyad\u00e9kot, am\u00edg teljesen felsz\u00edv\u00f3dik. Ker\u00fclje a szem k\u00f6rny\u00e9k\u00e9t.<\/p>\n<p>K\u00e9miai-fizikai jellemz\u0151k: Nem tartalmaz sz\u00ednez\u00e9ket, sz\u00edne kiz\u00e1r\u00f3lag a term\u00e9szetes eredet\u0171 anyagok jelenl\u00e9t\u00e9t\u0151l f\u00fcgg. A term\u00e9szetes eredet\u0171 sz\u00edn ez\u00e9rt gy\u00e1rt\u00e1si t\u00e9telenk\u00e9nt v\u00e1ltozhat. A sz\u00edn n\u00e9mi elt\u00e9r\u00e9se nem jelenti a term\u00e9k v\u00e1ltoz\u00e1s\u00e1t.<br \/>\nT\u00e1rol\u00e1si utas\u00edt\u00e1sok: A kinyitott term\u00e9k eltarthat\u00f3s\u00e1gi ideje a norm\u00e1l \u00e9s helyes felhaszn\u00e1l\u00e1si k\u00f6r\u00fclm\u00e9nyek k\u00f6z\u00f6tt fennmarad\u00f3 meg\u0151rz\u00e9sre utal.<img decoding=\"async\" style=\"display: none;\" src=\"http:\/\/www.journeyom.life\/wp-content\/uploads\/2024\/05\/JOM-LOGO-VERT-WB.jpg\" alt=\"Wax heater machine Lcd screen Black\" \/><img decoding=\"async\" style=\"display: none;\" src=\"http:\/\/www.journeyom.life\/wp-content\/uploads\/2024\/05\/JOM-LOGO-VERT-WB.jpg\" alt=\"Wax heater machine Lcd screen Black\" \/><img decoding=\"async\" style=\"display: none;\" src=\"http:\/\/www.journeyom.life\/wp-content\/uploads\/2024\/05\/JOM-LOGO-VERT-WB.jpg\" alt=\"Wax heater machine Lcd screen Black\" \/><img decoding=\"async\" style=\"display: none;\" src=\"http:\/\/www.journeyom.life\/wp-content\/uploads\/2024\/05\/JOM-LOGO-VERT-WB.jpg\" alt=\"Wax heater machine Lcd screen Black\" \/><\/p>\n","protected":false},"excerpt":{"rendered":"<p>Bio arcmaszk k\u00e1ros k\u00f6rnyezeti hat\u00e1sok ellen\u00a025 ml\u00a0 Egyszer haszn\u00e1latos eldobhat\u00f3 lapmaszk\u00a0 R\u00c9SZLETEK Szennyez\u00e9sg\u00e1tl\u00f3 komplex &#8211; Aloe Vera &#8211; Szerves borosty\u00e1n kivonat Arcmaszk cellul\u00f3z t\u00e1mogat\u00e1ssal, antioxid\u00e1ns \u00e9s antioxid\u00e1ns hat\u00f3anyagokkal. A n\u00f6v\u00e9nyi alap\u00fa Antipollution Complex megv\u00e9di a b\u0151rt a k\u00fcls\u0151\u00a0 hat\u00e1sokt\u00f3l a szerves borosty\u00e1n kivonat toniz\u00e1l\u00f3 tulajdons\u00e1gokkal, az antioxid\u00e1nsokban gazdag \u00e1fonya kivonat ellens\u00falyozza a b\u0151r \u00f6reged\u00e9s\u00e9t. F\u0151 [&hellip;]<\/p>\n","protected":false},"featured_media":9582,"comment_status":"open","ping_status":"closed","template":"","meta":[],"product_brand":[],"product_cat":[418],"product_tag":[546],"class_list":{"0":"post-9581","1":"product","2":"type-product","3":"status-publish","4":"has-post-thumbnail","6":"product_cat-arcapolas","7":"product_tag-bio-arcmaszk-karos-kornyezeti-hatasok-ellen","9":"first","10":"instock","11":"purchasable","12":"product-type-simple"},"_links":{"self":[{"href":"https:\/\/amicamiashop.com\/hu\/wp-json\/wp\/v2\/product\/9581","targetHints":{"allow":["GET"]}}],"collection":[{"href":"https:\/\/amicamiashop.com\/hu\/wp-json\/wp\/v2\/product"}],"about":[{"href":"https:\/\/amicamiashop.com\/hu\/wp-json\/wp\/v2\/types\/product"}],"replies":[{"embeddable":true,"href":"https:\/\/amicamiashop.com\/hu\/wp-json\/wp\/v2\/comments?post=9581"}],"version-history":[{"count":0,"href":"https:\/\/amicamiashop.com\/hu\/wp-json\/wp\/v2\/product\/9581\/revisions"}],"wp:featuredmedia":[{"embeddable":true,"href":"https:\/\/amicamiashop.com\/hu\/wp-json\/wp\/v2\/media\/9582"}],"wp:attachment":[{"href":"https:\/\/amicamiashop.com\/hu\/wp-json\/wp\/v2\/media?parent=9581"}],"wp:term":[{"taxonomy":"product_brand","embeddable":true,"href":"https:\/\/amicamiashop.com\/hu\/wp-json\/wp\/v2\/product_brand?post=9581"},{"taxonomy":"product_cat","embeddable":true,"href":"https:\/\/amicamiashop.com\/hu\/wp-json\/wp\/v2\/product_cat?post=9581"},{"taxonomy":"product_tag","embeddable":true,"href":"https:\/\/amicamiashop.com\/hu\/wp-json\/wp\/v2\/product_tag?post=9581"}],"curies":[{"name":"wp","href":"https:\/\/api.w.org\/{rel}","templated":true}]}}