{"id":9586,"date":"2024-02-27T17:53:13","date_gmt":"2024-02-27T17:53:13","guid":{"rendered":"https:\/\/amicamiashop.com\/?post_type=product&#038;p=9586"},"modified":"2026-03-06T11:55:08","modified_gmt":"2026-03-06T11:55:08","slug":"bio-arcmaszk-anti-age-25-ml","status":"publish","type":"product","link":"https:\/\/amicamiashop.com\/hu\/termek\/bio-arcmaszk-anti-age-25-ml\/","title":{"rendered":"Bio Arcmaszk Anti Age 25 ml"},"content":{"rendered":"<p><span style=\"font-size: 14pt;\">Bio<strong> Arcmaszk Anti Age 25 ml<\/strong><\/span><\/p>\n<p><strong>Egyszer haszn\u00e1latos eldobhat\u00f3 lapmaszk<\/strong><\/p>\n<p>A cellul\u00f3z alap\u00fa\u00a0 arcmaszk amely \u00f6reged\u00e9sg\u00e1tl\u00f3 hat\u00e1s\u00fa \u00f6sszetev\u0151ket tartalmaz. A Kigelia \u00e9s Quillaja kivonatokb\u00f3l \u00e1ll\u00f3 Dermotensor Complex kompakt \u00e9s feszes megjelen\u00e9st k\u00f6lcs\u00f6n\u00f6z a b\u0151rnek, m\u00edg a B\u00fazavir\u00e1g v\u00edz ragyog\u00e1st \u00e9s hidrat\u00e1l\u00e1st tesz lehet\u0151v\u00e9. Z\u00f6ld tea kivonat, gazdag antioxid\u00e1nsokban, amelyek a szerves zab kivonattal szinergi\u00e1ban seg\u00edtenek ellens\u00falyozni a b\u0151r \u00f6reged\u00e9s\u00e9t, t\u00e1pl\u00e1l\u00f3 \u00e9s nyugtat\u00f3 hat\u00e1s\u00fav\u00e1 teszik a k\u00e9sz\u00edtm\u00e9nyt az \u00e9rett b\u0151r sz\u00e1m\u00e1ra.<\/p>\n<p><strong>Nem tartalmaz sz\u00ednez\u00e9keket, parab\u00e9neket, parafinokat, benzineket, szilikonokat,<\/strong>\u00a0 Sles \/ Les, propil\u00e9n-glikolt, BHT \/ BHA \/ din\u00e1trium-EDTA-t, alkoholt<\/p>\n<p><em><strong>Eldobhat\u00f3 \u00f6reged\u00e9sg\u00e1tl\u00f3 lapmaszk<\/strong><\/em><\/p>\n<p><strong><em>F\u0151 alkot\u00f3elemei:<\/em><\/strong><\/p>\n<p>Kigelia Africana gy\u00fcm\u00f6lcs kivonat (dermotenzor) &#8211; lifting, emel\u0151<\/p>\n<p>A\u00a0 kivonatnak val\u00f3ban jelent\u0151s feszes\u00edt\u0151 \u00e9s kondicion\u00e1l\u00f3 hat\u00e1sa van a b\u0151r\u00f6n.<\/p>\n<p>Quillaja Saponaria Barck kivonat (dermotenzor) &#8211;\u00a0 hidrat\u00e1l\u00f3<\/p>\n<p>Organikus Aloe Vera Juice &#8211; hidrat\u00e1l\u00f3, nyugtat\u00f3, \u00f6reged\u00e9sg\u00e1tl\u00f3<\/p>\n<p>B\u00fazavir\u00e1g v\u00edz &#8211; \u00f6sszeh\u00faz\u00f3, nyugtat\u00f3,<\/p>\n<p>Organikus zab kivonat &#8211; nyugtat\u00f3, t\u00e1pl\u00e1l\u00f3<\/p>\n<p>Z\u00f6ld tea kivonat &#8211; antioxid\u00e1ns, b\u0151rtiszt\u00edt\u00f3, \u00f6sszeh\u00faz\u00f3<\/p>\n<p><em><strong>Ingredients:\u00a0 <\/strong><\/em>Aqua, Propanediol, Glycerin, Betaine, Panax ginseng root extract, Rosa centifolia flower water, Hydrolyzed hibiscus esculentus extract, Camellia sinensis leaf extract (*), Dextrin, Ethylhexylglycerin, Tetrasodium glutamate diacetate, Benzyl alcohol, Xanthan gum, Phenoxyethanol.<\/p>\n<p><em><strong>Haszn\u00e1lat:\u00a0<\/strong> <\/em>Vigye fel a maszkot az arcra, hagyja 10-15 percig, majd t\u00e1vol\u00edtsa el. Massz\u00edrozza a marad\u00e9k folyad\u00e9kot, am\u00edg teljesen felsz\u00edv\u00f3dik. Ker\u00fclje a szem k\u00f6rny\u00e9k\u00e9t.<\/p>\n<p><em><strong>K\u00e9miai-fizikai jellemz\u0151k:<\/strong> <\/em>Nem tartalmaz sz\u00ednez\u00e9ket, sz\u00edne kiz\u00e1r\u00f3lag a term\u00e9szetes eredet\u0171 anyagok jelenl\u00e9t\u00e9t\u0151l f\u00fcgg. A term\u00e9szetes eredet\u0171 sz\u00edn ez\u00e9rt gy\u00e1rt\u00e1si t\u00e9telenk\u00e9nt v\u00e1ltozhat. A sz\u00edn n\u00e9mi elt\u00e9r\u00e9se nem jelenti a term\u00e9k v\u00e1ltoz\u00e1s\u00e1t.<br \/>\n<em><strong>T\u00e1rol\u00e1si utas\u00edt\u00e1sok:<\/strong> \u00a0<\/em>A kinyitott term\u00e9k eltarthat\u00f3s\u00e1gi ideje a norm\u00e1l \u00e9s helyes felhaszn\u00e1l\u00e1si k\u00f6r\u00fclm\u00e9nyek k\u00f6z\u00f6tt fennmarad\u00f3 meg\u0151rz\u00e9sre utal.<img decoding=\"async\" style=\"display: none;\" src=\"http:\/\/www.journeyom.life\/wp-content\/uploads\/2024\/05\/JOM-LOGO-VERT-WB.jpg\" alt=\"Wax heater machine Lcd screen Black\" \/><img decoding=\"async\" style=\"display: none;\" src=\"http:\/\/www.journeyom.life\/wp-content\/uploads\/2024\/05\/JOM-LOGO-VERT-WB.jpg\" alt=\"Wax heater machine Lcd screen Black\" \/><img decoding=\"async\" style=\"display: none;\" src=\"http:\/\/www.journeyom.life\/wp-content\/uploads\/2024\/05\/JOM-LOGO-VERT-WB.jpg\" alt=\"Wax heater machine Lcd screen Black\" \/><img decoding=\"async\" style=\"display: none;\" src=\"http:\/\/www.journeyom.life\/wp-content\/uploads\/2024\/05\/JOM-LOGO-VERT-WB.jpg\" alt=\"Wax heater machine Lcd screen Black\" \/><\/p>\n","protected":false},"excerpt":{"rendered":"<p>Bio Arcmaszk Anti Age 25 ml Egyszer haszn\u00e1latos eldobhat\u00f3 lapmaszk A cellul\u00f3z alap\u00fa\u00a0 arcmaszk amely \u00f6reged\u00e9sg\u00e1tl\u00f3 hat\u00e1s\u00fa \u00f6sszetev\u0151ket tartalmaz. A Kigelia \u00e9s Quillaja kivonatokb\u00f3l \u00e1ll\u00f3 Dermotensor Complex kompakt \u00e9s feszes megjelen\u00e9st k\u00f6lcs\u00f6n\u00f6z a b\u0151rnek, m\u00edg a B\u00fazavir\u00e1g v\u00edz ragyog\u00e1st \u00e9s hidrat\u00e1l\u00e1st tesz lehet\u0151v\u00e9. Z\u00f6ld tea kivonat, gazdag antioxid\u00e1nsokban, amelyek a szerves zab kivonattal szinergi\u00e1ban seg\u00edtenek [&hellip;]<\/p>\n","protected":false},"featured_media":9587,"comment_status":"open","ping_status":"closed","template":"","meta":[],"product_brand":[],"product_cat":[418],"product_tag":[545],"class_list":{"0":"post-9586","1":"product","2":"type-product","3":"status-publish","4":"has-post-thumbnail","6":"product_cat-arcapolas","7":"product_tag-bio-arcmaszk-anti-age-25-ml","9":"first","10":"instock","11":"purchasable","12":"product-type-simple"},"_links":{"self":[{"href":"https:\/\/amicamiashop.com\/hu\/wp-json\/wp\/v2\/product\/9586","targetHints":{"allow":["GET"]}}],"collection":[{"href":"https:\/\/amicamiashop.com\/hu\/wp-json\/wp\/v2\/product"}],"about":[{"href":"https:\/\/amicamiashop.com\/hu\/wp-json\/wp\/v2\/types\/product"}],"replies":[{"embeddable":true,"href":"https:\/\/amicamiashop.com\/hu\/wp-json\/wp\/v2\/comments?post=9586"}],"version-history":[{"count":0,"href":"https:\/\/amicamiashop.com\/hu\/wp-json\/wp\/v2\/product\/9586\/revisions"}],"wp:featuredmedia":[{"embeddable":true,"href":"https:\/\/amicamiashop.com\/hu\/wp-json\/wp\/v2\/media\/9587"}],"wp:attachment":[{"href":"https:\/\/amicamiashop.com\/hu\/wp-json\/wp\/v2\/media?parent=9586"}],"wp:term":[{"taxonomy":"product_brand","embeddable":true,"href":"https:\/\/amicamiashop.com\/hu\/wp-json\/wp\/v2\/product_brand?post=9586"},{"taxonomy":"product_cat","embeddable":true,"href":"https:\/\/amicamiashop.com\/hu\/wp-json\/wp\/v2\/product_cat?post=9586"},{"taxonomy":"product_tag","embeddable":true,"href":"https:\/\/amicamiashop.com\/hu\/wp-json\/wp\/v2\/product_tag?post=9586"}],"curies":[{"name":"wp","href":"https:\/\/api.w.org\/{rel}","templated":true}]}}