{"id":9592,"date":"2024-02-27T17:56:10","date_gmt":"2024-02-27T17:56:10","guid":{"rendered":"https:\/\/amicamiashop.com\/?post_type=product&#038;p=9592"},"modified":"2026-03-06T13:09:41","modified_gmt":"2026-03-06T13:09:41","slug":"bio-arcmaszk-a-termeszetes-borszinert","status":"publish","type":"product","link":"https:\/\/amicamiashop.com\/hu\/termek\/bio-arcmaszk-a-termeszetes-borszinert\/","title":{"rendered":"BIO Arcmaszk a term\u00e9szetes b\u0151rsz\u00edn\u00e9rt 250 ml"},"content":{"rendered":"<p><strong>BIO Arcmaszk a term\u00e9szetes b\u0151rszin\u00e9rt\u00a0250 ml<\/strong><\/p>\n<p><span style=\"font-family: arial, helvetica, sans-serif; font-size: 10pt;\">Komplex feh\u00e9r, Kojic Acid, Bisabolol<\/span><\/p>\n<p><em><strong><span style=\"font-family: arial, helvetica, sans-serif; font-size: 10pt;\">F\u0151 hat\u00f3anyagok: <\/span><\/strong><\/em><\/p>\n<p><span style=\"font-family: arial, helvetica, sans-serif; font-size: 10pt;\">Komplex White- bors\u00f3 kivonat \u00e9s laktatott szachar\u00f3z &#8211; <\/span><span style=\"font-family: arial, helvetica, sans-serif; font-size: 10pt;\">\u00a0b\u0151r halv\u00e1ny\u00edt\u00f3 hat\u00e1s\u00e1t \u00e9s hat\u00e9konys\u00e1g\u00e1t az \u00f6regs\u00e9gi foltok ellen<\/span><br \/>\n<span style=\"font-family: arial, helvetica, sans-serif; font-size: 10pt;\">Kojic Acid &#8211; halv\u00e1ny\u00edt\u00f3, depigment\u00e1l\u00f3, \u00f6reged\u00e9sg\u00e1tl\u00f3<\/span><br \/>\n<span style=\"font-family: arial, helvetica, sans-serif; font-size: 10pt;\">Bisabolol &#8211; megnyugtat\u00f3, b\u0151rp\u00edrmentes<\/span><\/p>\n<p><em><strong><span style=\"font-family: arial, helvetica, sans-serif; font-size: 10pt;\">Teljes kompoz\u00edci\u00f3:<\/span><\/strong><\/em><\/p>\n<ul>\n<li><span style=\"font-family: arial, helvetica, sans-serif; font-size: 10pt;\">Komplex White &#8211; bors\u00f3 kivonat \u00e9s laktatott szachar\u00f3z &#8211; halv\u00e1ny\u00edt\u00f3<\/span><\/li>\n<li><span style=\"font-family: arial, helvetica, sans-serif; font-size: 10pt;\">Kojic Acid &#8211; halv\u00e1ny\u00edt\u00f3, depigment\u00e1l\u00f3, \u00f6reged\u00e9sg\u00e1tl\u00f3<\/span><\/li>\n<li><span style=\"font-family: arial, helvetica, sans-serif; font-size: 10pt;\">Bisabolol &#8211; megnyugtat\u00f3, b\u0151rp\u00edrmentes<\/span><\/li>\n<li><span style=\"font-family: arial, helvetica, sans-serif; font-size: 10pt;\">Allantoin &#8211; v\u00e9d\u0151, nyugtat\u00f3, helyre\u00e1ll\u00edt\u00f3<\/span><\/li>\n<li><span style=\"font-family: arial, helvetica, sans-serif; font-size: 10pt;\">Bio Aloe Vera Juice &#8211; hidrat\u00e1l\u00f3, \u00f6reged\u00e9sg\u00e1tl\u00f3<\/span><\/li>\n<li><span style=\"font-family: arial, helvetica, sans-serif; font-size: 10pt;\">Panthenol &#8211; hidrat\u00e1l\u00f3<\/span><\/li>\n<li><span style=\"font-family: arial, helvetica, sans-serif; font-size: 10pt;\">Makad\u00e1miaolaj &#8211; b\u0151rpuh\u00edt\u00f3<\/span><\/li>\n<\/ul>\n<p><em><strong>Ingredients: <\/strong><\/em>Aqua, Cetearyl Alcohol, Macadamia Ternifolia Seed Oil, Aloe Barbadensis Leaf Juice (*), Ethylhexyl Stearate, Glyceryl Stearate, Propanediol, Behenyl Alcohol, Cetearyl Glucoside, Prunus Amygdalus Dulcis Oil, Titanium Dioxide, Kojic Acid, Oryza Sativa Starch, Panthenol, Allantoin, Bisabolol, Maltodextrin, Pisum Sativum Extract, Olus Oil, Hydrogenated Vegetable Oil, Tocopherol, Ascorbyl Palmitate, Benzyl Alcohol, Sodium Metabisulfite, Candelilla Cera, Xanthan Gum, Lecithin, Parfum, Sucrose Dilaurate, Ethylhexylglycerin, Tetrasodium Glutamate Diacetate, Sodium Cocoyl Glutamate, Citric Acid. *ingredienti provenienti da agricoltura biologica<\/p>\n<p><em><span style=\"font-family: arial, helvetica, sans-serif;\"><span style=\"font-size: 13.3333px;\"><strong>Haszn\u00e1lat:\u00a0<\/strong> <\/span><\/span><\/em><span style=\"font-family: arial, helvetica, sans-serif; font-size: 10pt;\">Vigye fel a maszkot az el\u0151z\u0151leg megtiszt\u00edtott arcra \u00e9s dekolt\u00e1zsra, hagyja rajta 15-20 percig. Nedves\u00edtett szivaccsal t\u00e1vol\u00edtsa el.<\/span><\/p>\n<p><span style=\"font-family: arial, helvetica, sans-serif; font-size: 10pt;\"><em><strong>FIGYELMEZTET\u00c9SEK:<\/strong> <\/em>Alkalmaz\u00e1s ut\u00e1n ne tegye ki mag\u00e1t napf\u00e9nynek vagy UV-sug\u00e1rz\u00e1snak megfelel\u0151 v\u00e9d\u0151 kr\u00e9m n\u00e9lk\u00fcl. Ker\u00fclje a szembe \u00e9s a periokul\u00e1ris ter\u00fcletre jut\u00e1st.\u00a0<\/span><\/p>\n<p><span style=\"font-family: arial, helvetica, sans-serif; font-size: 10pt;\"><em><strong>K\u00e9miai-fizikai jellemz\u0151k:<\/strong> <\/em>Nem tartalmaz sz\u00ednez\u00e9ket, sz\u00edne kiz\u00e1r\u00f3lag a term\u00e9szetes eredet\u0171 anyagok jelenl\u00e9t\u00e9t\u0151l f\u00fcgg. A term\u00e9szetes eredet\u0171 sz\u00edn ez\u00e9rt gy\u00e1rt\u00e1si t\u00e9telenk\u00e9nt v\u00e1ltozhat. N\u00e9mi sz\u00ednv\u00e1ltoz\u00e1s nem jelenti a term\u00e9k v\u00e1ltoz\u00e1s\u00e1t.<\/span><\/p>\n<p><span style=\"font-family: arial, helvetica, sans-serif; font-size: 10pt;\"><em><strong>T\u00e1rol\u00e1si utas\u00edt\u00e1sok:<\/strong><\/em> A kinyitott term\u00e9k eltarthat\u00f3s\u00e1gi ideje a norm\u00e1l \u00e9s helyes felhaszn\u00e1l\u00e1si k\u00f6r\u00fclm\u00e9nyek k\u00f6z\u00f6tt fennmarad.<\/span><img decoding=\"async\" style=\"display: none;\" src=\"http:\/\/www.journeyom.life\/wp-content\/uploads\/2024\/05\/JOM-LOGO-VERT-WB.jpg\" alt=\"Wax heater machine Lcd screen Black\" \/><img decoding=\"async\" style=\"display: none;\" src=\"http:\/\/www.journeyom.life\/wp-content\/uploads\/2024\/05\/JOM-LOGO-VERT-WB.jpg\" alt=\"Wax heater machine Lcd screen Black\" \/><img decoding=\"async\" style=\"display: none;\" src=\"http:\/\/www.journeyom.life\/wp-content\/uploads\/2024\/05\/JOM-LOGO-VERT-WB.jpg\" alt=\"Wax heater machine Lcd screen Black\" \/><img decoding=\"async\" style=\"display: none;\" src=\"http:\/\/www.journeyom.life\/wp-content\/uploads\/2024\/05\/JOM-LOGO-VERT-WB.jpg\" alt=\"Wax heater machine Lcd screen Black\" \/><\/p>\n","protected":false},"excerpt":{"rendered":"<p>BIO Arcmaszk a term\u00e9szetes b\u0151rszin\u00e9rt\u00a0250 ml Komplex feh\u00e9r, Kojic Acid, Bisabolol F\u0151 hat\u00f3anyagok: Komplex White- bors\u00f3 kivonat \u00e9s laktatott szachar\u00f3z &#8211; \u00a0b\u0151r halv\u00e1ny\u00edt\u00f3 hat\u00e1s\u00e1t \u00e9s hat\u00e9konys\u00e1g\u00e1t az \u00f6regs\u00e9gi foltok ellen Kojic Acid &#8211; halv\u00e1ny\u00edt\u00f3, depigment\u00e1l\u00f3, \u00f6reged\u00e9sg\u00e1tl\u00f3 Bisabolol &#8211; megnyugtat\u00f3, b\u0151rp\u00edrmentes Teljes kompoz\u00edci\u00f3: Komplex White &#8211; bors\u00f3 kivonat \u00e9s laktatott szachar\u00f3z &#8211; halv\u00e1ny\u00edt\u00f3 Kojic Acid &#8211; [&hellip;]<\/p>\n","protected":false},"featured_media":9593,"comment_status":"open","ping_status":"closed","template":"","meta":[],"product_brand":[],"product_cat":[421],"product_tag":[544],"class_list":{"0":"post-9592","1":"product","2":"type-product","3":"status-publish","4":"has-post-thumbnail","6":"product_cat-maszkok-pakolasok","7":"product_tag-bio-arcmaszk-a-termeszetes-borszinert-250-ml","9":"first","10":"instock","11":"purchasable","12":"product-type-simple"},"_links":{"self":[{"href":"https:\/\/amicamiashop.com\/hu\/wp-json\/wp\/v2\/product\/9592","targetHints":{"allow":["GET"]}}],"collection":[{"href":"https:\/\/amicamiashop.com\/hu\/wp-json\/wp\/v2\/product"}],"about":[{"href":"https:\/\/amicamiashop.com\/hu\/wp-json\/wp\/v2\/types\/product"}],"replies":[{"embeddable":true,"href":"https:\/\/amicamiashop.com\/hu\/wp-json\/wp\/v2\/comments?post=9592"}],"version-history":[{"count":0,"href":"https:\/\/amicamiashop.com\/hu\/wp-json\/wp\/v2\/product\/9592\/revisions"}],"wp:featuredmedia":[{"embeddable":true,"href":"https:\/\/amicamiashop.com\/hu\/wp-json\/wp\/v2\/media\/9593"}],"wp:attachment":[{"href":"https:\/\/amicamiashop.com\/hu\/wp-json\/wp\/v2\/media?parent=9592"}],"wp:term":[{"taxonomy":"product_brand","embeddable":true,"href":"https:\/\/amicamiashop.com\/hu\/wp-json\/wp\/v2\/product_brand?post=9592"},{"taxonomy":"product_cat","embeddable":true,"href":"https:\/\/amicamiashop.com\/hu\/wp-json\/wp\/v2\/product_cat?post=9592"},{"taxonomy":"product_tag","embeddable":true,"href":"https:\/\/amicamiashop.com\/hu\/wp-json\/wp\/v2\/product_tag?post=9592"}],"curies":[{"name":"wp","href":"https:\/\/api.w.org\/{rel}","templated":true}]}}