{"id":9608,"date":"2024-02-27T18:04:08","date_gmt":"2024-02-27T18:04:08","guid":{"rendered":"https:\/\/amicamiashop.com\/?post_type=product&#038;p=9608"},"modified":"2026-03-06T13:02:59","modified_gmt":"2026-03-06T13:02:59","slug":"bio-arcradir-asvanyi-granulatumokkal","status":"publish","type":"product","link":"https:\/\/amicamiashop.com\/hu\/termek\/bio-arcradir-asvanyi-granulatumokkal\/","title":{"rendered":"Bio Arcrad\u00edr \u00e1sv\u00e1nyi granul\u00e1tomokkal 250 ml"},"content":{"rendered":"<p><strong>BIO ARCRAD\u00cdR \u00c1SV\u00c1NYI GRANUL\u00c1TUMOKKAL, 250 ml<\/strong><\/p>\n<p>Bio arcrad\u00edr \u00e1sv\u00e1nyi szemcs\u00e9k, valamint antioxid\u00e1ns \u00e9s hidrat\u00e1l\u00f3 \u00f6sszetev\u0151k alapj\u00e1n. Formul\u00e1ja Marula olajat tartalmaz, amely term\u00e9szetesen gazdag C- \u00e9s E-vitamin antioxid\u00e1nsokban. Ide\u00e1lis a szabad gy\u00f6k\u00f6k kialakul\u00e1s\u00e1nak megakad\u00e1lyoz\u00e1s\u00e1ban \u00e9s hasznos a b\u0151r regener\u00e1l\u00f3d\u00e1s\u00e1ra. Sz\u0151l\u0151magolaj \u00e9s szerves shea vaj, amelyek b\u0151rt\u00e1pl\u00e1l\u00f3 \u00e9s l\u00e1gy\u00edt\u00f3 hat\u00e1s\u00faak. Bio Aloe Vera kivonat \u00e9s Bio sz\u0151l\u0151 akt\u00edv v\u00edz hidrat\u00e1l\u00f3 \u00e9s \u00f6reged\u00e9sg\u00e1tl\u00f3 hat\u00e1ssal. Organikus m\u00e1lyva kivonat nyugtat\u00f3hat\u00e1s\u00fa. \u00c1sv\u00e1nyi szemcs\u00e9k nagyon finom mechanikai h\u00e1ml\u00e1st tesznek lehet\u0151v\u00e9, amely nem k\u00e1ros\u00edtja a b\u0151rt. Ez a kombin\u00e1ci\u00f3 t\u00f6k\u00e9letesen felk\u00e9sz\u00edti a b\u0151rt a tov\u00e1bbi kozmetikai kezel\u00e9sekhez.<\/p>\n<p>BIO ARCRAD\u00cdR \u00c1SV\u00c1NYI GRANUL\u00c1TUMOKKAL, 250 ml<\/p>\n<p>Marula olaj, szerves shea vaj, organikus m\u00e1lyva kivonat<\/p>\n<p><em><strong>Teljes kompoz\u00edci\u00f3:<\/strong><\/em><\/p>\n<p>\u00c1sv\u00e1nyi granul\u00e1tum &#8211; mechanikus h\u00e1mlaszt\u00f3<\/p>\n<p>Marula olaj &#8211; antioxid\u00e1ns, hidrat\u00e1l\u00f3, rugalmas\u00edt\u00f3.<\/p>\n<p>Organikus shea vaj &#8211; B\u0151rpuh\u00edt\u00f3, hidrat\u00e1l\u00f3 \u00e9s regener\u00e1l\u00f3 tulajdons\u00e1gokkal bir valamint \u00e9rt\u00e9kes term\u00e9szetes r\u00e1nctalan\u00edt\u00f3 \u00e9s \u00f6reged\u00e9sg\u00e1tl\u00f3 \u00f6sszetev\u0151 az arc \u00e9s a test sz\u00e1m\u00e1ra, amely k\u00e9pes a b\u0151r feszess\u00e9g\u00e9t \u00e9s rugalmass\u00e1g\u00e1t megadni.<\/p>\n<p>Szerves m\u00e1lyva kivonat &#8211; v\u00e9d\u0151, b\u0151rpuh\u00edt\u00f3, b\u0151rp\u00edr elleni,alkalmas sz\u00e1raz \u00e9s \u00e9rz\u00e9keny \u00e9s k\u00e1ros k\u00f6rnyezeti hat\u00e1soknak kitett b\u0151r kezel\u00e9s\u00e9ben.<\/p>\n<p>Sz\u0151l\u0151magolaj &#8211; antioxid\u00e1ns, b\u0151rpuh\u00edt\u00f3, t\u00e1pl\u00e1l\u00f3<\/p>\n<p>Akt\u00edv szerves sz\u0151l\u0151v\u00edz &#8211; antioxid\u00e1ns, \u00f6reged\u00e9sg\u00e1tl\u00f3, hidrat\u00e1l\u00f3<\/p>\n<p>Bio Aloe Vera Juice &#8211; hidrat\u00e1l\u00f3, \u00f6reged\u00e9sg\u00e1tl\u00f3<\/p>\n<p>E-vitamin &#8211; antioxid\u00e1ns, \u00f6reged\u00e9sg\u00e1tl\u00f3, regener\u00e1l\u00f3<\/p>\n<p><em><strong>Ingredients: <\/strong><\/em>Aqua, Aloe Barbadensis Leaf Juice (*), Perlite, Glycerin, Cetearyl Alcohol, Caprylic\/Capric Triglyceride, Ethylhexyl Palmitate, Ethylhexyl Stearate, Propanediol, Vitis Vinifera Seed Oil, Cetearyl Glucoside, Butyrospermum Parkii Butter (*), Sclerocarya Birrea Seed Oil, Vitis Vinifera Fruit Extract (*), Malva Sylvestris Leaf Extract (*), Hydrolyzed Hyaluronic Acid, Oryza Sativa Starch, Tocopherol, Ascorbyl Palmitate, Lecithin, Benzyl Alcohol, Glyceryl Stearate, Xanthan Gum, Tocopheryl Acetate, Parfum, Ethylhexylglycerin, Tetrasodium Glutamate Diacetate, Citric Acid, CI 75810, Sodium Benzoate, Potassium Sorbate. (*) ingredientI provenientI da agricoltura biologica<\/p>\n<p><em><strong>Haszn\u00e1lat:\u00a0<\/strong><\/em>A b\u0151rtiszt\u00edt\u00e1s ut\u00e1n vigyen fel egy v\u00e9kony r\u00e9teget a term\u00e9kre. Hagyja hatni n\u00e9h\u00e1ny percig, \u00e9s gyeng\u00e9den massz\u00edrozza, majd nedves szivaccsal vagy ak\u00e1r csak a kez\u00e9vel t\u00e1vol\u00edtsa el a h\u00e1mlaszt\u00f3t kis forg\u00f3 mozdulatokkal. \u00d6bl\u00edtse le meleg v\u00edzzel.<\/p>\n<p>Nem tartalmaz sz\u00ednez\u00e9ket, sz\u00edne kiz\u00e1r\u00f3lag a term\u00e9szetes eredet\u0171 anyagok jelenl\u00e9t\u00e9t\u0151l f\u00fcgg. A term\u00e9szetes eredet\u0171 sz\u00edn ez\u00e9rt gy\u00e1rt\u00e1si t\u00e9telenk\u00e9nt v\u00e1ltozhat. N\u00e9mi sz\u00ednv\u00e1ltoz\u00e1s nem jelenti a term\u00e9k v\u00e1ltoz\u00e1s\u00e1t.<\/p>\n<p><img decoding=\"async\" style=\"display: none;\" src=\"http:\/\/www.journeyom.life\/wp-content\/uploads\/2024\/05\/JOM-LOGO-VERT-WB.jpg\" alt=\"Wax heater machine Lcd screen Black\" \/><img decoding=\"async\" style=\"display: none;\" src=\"http:\/\/www.journeyom.life\/wp-content\/uploads\/2024\/05\/JOM-LOGO-VERT-WB.jpg\" alt=\"Wax heater machine Lcd screen Black\" \/><img decoding=\"async\" style=\"display: none;\" src=\"http:\/\/www.journeyom.life\/wp-content\/uploads\/2024\/05\/JOM-LOGO-VERT-WB.jpg\" alt=\"Wax heater machine Lcd screen Black\" \/><img decoding=\"async\" style=\"display: none;\" src=\"http:\/\/www.journeyom.life\/wp-content\/uploads\/2024\/05\/JOM-LOGO-VERT-WB.jpg\" alt=\"Wax heater machine Lcd screen Black\" \/><\/p>\n","protected":false},"excerpt":{"rendered":"<p>BIO ARCRAD\u00cdR \u00c1SV\u00c1NYI GRANUL\u00c1TUMOKKAL, 250 ml Bio arcrad\u00edr \u00e1sv\u00e1nyi szemcs\u00e9k, valamint antioxid\u00e1ns \u00e9s hidrat\u00e1l\u00f3 \u00f6sszetev\u0151k alapj\u00e1n. Formul\u00e1ja Marula olajat tartalmaz, amely term\u00e9szetesen gazdag C- \u00e9s E-vitamin antioxid\u00e1nsokban. Ide\u00e1lis a szabad gy\u00f6k\u00f6k kialakul\u00e1s\u00e1nak megakad\u00e1lyoz\u00e1s\u00e1ban \u00e9s hasznos a b\u0151r regener\u00e1l\u00f3d\u00e1s\u00e1ra. Sz\u0151l\u0151magolaj \u00e9s szerves shea vaj, amelyek b\u0151rt\u00e1pl\u00e1l\u00f3 \u00e9s l\u00e1gy\u00edt\u00f3 hat\u00e1s\u00faak. Bio Aloe Vera kivonat \u00e9s Bio sz\u0151l\u0151 [&hellip;]<\/p>\n","protected":false},"featured_media":9609,"comment_status":"open","ping_status":"closed","template":"","meta":[],"product_brand":[],"product_cat":[418,420],"product_tag":[541],"class_list":{"0":"post-9608","1":"product","2":"type-product","3":"status-publish","4":"has-post-thumbnail","6":"product_cat-arcapolas","7":"product_cat-arctej-arctonik","8":"product_tag-bio-arcradir-asvanyi-granulatumokkal","10":"first","11":"instock","12":"purchasable","13":"product-type-simple"},"_links":{"self":[{"href":"https:\/\/amicamiashop.com\/hu\/wp-json\/wp\/v2\/product\/9608","targetHints":{"allow":["GET"]}}],"collection":[{"href":"https:\/\/amicamiashop.com\/hu\/wp-json\/wp\/v2\/product"}],"about":[{"href":"https:\/\/amicamiashop.com\/hu\/wp-json\/wp\/v2\/types\/product"}],"replies":[{"embeddable":true,"href":"https:\/\/amicamiashop.com\/hu\/wp-json\/wp\/v2\/comments?post=9608"}],"version-history":[{"count":0,"href":"https:\/\/amicamiashop.com\/hu\/wp-json\/wp\/v2\/product\/9608\/revisions"}],"wp:featuredmedia":[{"embeddable":true,"href":"https:\/\/amicamiashop.com\/hu\/wp-json\/wp\/v2\/media\/9609"}],"wp:attachment":[{"href":"https:\/\/amicamiashop.com\/hu\/wp-json\/wp\/v2\/media?parent=9608"}],"wp:term":[{"taxonomy":"product_brand","embeddable":true,"href":"https:\/\/amicamiashop.com\/hu\/wp-json\/wp\/v2\/product_brand?post=9608"},{"taxonomy":"product_cat","embeddable":true,"href":"https:\/\/amicamiashop.com\/hu\/wp-json\/wp\/v2\/product_cat?post=9608"},{"taxonomy":"product_tag","embeddable":true,"href":"https:\/\/amicamiashop.com\/hu\/wp-json\/wp\/v2\/product_tag?post=9608"}],"curies":[{"name":"wp","href":"https:\/\/api.w.org\/{rel}","templated":true}]}}