{"id":9618,"date":"2024-02-27T18:10:18","date_gmt":"2024-02-27T18:10:18","guid":{"rendered":"https:\/\/amicamiashop.com\/?post_type=product&#038;p=9618"},"modified":"2026-03-06T11:09:32","modified_gmt":"2026-03-06T11:09:32","slug":"liftaktiv-multivitamin-bio-arcszerum","status":"publish","type":"product","link":"https:\/\/amicamiashop.com\/hu\/termek\/liftaktiv-multivitamin-bio-arcszerum\/","title":{"rendered":"Liftakt\u00edv Multivitamin bio arcsz\u00e9rum"},"content":{"rendered":"<h3>Liftakt\u00edv Multivitamin bio arcsz\u00e9rum<\/h3>\n<p>A b\u00e1rsonyos \u00e9s k\u00f6nny\u0171 text\u00far\u00e1j\u00fa Multivitamin regener\u00e1l\u00f3 arcsz\u00e9rum.\u00a0 Antioxid\u00e1ns Hidrat\u00e1l\u00f3 b\u0151rnormaliz\u00e1l\u00f3 \u00e9s \u00f6reged\u00e9sg\u00e1tl\u00f3 hat\u00e1s\u00fa a b\u0151r h\u00e1msejtek regener\u00e1l\u00f3d\u00e1s\u00e1nak serkent\u00e9s\u00e9vel.<\/p>\n<p>Faggy\u00fakiegyens\u00falyoz\u00f3 hat\u00e1s\u00fa H-vitamint, t\u00e1pl\u00e1l\u00f3 \u00e9s regener\u00e1l\u00f3 hat\u00e1s\u00fa F-vitamint, antioxid\u00e1ns \u00e9s \u00f6reged\u00e9sg\u00e1tl\u00f3 hat\u00e1s\u00fa E-vitamint \u00e9s C-vitamint tartalmaz<\/p>\n<p>Bio kiwi, narancs \u00e9s gr\u00e1n\u00e1talma leveket is tartalmaz.<\/p>\n<p><strong>\u00d6ssszetev\u0151k<\/strong>:<\/p>\n<p>Aqua, Aloe Barbadensis Leaf Juice(*), Glycerin, Propanediol, Actinidia Chinensis Fruit Juice, Punica Granatum Fruit Extract(*), Citrus Aurantium Dulcis Juice, Biotin, Linseed Acid, Oryza Sativa Starch, Tocopheryl Acetate, Lecithin, Tocopherol, Ascorbyl Palmitate, Benzyl Alcohol, Polyglyceryl-4 Caprate, Xanthan Gum, Parfum, Ethylhexylglycerin, Tetrasodium Glutamate Diacetate, Citric Acid, Sodium Benzoate, Potassium Sorbate.(*) ingrediente da agricoltura biologica<\/p>\n<p><strong>Haszn\u00e1lat<\/strong>:<\/p>\n<p>Vegye ki a sz\u00fcks\u00e9ges mennyis\u00e9g\u0171 term\u00e9ket, oszlassa el k\u00f6zvetlen\u00fcl az arc\u00e1n, \u00e9s massz\u00edrozza be, am\u00edg teljesen fel nem sz\u00edv\u00f3dik.<\/p>\n<p>Ker\u00fclje a szemmel \u00e9s a szemk\u00f6rny\u00e9kkel val\u00f3 \u00e9rintkez\u00e9st.<\/p>\n<p>Tartsa t\u00e1vol gyermekekt\u0151l. Kozmetikai term\u00e9k k\u00fcls\u0151 haszn\u00e1latra.<\/p>\n<p>*BIO gazd\u00e1lkod\u00e1sb\u00f3l sz\u00e1rmaz\u00f3 ellen\u0151rz\u00f6tt \u00f6sszetev\u0151k<img decoding=\"async\" style=\"display: none;\" src=\"http:\/\/www.journeyom.life\/wp-content\/uploads\/2024\/05\/JOM-LOGO-VERT-WB.jpg\" alt=\"Wax heater machine Lcd screen Black\" \/><img decoding=\"async\" style=\"display: none;\" src=\"http:\/\/www.journeyom.life\/wp-content\/uploads\/2024\/05\/JOM-LOGO-VERT-WB.jpg\" alt=\"Wax heater machine Lcd screen Black\" \/><img decoding=\"async\" style=\"display: none;\" src=\"http:\/\/www.journeyom.life\/wp-content\/uploads\/2024\/05\/JOM-LOGO-VERT-WB.jpg\" alt=\"Wax heater machine Lcd screen Black\" \/><img decoding=\"async\" style=\"display: none;\" src=\"http:\/\/www.journeyom.life\/wp-content\/uploads\/2024\/05\/JOM-LOGO-VERT-WB.jpg\" alt=\"Wax heater machine Lcd screen Black\" \/><\/p>\n","protected":false},"excerpt":{"rendered":"<p>Liftakt\u00edv Multivitamin bio arcsz\u00e9rum A b\u00e1rsonyos \u00e9s k\u00f6nny\u0171 text\u00far\u00e1j\u00fa Multivitamin regener\u00e1l\u00f3 arcsz\u00e9rum.\u00a0 Antioxid\u00e1ns Hidrat\u00e1l\u00f3 b\u0151rnormaliz\u00e1l\u00f3 \u00e9s \u00f6reged\u00e9sg\u00e1tl\u00f3 hat\u00e1s\u00fa a b\u0151r h\u00e1msejtek regener\u00e1l\u00f3d\u00e1s\u00e1nak serkent\u00e9s\u00e9vel. Faggy\u00fakiegyens\u00falyoz\u00f3 hat\u00e1s\u00fa H-vitamint, t\u00e1pl\u00e1l\u00f3 \u00e9s regener\u00e1l\u00f3 hat\u00e1s\u00fa F-vitamint, antioxid\u00e1ns \u00e9s \u00f6reged\u00e9sg\u00e1tl\u00f3 hat\u00e1s\u00fa E-vitamint \u00e9s C-vitamint tartalmaz Bio kiwi, narancs \u00e9s gr\u00e1n\u00e1talma leveket is tartalmaz. \u00d6ssszetev\u0151k: Aqua, Aloe Barbadensis Leaf Juice(*), Glycerin, Propanediol, [&hellip;]<\/p>\n","protected":false},"featured_media":9619,"comment_status":"open","ping_status":"closed","template":"","meta":[],"product_brand":[],"product_cat":[418,422],"product_tag":[539],"class_list":{"0":"post-9618","1":"product","2":"type-product","3":"status-publish","4":"has-post-thumbnail","6":"product_cat-arcapolas","7":"product_cat-szerum","8":"product_tag-multivitamin-bio-arcszerum","10":"first","11":"instock","12":"purchasable","13":"product-type-simple"},"_links":{"self":[{"href":"https:\/\/amicamiashop.com\/hu\/wp-json\/wp\/v2\/product\/9618","targetHints":{"allow":["GET"]}}],"collection":[{"href":"https:\/\/amicamiashop.com\/hu\/wp-json\/wp\/v2\/product"}],"about":[{"href":"https:\/\/amicamiashop.com\/hu\/wp-json\/wp\/v2\/types\/product"}],"replies":[{"embeddable":true,"href":"https:\/\/amicamiashop.com\/hu\/wp-json\/wp\/v2\/comments?post=9618"}],"version-history":[{"count":0,"href":"https:\/\/amicamiashop.com\/hu\/wp-json\/wp\/v2\/product\/9618\/revisions"}],"wp:featuredmedia":[{"embeddable":true,"href":"https:\/\/amicamiashop.com\/hu\/wp-json\/wp\/v2\/media\/9619"}],"wp:attachment":[{"href":"https:\/\/amicamiashop.com\/hu\/wp-json\/wp\/v2\/media?parent=9618"}],"wp:term":[{"taxonomy":"product_brand","embeddable":true,"href":"https:\/\/amicamiashop.com\/hu\/wp-json\/wp\/v2\/product_brand?post=9618"},{"taxonomy":"product_cat","embeddable":true,"href":"https:\/\/amicamiashop.com\/hu\/wp-json\/wp\/v2\/product_cat?post=9618"},{"taxonomy":"product_tag","embeddable":true,"href":"https:\/\/amicamiashop.com\/hu\/wp-json\/wp\/v2\/product_tag?post=9618"}],"curies":[{"name":"wp","href":"https:\/\/api.w.org\/{rel}","templated":true}]}}