{"id":9623,"date":"2024-02-27T18:12:27","date_gmt":"2024-02-27T18:12:27","guid":{"rendered":"https:\/\/amicamiashop.com\/?post_type=product&#038;p=9623"},"modified":"2026-03-06T11:08:05","modified_gmt":"2026-03-06T11:08:05","slug":"anti-age-arcszerum-hialuron-savval","status":"publish","type":"product","link":"https:\/\/amicamiashop.com\/hu\/termek\/anti-age-arcszerum-hialuron-savval\/","title":{"rendered":"Anti Age Arcsz\u00e9rum Hialuron savval 50 Ml"},"content":{"rendered":"<h3>Anti Age Arcsz\u00e9rum Hialuron savval 50 Ml<\/h3>\n<p><em><strong>Intenz\u00edv r\u00e1nctalan\u00edt\u00f3<\/strong> feszes\u00edt\u0151 <\/em><strong>sz\u00e9rum<\/strong><em> Hialuron savval<\/em><\/p>\n<p><strong>Bio gazd\u00e1lkod\u00e1sb\u00f3<\/strong>l sz\u00e1rmaz\u00f3 v\u00e1logatott n\u00f6v\u00e9nyi \u00f6sszetev\u0151ket, \u00e9s hialuron savat tartalmaz. Sejtszint\u0171 intenz\u00edv b\u0151rfiatal\u00edt\u00f3 \u00e9s r\u00e1nctalan\u00edt\u00f3 hat\u00e1st biztos\u00edt. Serkenti a saj\u00e1t kollag\u00e9n termel\u0151d\u00e9s\u00e9t \u00e9s jav\u00edtja a b\u0151r rugalmass\u00e1g\u00e1t hidrat\u00e1lt d\u00fasabb egyenletesebb \u00e9s fiatalos b\u0151rt eredm\u00e9nyez.<\/p>\n<p>Az avok\u00e1d\u00f3olajjal egy\u00fctt frissebb\u00e9 \u00e9s ragyog\u00f3bb\u00e1 teszik a b\u0151rt, m\u00edg az \u00e9desk\u00f6m\u00e9ny \u00e9s a musk\u00e1tli ill\u00f3olajai \u00f6reged\u00e9sg\u00e1tl\u00f3 hat\u00e1st fejtenek ki.<\/p>\n<p>A hialuronsavas g\u00f6mb\u00f6k jelent\u0151s mennyis\u00e9g\u0171 vizet k\u00e9pesek felsz\u00edvni, el\u0151seg\u00edtve a b\u0151r hidrat\u00e1l\u00e1s\u00e1t, az avok\u00e1d\u00f3olajjal egy\u00fctt a fiatalabbnak, frissebbnek \u00e9s ragyog\u00f3bbnak t\u0171n\u0151 b\u0151r\u00e9rt.<\/p>\n<p>A musk\u00e1tli \u00e9s \u00e9desk\u00f6m\u00e9ny ill\u00f3olajai a t\u00f6bbi \u00f6sszetev\u0151vel egy\u00fctt seg\u00edtik az \u00f6reged\u00e9sg\u00e1tl\u00f3 funkci\u00f3t.<\/p>\n<p>B\u00e1rmilyen b\u0151rt\u00edpusra haszn\u00e1lhat\u00f3 de igaz\u00e1n ide\u00e1lis \u00e9rett b\u0151rre.<\/p>\n<p><strong>\u00d6sszetev\u0151k:<\/strong><\/p>\n<p>Ethylhexyl Palmitate, Vitis Vinifera Seed Oil, Foeniculum Vulgare Dulce Fruit Oil, Persea Gratissima Oil(*), Bisabolol, Santalum Album Wood Oil, Sodium Hyaluronate, Amorphophallus Konjac Root Powder, Pelargonium Graveolens Leaf Oil, Tocopherol, Ascorbyl Palmitate, Lecithin, Limonene(**), Citronellol, Trihydroxystearin, Geraniol(**), Linalool(**), Citric Acid. (*) ingrediente da agricoltura biologica(**) allergeni naturalmente contenuti negli oli essenziali<\/p>\n<p><strong>Haszn\u00e1lat<\/strong>:<\/p>\n<p>Vegye ki a sz\u00fcks\u00e9ges mennyis\u00e9g\u0171 term\u00e9ket, oszlassa el k\u00f6zvetlen\u00fcl az arc\u00e1n, \u00e9s massz\u00edrozza be, am\u00edg teljesen fel nem sz\u00edv\u00f3dik.<\/p>\n<p>Ker\u00fclje a szemmel \u00e9s a szemk\u00f6rny\u00e9kkel val\u00f3 \u00e9rintkez\u00e9st.<\/p>\n<p>Tartsa t\u00e1vol gyermekekt\u0151l. Kozmetikai term\u00e9k k\u00fcls\u0151 haszn\u00e1latra.<\/p>\n<p>*BIO gazd\u00e1lkod\u00e1sb\u00f3l sz\u00e1rmaz\u00f3 ellen\u0151rz\u00f6tt \u00f6sszetev\u0151k<img decoding=\"async\" style=\"display: none;\" src=\"http:\/\/www.journeyom.life\/wp-content\/uploads\/2024\/05\/JOM-LOGO-VERT-WB.jpg\" alt=\"Wax heater machine Lcd screen Black\" \/><img decoding=\"async\" style=\"display: none;\" src=\"http:\/\/www.journeyom.life\/wp-content\/uploads\/2024\/05\/JOM-LOGO-VERT-WB.jpg\" alt=\"Wax heater machine Lcd screen Black\" \/><img decoding=\"async\" style=\"display: none;\" src=\"http:\/\/www.journeyom.life\/wp-content\/uploads\/2024\/05\/JOM-LOGO-VERT-WB.jpg\" alt=\"Wax heater machine Lcd screen Black\" \/><img decoding=\"async\" style=\"display: none;\" src=\"http:\/\/www.journeyom.life\/wp-content\/uploads\/2024\/05\/JOM-LOGO-VERT-WB.jpg\" alt=\"Wax heater machine Lcd screen Black\" \/><\/p>\n","protected":false},"excerpt":{"rendered":"<p>Anti Age Arcsz\u00e9rum Hialuron savval 50 Ml Intenz\u00edv r\u00e1nctalan\u00edt\u00f3 feszes\u00edt\u0151 sz\u00e9rum Hialuron savval Bio gazd\u00e1lkod\u00e1sb\u00f3l sz\u00e1rmaz\u00f3 v\u00e1logatott n\u00f6v\u00e9nyi \u00f6sszetev\u0151ket, \u00e9s hialuron savat tartalmaz. Sejtszint\u0171 intenz\u00edv b\u0151rfiatal\u00edt\u00f3 \u00e9s r\u00e1nctalan\u00edt\u00f3 hat\u00e1st biztos\u00edt. Serkenti a saj\u00e1t kollag\u00e9n termel\u0151d\u00e9s\u00e9t \u00e9s jav\u00edtja a b\u0151r rugalmass\u00e1g\u00e1t hidrat\u00e1lt d\u00fasabb egyenletesebb \u00e9s fiatalos b\u0151rt eredm\u00e9nyez. Az avok\u00e1d\u00f3olajjal egy\u00fctt frissebb\u00e9 \u00e9s ragyog\u00f3bb\u00e1 teszik a [&hellip;]<\/p>\n","protected":false},"featured_media":9624,"comment_status":"open","ping_status":"closed","template":"","meta":[],"product_brand":[],"product_cat":[421],"product_tag":[538],"class_list":{"0":"post-9623","1":"product","2":"type-product","3":"status-publish","4":"has-post-thumbnail","6":"product_cat-maszkok-pakolasok","7":"product_tag-anti-age-arcszerum-hialuron-savval","9":"first","10":"instock","11":"purchasable","12":"product-type-simple"},"_links":{"self":[{"href":"https:\/\/amicamiashop.com\/hu\/wp-json\/wp\/v2\/product\/9623","targetHints":{"allow":["GET"]}}],"collection":[{"href":"https:\/\/amicamiashop.com\/hu\/wp-json\/wp\/v2\/product"}],"about":[{"href":"https:\/\/amicamiashop.com\/hu\/wp-json\/wp\/v2\/types\/product"}],"replies":[{"embeddable":true,"href":"https:\/\/amicamiashop.com\/hu\/wp-json\/wp\/v2\/comments?post=9623"}],"version-history":[{"count":0,"href":"https:\/\/amicamiashop.com\/hu\/wp-json\/wp\/v2\/product\/9623\/revisions"}],"wp:featuredmedia":[{"embeddable":true,"href":"https:\/\/amicamiashop.com\/hu\/wp-json\/wp\/v2\/media\/9624"}],"wp:attachment":[{"href":"https:\/\/amicamiashop.com\/hu\/wp-json\/wp\/v2\/media?parent=9623"}],"wp:term":[{"taxonomy":"product_brand","embeddable":true,"href":"https:\/\/amicamiashop.com\/hu\/wp-json\/wp\/v2\/product_brand?post=9623"},{"taxonomy":"product_cat","embeddable":true,"href":"https:\/\/amicamiashop.com\/hu\/wp-json\/wp\/v2\/product_cat?post=9623"},{"taxonomy":"product_tag","embeddable":true,"href":"https:\/\/amicamiashop.com\/hu\/wp-json\/wp\/v2\/product_tag?post=9623"}],"curies":[{"name":"wp","href":"https:\/\/api.w.org\/{rel}","templated":true}]}}