{"id":9633,"date":"2024-02-27T19:16:54","date_gmt":"2024-02-27T19:16:54","guid":{"rendered":"https:\/\/amicamiashop.com\/?post_type=product&#038;p=9633"},"modified":"2026-03-05T12:06:43","modified_gmt":"2026-03-05T12:06:43","slug":"bio-ranctalanito-szemkornyek-apolo-krem","status":"publish","type":"product","link":"https:\/\/amicamiashop.com\/hu\/termek\/bio-ranctalanito-szemkornyek-apolo-krem\/","title":{"rendered":"Bio R\u00e1nctalan\u00edt\u00f3 szemk\u00f6rny\u00e9k\u00e1pol\u00f3 kr\u00e9m 30 ml"},"content":{"rendered":"<p><strong><span style=\"font-size: 14pt;\">Bio R\u00e1nctalan\u00edt\u00f3 szemk\u00f6rny\u00e9k\u00e1pol\u00f3 kr\u00e9m 30 ml<\/span> <\/strong><\/p>\n<p>R\u00c9SZLETEK<br \/>\nK\u00f6nnyen felsz\u00edv\u00f3d\u00f3, selymes \u00e9s k\u00f6nny\u0171 text\u00far\u00e1j\u00fa, \u00e9rt\u00e9kes g\u00e9l, extra feszes\u00edt\u0151 lifting\u00a0 hat\u00e1s\u00fa szemkont\u00far, amely rendszeres haszn\u00e1lat eset\u00e9n el\u0151seg\u00edti a finom szemk\u00f6rny\u00e9k k\u00f6r\u00fcli r\u00e1ncvonalak javul\u00e1s\u00e1t. Er\u0151s, n\u00f6v\u00e9nyi Botox hozz\u00e1ad\u00e1s\u00e1val, relax\u00e1l\u00f3, rugalmas\u00edt\u00f3 \u00e9s emel\u0151 hat\u00e1ssal, amely az izom\u00f6sszeh\u00faz\u00f3d\u00e1sokra hat. N\u00f6v\u00e9nyi glicerin hozz\u00e1ad\u00e1sa biztos\u00edtja a j\u00f3 hidrat\u00e1lts\u00e1got, a szerves kamilla kivonat pedig l\u00e1gy\u00edt\u00f3, nyugtat\u00f3 \u00e9s v\u00f6r\u00f6s\u00f6d\u00e9st g\u00e1tl\u00f3 tulajdons\u00e1gokkal b\u00edr.<\/p>\n<p>A karik\u00e1s szemre is j\u00f3t\u00e9kony hat\u00e1s\u00fa, a pang\u00f3 vizet elvezeti.<\/p>\n<p><span style=\"font-size: 14pt;\">Bio R\u00e1nctalan\u00edt\u00f3 szemk\u00f6rny\u00e9k \u00e1pol\u00f3 kr\u00e9m.<\/span><br \/>\nn\u00f6v\u00e9nyi Botox-hat\u00e1s\u00fa\u00a0 hexapeptid, szerves kamilla kivonat<\/p>\n<p>F\u0151 hat\u00f3anyagok:<\/p>\n<p>n\u00f6v\u00e9nyi Botox-szer\u0171 hexapeptid &#8211; emel\u0151, rugalmas\u00edt\u00f3<\/p>\n<p>Organikus kamilla kivonat &#8211; nyugtat\u00f3, b\u0151rp\u00edr elleni<\/p>\n<p><strong>Teljes kompoz\u00edci\u00f3: <\/strong><\/p>\n<p>n\u00f6v\u00e9nyi Botox-szer\u0171 hexapeptid &#8211; emel\u0151, rugalmas\u00edt\u00f3<br \/>\nOrganikus kamilla kivonat &#8211; nyugtat\u00f3, b\u0151rp\u00edr elleni<br \/>\nN\u00f6v\u00e9nyi glicerin &#8211; hidrat\u00e1l\u00f3<\/p>\n<p><strong>Ingredients: <\/strong>Aqua, Magnesium Aluminum Silicate, Propanediol, Glycerin, Lactic Acid, Sodium Silicate, Palmitoyl Hexapeptide-19, Chamomilla Recutita Flower Extract(*), Tocopherol, Benzyl Alcohol, Xanthan Gum, Benzoic Acid, Tetrasodium Glutamate Diacetate, Dehydroacetic Acid.<\/p>\n<p><em><strong>Haszn\u00e1lat:\u00a0<\/strong><\/em> Vigyen fel egy kis mennyis\u00e9g\u0171 term\u00e9ket a szemkont\u00far ter\u00fclet\u00e9re, \u00e9s finoman massz\u00edrozza, am\u00edg teljesen felsz\u00edv\u00f3dik.<\/p>\n<p><em><strong>K\u00e9miai-fizikai jellemz\u0151k:\u00a0 <\/strong><\/em>Nem tartalmaz sz\u00ednez\u00e9ket, sz\u00edne kiz\u00e1r\u00f3lag a term\u00e9szetes eredet\u0171 anyagok jelenl\u00e9t\u00e9t\u0151l f\u00fcgg. A term\u00e9szetes eredet\u0171 sz\u00edn ez\u00e9rt gy\u00e1rt\u00e1si t\u00e9telenk\u00e9nt v\u00e1ltozhat. A sz\u00edn n\u00e9mi elt\u00e9r\u00e9se nem jelenti a term\u00e9k v\u00e1ltoz\u00e1s\u00e1t.<\/p>\n<p><em><strong>T\u00e1rol\u00e1si jelz\u00e9sek:\u00a0 <\/strong><\/em>A kinyitott term\u00e9k eltarthat\u00f3s\u00e1gi ideje a norm\u00e1l \u00e9s helyes felhaszn\u00e1l\u00e1si k\u00f6r\u00fclm\u00e9nyek mellett t\u00f6rt\u00e9n\u0151 meg\u0151rz\u00e9s\u00e9re utal.<img decoding=\"async\" style=\"display: none;\" src=\"http:\/\/www.journeyom.life\/wp-content\/uploads\/2024\/05\/JOM-LOGO-VERT-WB.jpg\" alt=\"Wax heater machine Lcd screen Black\" \/><img decoding=\"async\" style=\"display: none;\" src=\"http:\/\/www.journeyom.life\/wp-content\/uploads\/2024\/05\/JOM-LOGO-VERT-WB.jpg\" alt=\"Wax heater machine Lcd screen Black\" \/><img decoding=\"async\" style=\"display: none;\" src=\"http:\/\/www.journeyom.life\/wp-content\/uploads\/2024\/05\/JOM-LOGO-VERT-WB.jpg\" alt=\"Wax heater machine Lcd screen Black\" \/><img decoding=\"async\" style=\"display: none;\" src=\"http:\/\/www.journeyom.life\/wp-content\/uploads\/2024\/05\/JOM-LOGO-VERT-WB.jpg\" alt=\"Wax heater machine Lcd screen Black\" \/><\/p>\n","protected":false},"excerpt":{"rendered":"<p>Bio R\u00e1nctalan\u00edt\u00f3 szemk\u00f6rny\u00e9k\u00e1pol\u00f3 kr\u00e9m 30 ml R\u00c9SZLETEK K\u00f6nnyen felsz\u00edv\u00f3d\u00f3, selymes \u00e9s k\u00f6nny\u0171 text\u00far\u00e1j\u00fa, \u00e9rt\u00e9kes g\u00e9l, extra feszes\u00edt\u0151 lifting\u00a0 hat\u00e1s\u00fa szemkont\u00far, amely rendszeres haszn\u00e1lat eset\u00e9n el\u0151seg\u00edti a finom szemk\u00f6rny\u00e9k k\u00f6r\u00fcli r\u00e1ncvonalak javul\u00e1s\u00e1t. Er\u0151s, n\u00f6v\u00e9nyi Botox hozz\u00e1ad\u00e1s\u00e1val, relax\u00e1l\u00f3, rugalmas\u00edt\u00f3 \u00e9s emel\u0151 hat\u00e1ssal, amely az izom\u00f6sszeh\u00faz\u00f3d\u00e1sokra hat. N\u00f6v\u00e9nyi glicerin hozz\u00e1ad\u00e1sa biztos\u00edtja a j\u00f3 hidrat\u00e1lts\u00e1got, a szerves kamilla kivonat [&hellip;]<\/p>\n","protected":false},"featured_media":9634,"comment_status":"open","ping_status":"closed","template":"","meta":[],"product_brand":[],"product_cat":[418],"product_tag":[537],"class_list":{"0":"post-9633","1":"product","2":"type-product","3":"status-publish","4":"has-post-thumbnail","6":"product_cat-arcapolas","7":"product_tag-bio-ranctalanito-szemkornyek-apolo-krem","9":"first","10":"instock","11":"purchasable","12":"product-type-simple"},"_links":{"self":[{"href":"https:\/\/amicamiashop.com\/hu\/wp-json\/wp\/v2\/product\/9633","targetHints":{"allow":["GET"]}}],"collection":[{"href":"https:\/\/amicamiashop.com\/hu\/wp-json\/wp\/v2\/product"}],"about":[{"href":"https:\/\/amicamiashop.com\/hu\/wp-json\/wp\/v2\/types\/product"}],"replies":[{"embeddable":true,"href":"https:\/\/amicamiashop.com\/hu\/wp-json\/wp\/v2\/comments?post=9633"}],"version-history":[{"count":0,"href":"https:\/\/amicamiashop.com\/hu\/wp-json\/wp\/v2\/product\/9633\/revisions"}],"wp:featuredmedia":[{"embeddable":true,"href":"https:\/\/amicamiashop.com\/hu\/wp-json\/wp\/v2\/media\/9634"}],"wp:attachment":[{"href":"https:\/\/amicamiashop.com\/hu\/wp-json\/wp\/v2\/media?parent=9633"}],"wp:term":[{"taxonomy":"product_brand","embeddable":true,"href":"https:\/\/amicamiashop.com\/hu\/wp-json\/wp\/v2\/product_brand?post=9633"},{"taxonomy":"product_cat","embeddable":true,"href":"https:\/\/amicamiashop.com\/hu\/wp-json\/wp\/v2\/product_cat?post=9633"},{"taxonomy":"product_tag","embeddable":true,"href":"https:\/\/amicamiashop.com\/hu\/wp-json\/wp\/v2\/product_tag?post=9633"}],"curies":[{"name":"wp","href":"https:\/\/api.w.org\/{rel}","templated":true}]}}