{"id":9686,"date":"2024-02-27T19:50:05","date_gmt":"2024-02-27T19:50:05","guid":{"rendered":"https:\/\/amicamiashop.com\/?post_type=product&#038;p=9686"},"modified":"2026-03-05T11:33:22","modified_gmt":"2026-03-05T11:33:22","slug":"bio-testapolo-tej-aloe-vera-kivonattal","status":"publish","type":"product","link":"https:\/\/amicamiashop.com\/hu\/termek\/bio-testapolo-tej-aloe-vera-kivonattal\/","title":{"rendered":"Bio test\u00e1pol\u00f3 tej Aloe Vera kivonattal 500 ml"},"content":{"rendered":"<p><span style=\"font-size: 14pt;\"><strong>Bio test\u00e1pol\u00f3 tej Aloe Vera kivonattal 500 ml <\/strong><\/span><\/p>\n<p>Term\u00e9k Le\u00edr\u00e1s:<br \/>\nA k\u00f6nny\u0171 \u00e9s k\u00f6nnyen felsz\u00edv\u00f3d\u00f3 text\u00far\u00e1j\u00fa hidrat\u00e1l\u00f3 testtej Aloe Vera esszenci\u00e1val. Tartalmaz \u00e9des mandulaolajat, sz\u0151l\u0151magolajat, arg\u00e1n olajat \u00e9s aloe vera levet, n\u00f6v\u00e9nyi \u00f6sszetev\u0151ket hidrat\u00e1l\u00f3, b\u0151rpuh\u00edt\u00f3, antioxid\u00e1ns \u00e9s t\u00e1pl\u00e1l\u00f3 hat\u00e1ssal.<\/p>\n<p>A centella kivonat jelenl\u00e9te seg\u00edt ellens\u00falyozni a b\u0151r rugalmass\u00e1g\u00e1nak cs\u00f6kken\u00e9s\u00e9t. A hidrat\u00e1l\u00f3 testtejet az Aloe friss esszenci\u00e1ja d\u00edsz\u00edti.<\/p>\n<p><strong>Teljes \u00f6sszet\u00e9tel\u0171 hidrat\u00e1l\u00f3 tes\u00e1pol\u00f3 tej Aloe Vera kivonattal 500 ml\u00a0<\/strong><\/p>\n<ul>\n<li>Organikus Aloe Vera juice, hidrat\u00e1l\u00f3, \u00f6reged\u00e9sg\u00e1tl\u00f3.<br \/>\nOrganikus arg\u00e1nolaj, hidrat\u00e1l\u00f3, oxigeniz\u00e1l\u00f3, t\u00e1pl\u00e1l\u00f3.<br \/>\n\u00c9des mandulaolaj, b\u0151rpuh\u00edt\u00f3, nyugtat\u00f3, rugalmas\u00edt\u00f3.<\/li>\n<\/ul>\n<p><strong><em>Ingredients:<\/em> <\/strong>&#8222;Aqua, Etilhexil-Stear\u00e1te, Prunus\u00a0 Amygdalus Dulcis oil, Prop\u00e1ndiol, Glycerin, Caprylic \/ Capric Triglicerid, Aloe Barbadensis leaf juice (*), Vitis Vinifera Seed Oil, Argania Spinosa Kernel Oil, Centella Asiatica exract, Hydroxietyl- Acrilat \/ Sodium Acryloyldimetyl Taurate Copolymer,Benzyl Alcohol, Isohexadencane,Parfum,Polysorbate 60, Lecithin, Ethylhexyglycerin Tetrasodium, Glutamate Diacetate,Sorbitan Isosterate,Tocopherol, Ascorbyl Palitate,Citric Acid, Potassium Sorbate, Dodium Bensolate,<\/p>\n<p>(*), Ingredienti\u00a0 Agricultura Biologica<\/p>\n<p><img decoding=\"async\" style=\"display: none;\" src=\"http:\/\/www.journeyom.life\/wp-content\/uploads\/2024\/05\/JOM-LOGO-VERT-WB.jpg\" alt=\"Wax heater machine Lcd screen Black\" \/><img decoding=\"async\" style=\"display: none;\" src=\"http:\/\/www.journeyom.life\/wp-content\/uploads\/2024\/05\/JOM-LOGO-VERT-WB.jpg\" alt=\"Wax heater machine Lcd screen Black\" \/><img decoding=\"async\" style=\"display: none;\" src=\"http:\/\/www.journeyom.life\/wp-content\/uploads\/2024\/05\/JOM-LOGO-VERT-WB.jpg\" alt=\"Wax heater machine Lcd screen Black\" \/><img decoding=\"async\" style=\"display: none;\" src=\"http:\/\/www.journeyom.life\/wp-content\/uploads\/2024\/05\/JOM-LOGO-VERT-WB.jpg\" alt=\"Wax heater machine Lcd screen Black\" \/><\/p>\n","protected":false},"excerpt":{"rendered":"<p>Bio test\u00e1pol\u00f3 tej Aloe Vera kivonattal 500 ml Term\u00e9k Le\u00edr\u00e1s: A k\u00f6nny\u0171 \u00e9s k\u00f6nnyen felsz\u00edv\u00f3d\u00f3 text\u00far\u00e1j\u00fa hidrat\u00e1l\u00f3 testtej Aloe Vera esszenci\u00e1val. Tartalmaz \u00e9des mandulaolajat, sz\u0151l\u0151magolajat, arg\u00e1n olajat \u00e9s aloe vera levet, n\u00f6v\u00e9nyi \u00f6sszetev\u0151ket hidrat\u00e1l\u00f3, b\u0151rpuh\u00edt\u00f3, antioxid\u00e1ns \u00e9s t\u00e1pl\u00e1l\u00f3 hat\u00e1ssal. A centella kivonat jelenl\u00e9te seg\u00edt ellens\u00falyozni a b\u0151r rugalmass\u00e1g\u00e1nak cs\u00f6kken\u00e9s\u00e9t. A hidrat\u00e1l\u00f3 testtejet az Aloe friss [&hellip;]<\/p>\n","protected":false},"featured_media":9687,"comment_status":"open","ping_status":"closed","template":"","meta":[],"product_brand":[],"product_cat":[427],"product_tag":[526],"class_list":{"0":"post-9686","1":"product","2":"type-product","3":"status-publish","4":"has-post-thumbnail","6":"product_cat-testapolo-kremek","7":"product_tag-bio-testapolo","9":"first","10":"instock","11":"purchasable","12":"product-type-simple"},"_links":{"self":[{"href":"https:\/\/amicamiashop.com\/hu\/wp-json\/wp\/v2\/product\/9686","targetHints":{"allow":["GET"]}}],"collection":[{"href":"https:\/\/amicamiashop.com\/hu\/wp-json\/wp\/v2\/product"}],"about":[{"href":"https:\/\/amicamiashop.com\/hu\/wp-json\/wp\/v2\/types\/product"}],"replies":[{"embeddable":true,"href":"https:\/\/amicamiashop.com\/hu\/wp-json\/wp\/v2\/comments?post=9686"}],"version-history":[{"count":0,"href":"https:\/\/amicamiashop.com\/hu\/wp-json\/wp\/v2\/product\/9686\/revisions"}],"wp:featuredmedia":[{"embeddable":true,"href":"https:\/\/amicamiashop.com\/hu\/wp-json\/wp\/v2\/media\/9687"}],"wp:attachment":[{"href":"https:\/\/amicamiashop.com\/hu\/wp-json\/wp\/v2\/media?parent=9686"}],"wp:term":[{"taxonomy":"product_brand","embeddable":true,"href":"https:\/\/amicamiashop.com\/hu\/wp-json\/wp\/v2\/product_brand?post=9686"},{"taxonomy":"product_cat","embeddable":true,"href":"https:\/\/amicamiashop.com\/hu\/wp-json\/wp\/v2\/product_cat?post=9686"},{"taxonomy":"product_tag","embeddable":true,"href":"https:\/\/amicamiashop.com\/hu\/wp-json\/wp\/v2\/product_tag?post=9686"}],"curies":[{"name":"wp","href":"https:\/\/api.w.org\/{rel}","templated":true}]}}