{"id":9692,"date":"2024-02-27T19:52:05","date_gmt":"2024-02-27T19:52:05","guid":{"rendered":"https:\/\/amicamiashop.com\/?post_type=product&#038;p=9692"},"modified":"2026-03-11T09:58:01","modified_gmt":"2026-03-11T09:58:01","slug":"bio-testapolo-monoi-kivonattal-500-ml","status":"publish","type":"product","link":"https:\/\/amicamiashop.com\/hu\/termek\/bio-testapolo-monoi-kivonattal-500-ml\/","title":{"rendered":"Bio test\u00e1pol\u00f3 Monoi kivonattal 500 ml"},"content":{"rendered":"<p><strong><span style=\"font-size: 14pt;\">Bio test\u00e1pol\u00f3 Monoi kivonattal 500 ml<\/span><\/strong><\/p>\n<p>K\u00f6nny\u0171 text\u00far\u00e1j\u00fa \u00e9s k\u00f6nnyen felsz\u00edv\u00f3d\u00f3 hidrat\u00e1l\u00f3 testtej amely tartalmaz \u00e9des mandulaolajat, sz\u0151l\u0151magolajat, arg\u00e1nolajat \u00e9s aloe vera-levet, n\u00f6v\u00e9nyi \u00f6sszetev\u0151ket amelyek hidrat\u00e1l\u00f3, b\u0151rpuh\u00edt\u00f3, antioxid\u00e1ns, \u00e9s b\u0151r t\u00e1pl\u00e1l\u00f3 hat\u00e1s\u00faak. Hat\u00e9kony a terhess\u00e9g alatti stri\u00e1k kialakul\u00e1s\u00e1nak megel\u0151z\u00e9s\u00e9ben \u00e9s a mellbimb\u00f3 szoptat\u00e1s ut\u00e1ni reped\u00e9s\u00e9nek megakad\u00e1lyoz\u00e1s\u00e1ban.<\/p>\n<p>HIDRAT\u00c1L\u00d3 TEST TEJ ESSENCE MONOI<\/p>\n<p>\u00d6sszetev\u0151k:<br \/>\nOrganikus Aloe Vera juice: hidrat\u00e1l\u00f3, \u00f6reged\u00e9sg\u00e1tl\u00f3<br \/>\nOrganikus arg\u00e1nolaj: hidrat\u00e1l\u00f3, oxigeniz\u00e1l\u00f3, t\u00e1pl\u00e1l\u00f3<br \/>\n\u00c9des mandulaolaj :\u00a0 b\u0151rpuh\u00edt\u00f3, nyugtat\u00f3, rugalmas\u00edt\u00f3<\/p>\n<p>Haszn\u00e1lat: Vigye fel a megfelel\u0151 mennyis\u00e9g\u0171 hidrat\u00e1l\u00f3 testtejet \u00e9s massz\u00edrozza, am\u00edg teljesen felsz\u00edv\u00f3dik.<\/p>\n<p>Fizikai-k\u00e9miai jellemz\u0151k: Nem tartalmaz sz\u00ednez\u00e9ket, sz\u00edne kiz\u00e1r\u00f3lag a term\u00e9szetes eredet\u0171 anyagok jelenl\u00e9t\u00e9t\u0151l f\u00fcgg. A term\u00e9szetes eredet\u0171 sz\u00edn ez\u00e9rt gy\u00e1rt\u00e1si t\u00e9telenk\u00e9nt v\u00e1ltozhat. N\u00e9mi sz\u00ednv\u00e1ltoz\u00e1s nem jelenti a term\u00e9k v\u00e1ltoz\u00e1s\u00e1t.<\/p>\n<p><em><strong>Ingredient:<\/strong> <\/em>&#8222;Aqua, Etylhexyl-Stear\u00e1te, Prunus\u00a0 Amygdalus\u00a0 Dulcis Oil, Prop\u00e1ndiol, Glycerin, Caprylic \/ Capric Triglicerid, Aloe Barbadensis leaf juice (*), Vitis Vinifera Seed Oil, Argania Spinosa\u00a0 Kernel Oil, Centella Asiatica\u00a0 Exract, Hydroxiethyl- Acrylate \/ Sodium Acryloyldimetyl Taurate Copolymer,Benzyl Alcohol, Isohexadencane,Parfum, Polysorbate 60, Lecithin, Ethylhexyglycerin Tetrasodium, Glutamate Diacetate,Sorbitan Isosterate Hexyl Cinnamal Limone Linalool Tocopherol, Ascorbyl Palitate,Citric Acid, Potassium Sorbate, Sodium Bensolate,<\/p>\n<p>(*), Ingredienti\u00a0 Agricultura Biologica<\/p>\n","protected":false},"excerpt":{"rendered":"<p>Bio test\u00e1pol\u00f3 Monoi kivonattal 500 ml K\u00f6nny\u0171 text\u00far\u00e1j\u00fa \u00e9s k\u00f6nnyen felsz\u00edv\u00f3d\u00f3 hidrat\u00e1l\u00f3 testtej amely tartalmaz \u00e9des mandulaolajat, sz\u0151l\u0151magolajat, arg\u00e1nolajat \u00e9s aloe vera-levet, n\u00f6v\u00e9nyi \u00f6sszetev\u0151ket amelyek hidrat\u00e1l\u00f3, b\u0151rpuh\u00edt\u00f3, antioxid\u00e1ns, \u00e9s b\u0151r t\u00e1pl\u00e1l\u00f3 hat\u00e1s\u00faak. Hat\u00e9kony a terhess\u00e9g alatti stri\u00e1k kialakul\u00e1s\u00e1nak megel\u0151z\u00e9s\u00e9ben \u00e9s a mellbimb\u00f3 szoptat\u00e1s ut\u00e1ni reped\u00e9s\u00e9nek megakad\u00e1lyoz\u00e1s\u00e1ban. HIDRAT\u00c1L\u00d3 TEST TEJ ESSENCE MONOI \u00d6sszetev\u0151k: Organikus Aloe Vera [&hellip;]<\/p>\n","protected":false},"featured_media":9687,"comment_status":"open","ping_status":"closed","template":"","meta":[],"product_brand":[],"product_cat":[427],"product_tag":[525],"class_list":{"0":"post-9692","1":"product","2":"type-product","3":"status-publish","4":"has-post-thumbnail","6":"product_cat-testapolo-kremek","7":"product_tag-bio-testapolo-monoi-kivonattal-500-ml","9":"first","10":"instock","11":"purchasable","12":"product-type-simple"},"_links":{"self":[{"href":"https:\/\/amicamiashop.com\/hu\/wp-json\/wp\/v2\/product\/9692","targetHints":{"allow":["GET"]}}],"collection":[{"href":"https:\/\/amicamiashop.com\/hu\/wp-json\/wp\/v2\/product"}],"about":[{"href":"https:\/\/amicamiashop.com\/hu\/wp-json\/wp\/v2\/types\/product"}],"replies":[{"embeddable":true,"href":"https:\/\/amicamiashop.com\/hu\/wp-json\/wp\/v2\/comments?post=9692"}],"version-history":[{"count":0,"href":"https:\/\/amicamiashop.com\/hu\/wp-json\/wp\/v2\/product\/9692\/revisions"}],"wp:featuredmedia":[{"embeddable":true,"href":"https:\/\/amicamiashop.com\/hu\/wp-json\/wp\/v2\/media\/9687"}],"wp:attachment":[{"href":"https:\/\/amicamiashop.com\/hu\/wp-json\/wp\/v2\/media?parent=9692"}],"wp:term":[{"taxonomy":"product_brand","embeddable":true,"href":"https:\/\/amicamiashop.com\/hu\/wp-json\/wp\/v2\/product_brand?post=9692"},{"taxonomy":"product_cat","embeddable":true,"href":"https:\/\/amicamiashop.com\/hu\/wp-json\/wp\/v2\/product_cat?post=9692"},{"taxonomy":"product_tag","embeddable":true,"href":"https:\/\/amicamiashop.com\/hu\/wp-json\/wp\/v2\/product_tag?post=9692"}],"curies":[{"name":"wp","href":"https:\/\/api.w.org\/{rel}","templated":true}]}}