{"id":14140,"date":"2024-02-02T20:39:43","date_gmt":"2024-02-02T20:39:43","guid":{"rendered":"https:\/\/amicamiashop.com\/regisztracio-kozmetikusoknak\/"},"modified":"2026-04-13T15:54:30","modified_gmt":"2026-04-13T15:54:30","slug":"iscrizione-per-cosmetici","status":"publish","type":"page","link":"https:\/\/amicamiashop.com\/it\/iscrizione-per-cosmetici\/","title":{"rendered":"ISCRIZIONE &#8211; PER COSMETICI"},"content":{"rendered":"\t\t<div data-elementor-type=\"wp-page\" data-elementor-id=\"14140\" class=\"elementor elementor-14140 elementor-8897\" data-elementor-post-type=\"page\">\n\t\t\t\t\t\t<section class=\"elementor-section elementor-top-section elementor-element elementor-element-4cfd2eb elementor-section-boxed elementor-section-height-default elementor-section-height-default\" data-id=\"4cfd2eb\" data-element_type=\"section\">\r\n\t\t\r\n\t\t\t\t\t\t\t<div class=\"elementor-container elementor-column-gap-default\">\r\n\t\t\t\t\t\t\t\t\t\t\t<div class=\"elementor-column elementor-col-100 elementor-top-column elementor-element elementor-element-01544c5\" data-id=\"01544c5\" data-element_type=\"column\">\r\n\t\t\t\t\t<div class=\"elementor-widget-wrap elementor-element-populated\">\r\n\t\t\t\t\t\t\t\t<div class=\"elementor-element elementor-element-e40e7e7 elementor-widget elementor-widget-heading\" data-id=\"e40e7e7\" data-element_type=\"widget\" data-widget_type=\"heading.default\">\n\t\t\t\t<div class=\"elementor-widget-container\">\n\t\t\t\t\t<h2 class=\"elementor-heading-title elementor-size-default\">REGISTRAZIONE -\nPER COSMETICI, RIVENDITORI, STUDENTI<\/h2>\t\t\t\t<\/div>\n\t\t\t\t<\/div>\n\t\t\t\t\t<\/div>\r\n\t\t\t\t<\/div>\r\n\t\t\t\t\t<\/div>\r\n\t\t\t\t<\/section>\r\n\t\t\t\t<section class=\"elementor-section elementor-top-section elementor-element elementor-element-05f5ee0 elementor-section-boxed elementor-section-height-default elementor-section-height-default\" data-id=\"05f5ee0\" data-element_type=\"section\">\r\n\t\t\r\n\t\t\t\t\t\t\t<div class=\"elementor-container elementor-column-gap-default\">\r\n\t\t\t\t\t\t\t\t\t\t\t<div class=\"elementor-column elementor-col-25 elementor-top-column elementor-element elementor-element-6abf99f\" data-id=\"6abf99f\" data-element_type=\"column\">\r\n\t\t\t\t\t<div class=\"elementor-widget-wrap\">\r\n\t\t\t\t\t\t\t\t\t<\/div>\r\n\t\t\t\t<\/div>\r\n\t\t\t\t<div class=\"elementor-column elementor-col-50 elementor-top-column elementor-element elementor-element-3d58ec8\" data-id=\"3d58ec8\" data-element_type=\"column\" data-settings=\"{&quot;background_background&quot;:&quot;classic&quot;}\">\r\n\t\t\t\t\t<div class=\"elementor-widget-wrap elementor-element-populated\">\r\n\t\t\t\t\t\t\t\t<div class=\"elementor-element elementor-element-d90ff46 elementor-widget elementor-widget-shortcode\" data-id=\"d90ff46\" data-element_type=\"widget\" data-widget_type=\"shortcode.default\">\n\t\t\t\t<div class=\"elementor-widget-container\">\n\t\t\t\t\t\t\t<div class=\"elementor-shortcode\"><div class=\"forminator-ui forminator-custom-form forminator-custom-form-14156 forminator-design--default  forminator_ajax\" data-forminator-render=\"0\" data-form=\"forminator-module-14156\" data-uid=\"69e30afd69aaf\"><br\/><\/div><form\n\t\t\t\tid=\"forminator-module-14156\"\n\t\t\t\tclass=\"forminator-ui forminator-custom-form forminator-custom-form-14156 forminator-design--default  forminator_ajax\"\n\t\t\t\tmethod=\"post\"\n\t\t\t\tdata-forminator-render=\"0\"\n\t\t\t\tdata-form-id=\"14156\"\n\t\t\t\tenctype=\"multipart\/form-data\" data-color-option=\"default\" data-design=\"default\" data-grid=\"open\" style=\"display: none;\"\n\t\t\t\tdata-uid=\"69e30afd69aaf\"\n\t\t\t><div role=\"alert\" aria-live=\"polite\" class=\"forminator-response-message forminator-error\" aria-hidden=\"true\"><\/div><div class=\"forminator-row\"><div id=\"text-1\" class=\"forminator-field-text forminator-col forminator-col-6 \"><div class=\"forminator-field\"><label for=\"forminator-field-text-1_69e30afd69aaf\" id=\"forminator-field-text-1_69e30afd69aaf-label\" class=\"forminator-label\">Nome <span class=\"forminator-required\">*<\/span><\/label><input type=\"text\" name=\"text-1\" value=\"\" placeholder=\"Nome\" id=\"forminator-field-text-1_69e30afd69aaf\" class=\"forminator-input forminator-name--field\" data-required=\"true\" \/><\/div><\/div><div id=\"text-3\" class=\"forminator-field-text forminator-col forminator-col-6 \"><div class=\"forminator-field\"><label for=\"forminator-field-text-3_69e30afd69aaf\" id=\"forminator-field-text-3_69e30afd69aaf-label\" class=\"forminator-label\">Cognome <span class=\"forminator-required\">*<\/span><\/label><input type=\"text\" name=\"text-3\" value=\"\" placeholder=\"Cognome\" id=\"forminator-field-text-3_69e30afd69aaf\" class=\"forminator-input forminator-name--field\" data-required=\"1\" \/><\/div><\/div><\/div><div class=\"forminator-row\"><div id=\"phone-1\" class=\"forminator-field-phone forminator-col forminator-col-6 \"><div class=\"forminator-field\"><label for=\"forminator-field-phone-1_69e30afd69aaf\" id=\"forminator-field-phone-1_69e30afd69aaf-label\" class=\"forminator-label\">Numero di telefono <span class=\"forminator-required\">*<\/span><\/label><input type=\"text\" name=\"phone-1\" value=\"\" placeholder=\"+36 300 400 500\" id=\"forminator-field-phone-1_69e30afd69aaf\" class=\"forminator-input forminator-field--phone\" data-required=\"1\" aria-required=\"true\" autocomplete=\"off\" \/><\/div><\/div><div id=\"text-4\" class=\"forminator-field-text forminator-col forminator-col-6 \"><div class=\"forminator-field\"><label for=\"forminator-field-text-4_69e30afd69aaf\" id=\"forminator-field-text-4_69e30afd69aaf-label\" class=\"forminator-label\">Nome dell&#039;azienda <span class=\"forminator-required\">*<\/span><\/label><input type=\"text\" name=\"text-4\" value=\"\" placeholder=\"Nome dell&#039;azienda\" id=\"forminator-field-text-4_69e30afd69aaf\" class=\"forminator-input forminator-name--field\" data-required=\"1\" \/><\/div><\/div><\/div><div class=\"forminator-row\"><div id=\"email-1\" class=\"forminator-field-email forminator-col forminator-col-12 \"><div class=\"forminator-field\"><label for=\"forminator-field-email-1_69e30afd69aaf\" id=\"forminator-field-email-1_69e30afd69aaf-label\" class=\"forminator-label\">Email <span class=\"forminator-required\">*<\/span><\/label><input type=\"email\" name=\"email-1\" value=\"\" placeholder=\"E.g. john@doe.com\" id=\"forminator-field-email-1_69e30afd69aaf\" class=\"forminator-input forminator-email--field\" data-required=\"true\" aria-required=\"true\" autocomplete=\"email\" \/><\/div><\/div><\/div><div class=\"forminator-row\"><div id=\"password-1\" class=\"forminator-field-password forminator-col forminator-col-12 \"><div class=\"forminator-field\"><label for=\"forminator-field-password-1_69e30afd69aaf\" id=\"forminator-field-password-1_69e30afd69aaf-label\" class=\"forminator-label\">Password <span class=\"forminator-required\">*<\/span><\/label><input name=\"password-1\" value=\"\" placeholder=\"Inserisci la tua password\" id=\"forminator-field-password-1_69e30afd69aaf\" class=\"forminator-input forminator-name--field\" data-required=\"true\" type=\"password\" \/><\/div><\/div><\/div><div class=\"forminator-row\"><div class=\"forminator-col forminator-col-12\"><div class=\"forminator-field\"><label for=\"forminator-field-confirm_password-1_69e30afd69aaf\" id=\"forminator-field-confirm_password-1_69e30afd69aaf-label\" class=\"forminator-label\">Confirm Password <span class=\"forminator-required\">*<\/span><\/label><input name=\"confirm_password-1\" value=\"\" placeholder=\"Confirm new password\" id=\"forminator-field-confirm_password-1_69e30afd69aaf\" class=\"forminator-input forminator-name--field\" data-required=\"true\" type=\"password\" \/><\/div><\/div><\/div><div class=\"forminator-row\"><div id=\"checkbox-1\" class=\"forminator-field-checkbox forminator-col forminator-col-12 \"><div role=\"group\" class=\"forminator-field required\" aria-labelledby=\"forminator-checkbox-group-forminator-field-checkbox-1-69e30afd69aaf-label\"><label id=\"forminator-field-checkbox-1-1-69e30afd69aaf-label\" for=\"forminator-field-checkbox-1-1-69e30afd69aaf\" class=\"forminator-checkbox\" title=\"Inviando questo modulo, accetto i termini e le condizioni generali e l&#039;informativa sulla protezione dei dati. Sono consapevole che i miei dati potranno essere conservati in conformit\u00e0 con tali termini e condizioni e potranno rimanere archiviati fino a quando non ne richieder\u00f2 la cancellazione.\"><input type=\"checkbox\" name=\"checkbox-1[]\" value=\"one\" id=\"forminator-field-checkbox-1-1-69e30afd69aaf\" aria-labelledby=\"forminator-field-checkbox-1-1-69e30afd69aaf-label\" data-calculation=\"0\"   data-hidden-behavior=\"zero\"\/><span class=\"forminator-checkbox-box\" aria-hidden=\"true\"><\/span><span class=\"forminator-checkbox-label\">Inviando questo modulo, accetto i termini e le condizioni generali e l'informativa sulla protezione dei dati. Sono consapevole che i miei dati potranno essere conservati in conformit\u00e0 con tali termini e condizioni e potranno rimanere archiviati fino a quando non ne richieder\u00f2 la cancellazione.<\/span><\/label><\/div><\/div><\/div><div class=\"forminator-row\"><div id=\"upload-1\" class=\"forminator-field-upload forminator-col forminator-col-12 \"><div class=\"forminator-field\"><label for=\"forminator-field-upload-1_69e30afd69aaf\" id=\"forminator-field-upload-1_69e30afd69aaf-label\" class=\"forminator-label\">Certificato di cosmetologa <span class=\"forminator-required\">*<\/span><\/label><div class=\"forminator-file-upload \" data-element=\"upload-1_69e30afd69aaf\" aria-describedby=\"forminator-field-upload-1_69e30afd69aaf-description\"><input type=\"file\" name=\"upload-1\" id=\"forminator-field-upload-1_69e30afd69aaf\" class=\"forminator-input-file-required do-validate\" accept=\".jpg,.jpeg,.jpe,.png,.doc,.pdf\" tabindex=\"-1\"><button id=\"forminator-field-upload-1_69e30afd69aaf_button\" class=\"forminator-button forminator-button-upload\" data-id=\"forminator-field-upload-1_69e30afd69aaf\">Choose File<\/button><span data-empty-text=\"No file chosen\">No file chosen<\/span><button class=\"forminator-button-delete\" style=\"display: none;\"><i class=\"forminator-icon-close\" aria-hidden=\"true\"><\/i><span class=\"forminator-screen-reader-only\">Delete uploaded file<\/span><\/button><\/div><span id=\"forminator-field-upload-1_69e30afd69aaf-description\" class=\"forminator-description\">Documento di riconoscimento per ESTETISTI, RIVENDITORI, STUDENTI<br><br>Formati file ammessi: jpg,jpeg,png,pdf,doc.<\/span><\/div><\/div><\/div><div class=\"forminator-row\"><div id=\"html-1\" class=\"forminator-field-html forminator-col forminator-col-12 \"><div class=\"forminator-field forminator-merge-tags\" data-field=\"html-1\"><label class=\"forminator-label\">Annuncio<\/label><p>Una volta inviata la richiesta, il tuo account rimarr\u00e0 in sospeso fino all'approvazione da parte del nostro team. Non potrai accedere n\u00e9 utilizzare i tuoi dati finch\u00e9 non riceverai un'email di conferma. Grazie!<\/p><\/div><\/div><\/div><div class=\"forminator-row\"><div id=\"captcha-1\" class=\"forminator-field-captcha forminator-col forminator-col-12 \"><div class=\"forminator-captcha-left forminator-g-recaptcha\" data-theme=\"light\"  data-sitekey=\"6Lfq1JIqAAAAAAiC2YDl-iv4yMyedQPkoeQsPKHO\" data-size=\"normal\"><\/div> <\/div><\/div><input type=\"hidden\" name=\"referer_url\" value=\"\" \/><div class=\"forminator-row forminator-row-last\"><div class=\"forminator-col\"><div class=\"forminator-field\"><button class=\"forminator-button forminator-button-submit\">Invia<\/button><\/div><\/div><\/div><input type=\"hidden\" id=\"forminator_nonce\" name=\"forminator_nonce\" value=\"3a671dcec9\" \/><input type=\"hidden\" name=\"_wp_http_referer\" value=\"\/it\/wp-json\/wp\/v2\/pages\/14140\" \/><input type=\"hidden\" name=\"form_id\" value=\"14156\"><input type=\"hidden\" name=\"page_id\" value=\"14140\"><input type=\"hidden\" name=\"form_type\" value=\"registration\"><input type=\"hidden\" name=\"current_url\" value=\"https:\/\/amicamiashop.com\/it\/iscrizione-per-cosmetici\/\"><input type=\"hidden\" name=\"render_id\" value=\"0\"><input type=\"hidden\" name=\"action\" value=\"forminator_submit_form_custom-forms\"><\/form><\/div>\n\t\t\t\t\t\t<\/div>\n\t\t\t\t<\/div>\n\t\t\t\t\t<\/div>\r\n\t\t\t\t<\/div>\r\n\t\t\t\t<div class=\"elementor-column elementor-col-25 elementor-top-column elementor-element elementor-element-880dae1\" data-id=\"880dae1\" data-element_type=\"column\">\r\n\t\t\t\t\t<div class=\"elementor-widget-wrap\">\r\n\t\t\t\t\t\t\t\t\t<\/div>\r\n\t\t\t\t<\/div>\r\n\t\t\t\t\t<\/div>\r\n\t\t\t\t<\/section>\r\n\t\t\t\t<\/div>\n\t\t","protected":false},"excerpt":{"rendered":"<p>REGISTRAZIONE &#8211; PER COSMETICI, RIVENDITORI, STUDENTI<\/p>\n","protected":false},"author":1,"featured_media":0,"parent":0,"menu_order":0,"comment_status":"closed","ping_status":"closed","template":"","meta":{"footnotes":""},"class_list":["post-14140","page","type-page","status-publish","hentry"],"_links":{"self":[{"href":"https:\/\/amicamiashop.com\/it\/wp-json\/wp\/v2\/pages\/14140","targetHints":{"allow":["GET"]}}],"collection":[{"href":"https:\/\/amicamiashop.com\/it\/wp-json\/wp\/v2\/pages"}],"about":[{"href":"https:\/\/amicamiashop.com\/it\/wp-json\/wp\/v2\/types\/page"}],"author":[{"embeddable":true,"href":"https:\/\/amicamiashop.com\/it\/wp-json\/wp\/v2\/users\/1"}],"replies":[{"embeddable":true,"href":"https:\/\/amicamiashop.com\/it\/wp-json\/wp\/v2\/comments?post=14140"}],"version-history":[{"count":0,"href":"https:\/\/amicamiashop.com\/it\/wp-json\/wp\/v2\/pages\/14140\/revisions"}],"wp:attachment":[{"href":"https:\/\/amicamiashop.com\/it\/wp-json\/wp\/v2\/media?parent=14140"}],"curies":[{"name":"wp","href":"https:\/\/api.w.org\/{rel}","templated":true}]}}