{"id":8494,"date":"2024-01-23T15:42:49","date_gmt":"2024-01-23T15:42:49","guid":{"rendered":"https:\/\/amicamiashop.com\/news\/"},"modified":"2024-09-22T01:18:36","modified_gmt":"2024-09-22T01:18:36","slug":"news","status":"publish","type":"page","link":"https:\/\/amicamiashop.com\/it\/news\/","title":{"rendered":"News"},"content":{"rendered":"\t\t<div data-elementor-type=\"wp-page\" data-elementor-id=\"8494\" class=\"elementor elementor-8494 elementor-8297\" data-elementor-post-type=\"page\">\n\t\t\t\t\t\t<section class=\"elementor-section elementor-top-section elementor-element elementor-element-5cce6f8 elementor-section-boxed elementor-section-height-default elementor-section-height-default\" data-id=\"5cce6f8\" data-element_type=\"section\">\r\n\t\t\r\n\t\t\t\t\t\t\t<div class=\"elementor-container elementor-column-gap-default\">\r\n\t\t\t\t\t\t\t\t\t\t\t<div class=\"elementor-column elementor-col-66 elementor-top-column elementor-element elementor-element-5e34069\" data-id=\"5e34069\" data-element_type=\"column\">\r\n\t\t\t\t\t<div class=\"elementor-widget-wrap elementor-element-populated\">\r\n\t\t\t\t\t\t\t\t<div class=\"elementor-element elementor-element-0c914b9 elementor-grid-1 elementor-grid-tablet-1 elementor-grid-mobile-1 elementor-widget elementor-widget-loop-grid\" data-id=\"0c914b9\" data-element_type=\"widget\" data-settings=\"{&quot;template_id&quot;:8655,&quot;columns&quot;:1,&quot;columns_tablet&quot;:1,&quot;pagination_type&quot;:&quot;numbers_and_prev_next&quot;,&quot;_skin&quot;:&quot;post&quot;,&quot;columns_mobile&quot;:&quot;1&quot;,&quot;edit_handle_selector&quot;:&quot;[data-elementor-type=\\&quot;loop-item\\&quot;]&quot;,&quot;pagination_load_type&quot;:&quot;page_reload&quot;,&quot;row_gap&quot;:{&quot;unit&quot;:&quot;px&quot;,&quot;size&quot;:&quot;&quot;,&quot;sizes&quot;:[]},&quot;row_gap_tablet&quot;:{&quot;unit&quot;:&quot;px&quot;,&quot;size&quot;:&quot;&quot;,&quot;sizes&quot;:[]},&quot;row_gap_mobile&quot;:{&quot;unit&quot;:&quot;px&quot;,&quot;size&quot;:&quot;&quot;,&quot;sizes&quot;:[]}}\" data-widget_type=\"loop-grid.post\">\n\t\t\t\t<div class=\"elementor-widget-container\">\n\t\t\t\t\t\t\t<div class=\"e-loop-nothing-found-message\">\n\t\t<\/div>\n\t\t\t\t\t\t<\/div>\n\t\t\t\t<\/div>\n\t\t\t\t\t<\/div>\r\n\t\t\t\t<\/div>\r\n\t\t\t\t<div class=\"elementor-column elementor-col-33 elementor-top-column elementor-element elementor-element-435ddca\" data-id=\"435ddca\" data-element_type=\"column\">\r\n\t\t\t\t\t<div class=\"elementor-widget-wrap elementor-element-populated\">\r\n\t\t\t\t\t\t\t\t<div class=\"elementor-element elementor-element-7e8fd68 elementor-widget elementor-widget-image\" data-id=\"7e8fd68\" data-element_type=\"widget\" data-widget_type=\"image.default\">\n\t\t\t\t<div class=\"elementor-widget-container\">\n\t\t\t\t\t\t\t\t\t\t\t\t\t\t\t<img fetchpriority=\"high\" decoding=\"async\" width=\"649\" height=\"319\" src=\"https:\/\/amicamiashop.com\/wp-content\/uploads\/2024\/01\/best-products.jpg\" class=\"attachment-large size-large wp-image-8308\" alt=\"\" srcset=\"https:\/\/amicamiashop.com\/wp-content\/uploads\/2024\/01\/best-products.jpg 649w, https:\/\/amicamiashop.com\/wp-content\/uploads\/2024\/01\/best-products-640x315.jpg 640w, https:\/\/amicamiashop.com\/wp-content\/uploads\/2024\/01\/best-products-400x197.jpg 400w, https:\/\/amicamiashop.com\/wp-content\/uploads\/2024\/01\/best-products-600x295.jpg 600w\" sizes=\"(max-width: 649px) 100vw, 649px\" \/>\t\t\t\t\t\t\t\t\t\t\t\t\t\t\t<\/div>\n\t\t\t\t<\/div>\n\t\t\t\t<div class=\"elementor-element elementor-element-82044a0 elementor-widget elementor-widget-heading\" data-id=\"82044a0\" data-element_type=\"widget\" data-widget_type=\"heading.default\">\n\t\t\t\t<div class=\"elementor-widget-container\">\n\t\t\t\t\t<h2 class=\"elementor-heading-title elementor-size-default\">Amica Mia vende prodotti per la depilazione professionale, e cerette  per uso domestico. Tutti le nostre resine sono prodotte esclusivamente in Italia.<\/h2>\t\t\t\t<\/div>\n\t\t\t\t<\/div>\n\t\t\t\t<div class=\"elementor-element elementor-element-e3429d1 elementor-hidden-desktop elementor-hidden-tablet elementor-hidden-mobile elementor-widget elementor-widget-heading\" data-id=\"e3429d1\" data-element_type=\"widget\" data-widget_type=\"heading.default\">\n\t\t\t\t<div class=\"elementor-widget-container\">\n\t\t\t\t\t<h2 class=\"elementor-heading-title elementor-size-default\">OUR PARTNERS<\/h2>\t\t\t\t<\/div>\n\t\t\t\t<\/div>\n\t\t\t\t<div class=\"elementor-element elementor-element-75293e8 elementor-hidden-desktop elementor-hidden-tablet elementor-hidden-mobile elementor-widget elementor-widget-text-editor\" data-id=\"75293e8\" data-element_type=\"widget\" data-widget_type=\"text-editor.default\">\n\t\t\t\t<div class=\"elementor-widget-container\">\n\t\t\t\t\t\t\t\t\t<p><strong>Partner beauticians of our online store who use the products we sell:<\/strong><\/p><ul><li>Budapest 1058 K\u00e1lm\u00e1n Imre u 26. Hair Port V\u00e1rhelyi Zsuzsa cosmetologist<\/li><li>Budapest 1188 P\u00e9teri u.3 Aranyalma Beauty salon, beautician Krisztina B\u00e9di<\/li><li>Streng Katus 1071. Budapest Peterdy u 39. Katus Szalon<\/li><li>Schraub Edit 7355 Nagym\u00e1nyok Pet\u0151fi S\u00e1ndor u 69. Edit Cosmetics<\/li><li>Horv\u00e1th Merc\u00e9desz 2112 Veresegyh\u00e1z Csibaj u 12.<\/li><li>Budapest 1068 Bencz\u00far Street 6. Ginko Sz\u00e9ps\u00e9g salon, beautician Anik\u00f3 Bakos<\/li><li>Buda\u00f6rs 2040 Szabads\u00e1g \u00fat 125. Dorina Pallag, beautician<\/li><li>Budapest 1113 Hamzsab\u00e9gi \u00fat 45. Sz\u00e9ps\u00e9gm\u0171hely Erika Bukosza beautician<\/li><li>Budapest 1043 S\u00e1rpatak u. 23. Kam\u00e9leon Beauty Salon Beke Kata beautician<\/li><li>Si\u00f3fok 8600 V\u00e1mh\u00e1z u. 4. Hermina Kozmetika Almach Hermina is a beautician<\/li><\/ul>\t\t\t\t\t\t\t\t<\/div>\n\t\t\t\t<\/div>\n\t\t\t\t\t<\/div>\r\n\t\t\t\t<\/div>\r\n\t\t\t\t\t<\/div>\r\n\t\t\t\t<\/section>\r\n\t\t\t\t<\/div>\n\t\t","protected":false},"excerpt":{"rendered":"<p>Amica Mia vende prodotti per la depilazione professionale, e cerette per uso domestico. Tutti le nostre resine sono prodotte esclusivamente in Italia. OUR PARTNERS Partner beauticians of our online store who use the products we sell: Budapest 1058 K\u00e1lm\u00e1n Imre u 26. Hair Port V\u00e1rhelyi Zsuzsa cosmetologist Budapest 1188 P\u00e9teri u.3 Aranyalma Beauty salon, beautician [&hellip;]<\/p>\n","protected":false},"author":1,"featured_media":0,"parent":0,"menu_order":0,"comment_status":"closed","ping_status":"closed","template":"","meta":{"footnotes":""},"class_list":["post-8494","page","type-page","status-publish","hentry"],"_links":{"self":[{"href":"https:\/\/amicamiashop.com\/it\/wp-json\/wp\/v2\/pages\/8494","targetHints":{"allow":["GET"]}}],"collection":[{"href":"https:\/\/amicamiashop.com\/it\/wp-json\/wp\/v2\/pages"}],"about":[{"href":"https:\/\/amicamiashop.com\/it\/wp-json\/wp\/v2\/types\/page"}],"author":[{"embeddable":true,"href":"https:\/\/amicamiashop.com\/it\/wp-json\/wp\/v2\/users\/1"}],"replies":[{"embeddable":true,"href":"https:\/\/amicamiashop.com\/it\/wp-json\/wp\/v2\/comments?post=8494"}],"version-history":[{"count":0,"href":"https:\/\/amicamiashop.com\/it\/wp-json\/wp\/v2\/pages\/8494\/revisions"}],"wp:attachment":[{"href":"https:\/\/amicamiashop.com\/it\/wp-json\/wp\/v2\/media?parent=8494"}],"curies":[{"name":"wp","href":"https:\/\/api.w.org\/{rel}","templated":true}]}}