{"id":14173,"date":"2026-03-03T16:17:32","date_gmt":"2026-03-03T16:17:32","guid":{"rendered":"https:\/\/amicamiashop.com\/product\/elit-wax-mango\/"},"modified":"2026-03-20T15:14:44","modified_gmt":"2026-03-20T15:14:44","slug":"elit-wax-mango","status":"publish","type":"product","link":"https:\/\/amicamiashop.com\/it\/prodotto\/elit-wax-mango\/","title":{"rendered":"Elit Wax Mang\u00f3"},"content":{"rendered":"<p><strong>ELIT WAX MANG\u00d3 500 gr<\/strong><\/p>\n<p>Perle di resina elastiche per uso intimo, un nuovo prodotto italiano, realizzate in resina sintetica ipoallergenica e senza colofonia.<\/p>\n<p>Perle di resina giallo oro a basso punto di fusione, al profumo di mango, consigliate per l&#8217;uso professionale da estetiste e centri estetici, in busta richiudibile da 0,5 kg.<\/p>\n<p>Con questa novit\u00e0 in resina, puoi davvero portare la ceretta a un livello superiore, rendendola un&#8217;esperienza piacevole per te e i tuoi ospiti.<\/p>\n<p>Consigliata per la ceretta di zone sensibili: ascelle, viso, inguine, zone intime<\/p>\n<p>Confezione: 12 pezzi \/ scatola<\/p>\n<p>Vantaggi rispetto alle cere tradizionali e ad altre cere elastiche:<\/p>\n<p>Non contiene colofonia<br \/>\nCera sintetica super elastica che pu\u00f2 essere utilizzata a basse temperature<br \/>\nMultiflex, quindi pu\u00f2 essere applicata e strappata in qualsiasi direzione<br \/>\nCera delicata garantita, senza dolore e senza rossori<br \/>\nVeloce da usare, pu\u00f2 essere utilizzata senza striscia come una ceretta a spatola<br \/>\nSviluppata per le pelli pi\u00f9 sensibili<br \/>\nNon si attacca mai alla pelle, ma solo ai peli, quindi non lascia traccia di ceretta.<br \/>\nPoich\u00e9 rimuove anche i peli invisibili e in crescita, \u00e8 necessario depilarsi meno spesso. Depilare meno spesso significa avere una pelle liscia pi\u00f9 a lungo<br \/>\nUna procedura di depilazione che pu\u00f2 essere utilizzata anche in combinazione con l&#8217;epilazione laser<br \/>\nModalit\u00e0 d&#8217;uso:<\/p>\n<p>Sciogliere le perle di cera in un barattolo scaldacera alla massima temperatura<br \/>\nDopo che le perle si sono sciolte, impostare la macchina a temperatura media e attendere che si raffreddi un po&#8217;<br \/>\nQuando la cera ha una consistenza densa e cremosa, \u00e8 possibile lavorarla; la pelle deve essere piacevolmente tiepida, ma mai bollente e liquida.<br \/>\nLa temperatura ideale \u00e8 di 38-42 \u00b0C<br \/>\nCera Multiflex, quindi non ci sono regole, pu\u00f2 essere applicata e rimossa ovunque, quindi rimuove completamente anche i peli pi\u00f9 resistenti e lanuginosi.<br \/>\nNon lascia alcuna sensazione appiccicosa dopo la ceretta e se rimangono residui di cera, rimuoverli dalla pelle con la cera stessa.<br \/>\nNon si verificano arrossamenti o pelle usurata o screpolata dopo la ceretta.<br \/>\nResina sintetica ipoallergenica senza colofonia.<\/p>\n<p>Ingredienti: Diciclopentadieni idrogenati\/metilstireni, copolimero di indene, cera microcristallina, paraffina, copolimero di etilene VA, paraffinum liquidium (olio minerale), biossido di titanio, profumo (fragranza), CI 26100 (rosso 17), CI 47000 (giallo 11).<\/p>\n<p>Made In Italy<\/p>\n<p><strong>Informazioni sul NEGOZIO:<\/strong><\/p>\n<p>Sei una estetista un salone di bellezza richiedi la <a href=\"https:\/\/amicamiashop.com\/it\/iscrizione-per-cosmetici\/\">scontistica per te disponibile<\/a><\/p>\n<p><iframe title=\"Elit Wax Mango intim gyantagy\u00f6ngy\" src=\"https:\/\/www.youtube.com\/embed\/YuLdo6Q9g5o?feature=oembed\" width=\"978\" height=\"550\" frameborder=\"0\" allowfullscreen=\"allowfullscreen\"><\/iframe><\/p>\n","protected":false},"excerpt":{"rendered":"<p>Perle elastiche professionali al profumo di mango.<\/p>\n","protected":false},"featured_media":14174,"comment_status":"closed","ping_status":"closed","template":"","meta":[],"product_brand":[],"product_cat":[327,340],"product_tag":[],"class_list":{"0":"post-14173","1":"product","2":"type-product","3":"status-publish","4":"has-post-thumbnail","6":"product_cat-cera-depilatoria","7":"product_cat-ceretta-intimo","9":"first","10":"instock","11":"taxable","12":"shipping-taxable","13":"purchasable","14":"product-type-variable"},"_links":{"self":[{"href":"https:\/\/amicamiashop.com\/it\/wp-json\/wp\/v2\/product\/14173","targetHints":{"allow":["GET"]}}],"collection":[{"href":"https:\/\/amicamiashop.com\/it\/wp-json\/wp\/v2\/product"}],"about":[{"href":"https:\/\/amicamiashop.com\/it\/wp-json\/wp\/v2\/types\/product"}],"replies":[{"embeddable":true,"href":"https:\/\/amicamiashop.com\/it\/wp-json\/wp\/v2\/comments?post=14173"}],"version-history":[{"count":0,"href":"https:\/\/amicamiashop.com\/it\/wp-json\/wp\/v2\/product\/14173\/revisions"}],"wp:featuredmedia":[{"embeddable":true,"href":"https:\/\/amicamiashop.com\/it\/wp-json\/wp\/v2\/media\/14174"}],"wp:attachment":[{"href":"https:\/\/amicamiashop.com\/it\/wp-json\/wp\/v2\/media?parent=14173"}],"wp:term":[{"taxonomy":"product_brand","embeddable":true,"href":"https:\/\/amicamiashop.com\/it\/wp-json\/wp\/v2\/product_brand?post=14173"},{"taxonomy":"product_cat","embeddable":true,"href":"https:\/\/amicamiashop.com\/it\/wp-json\/wp\/v2\/product_cat?post=14173"},{"taxonomy":"product_tag","embeddable":true,"href":"https:\/\/amicamiashop.com\/it\/wp-json\/wp\/v2\/product_tag?post=14173"}],"curies":[{"name":"wp","href":"https:\/\/api.w.org\/{rel}","templated":true}]}}