{"id":14216,"date":"2026-03-03T23:06:35","date_gmt":"2026-03-03T23:06:35","guid":{"rendered":"https:\/\/amicamiashop.com\/product\/california-summer-wax-by-amica-mia\/"},"modified":"2026-04-03T10:22:17","modified_gmt":"2026-04-03T10:22:17","slug":"ceretta-inguine-totale","status":"publish","type":"product","link":"https:\/\/amicamiashop.com\/it\/prodotto\/ceretta-inguine-totale\/","title":{"rendered":"California Summer Wax by Amica Mia"},"content":{"rendered":"<p>La ceretta inguine totale California Summer Wax di Amica Mia\u00a0 elastica meravigliosamente efficace, prodotta in Italia.<\/p>\n<p>Una cera intima davvero adorabile, dall&#8217;efficacia impressionante, e profumate.<\/p>\n<p>Consigliata per: ideale per pelli ipersensibili e allergiche.<\/p>\n<p>Zone consigliate: zone intime, viso o zone con pelle pi\u00f9 sottile (ascelle).<\/p>\n<p>Le perle di cera California Summer Wax di Amica Mia Multiflex sono disponibili in confezioni da 1 kg.<br \/>\nConfezione: 9 pezzi \/ scatola.<\/p>\n<p>California Summer Wax Blue e California Summer Wax Rosa sono cere intime elastiche sintetiche realizzate con la stessa composizione.<\/p>\n<p>Vantaggi rispetto alle cere tradizionali e ad altre cere elastiche:<\/p>\n<p><strong>Non contiene colofonia !!<\/strong><br \/>\nResina super elastica speciale che pu\u00f2 essere utilizzata a basse temperature<br \/>\nMultiflex pu\u00f2 quindi essere applicata e strappata in qualsiasi direzione<br \/>\nCeretta delicata garantita, indolore e senza arrossamenti<br \/>\nVeloce da usare, pu\u00f2 essere utilizzata senza striscia come una ceretta a spatola<br \/>\nSviluppata per le pelli pi\u00f9 sensibili<br \/>\nGrazie alla tecnologia del vuoto, rimuove anche i peli che crescono sottopelle, cos\u00ec la sensazione di pelle liscia e setosa dura pi\u00f9 a lungo.<br \/>\nNon si attacca mai alla pelle, ma solo ai peli, quindi non lascia traccia di ceretta.<\/p>\n<p>Una procedura di depilazione che pu\u00f2 essere utilizzata anche in combinazione con l&#8217;epilazione laser.<br \/>\nModalit\u00e0 d&#8217;uso :<\/p>\n<p>Inserisci le perla nel scalda cera, e porta la cera alla\u00a0 massima temperatura. Dopo che le perle si sono sciolte, imposta la macchina a temperatura media e attendi che si raffreddi un po&#8217;.<br \/>\nQuando la cera avr\u00e0 raggiunto una consistenza densa e cremosa, potrai lavorarla. Dovrebbe essere piacevolmente tiepida sulla pelle, ma mai bollente e liquida.<br \/>\nLa temperatura ideale per le macchine con display digitale: mantieni la cera a 38 -45\u00a0 gradi per lavorarla.<br \/>\n\u00c8 una cera multiflex, quindi non ci sono regole, pu\u00f2 essere applicata e rimossa ovunque, quindi rimuove completamente anche i peli pi\u00f9 ostinati.<br \/>\nNon lascia alcuna sensazione appiccicosa dopo la ceretta e, se dovessero rimanere residui di cera, rimuovili dalla pelle con la cera stessa.<br \/>\nDopo la ceretta, non si verificano arrossamenti o lesioni cutanee.<br \/>\nNon contiene colofonia, quindi pu\u00f2 essere utilizzata anche da persone con pelle ipersensibile.<br \/>\nIngredienti: Poliolefina C 6-20 idrogranata, Cera microcristallina idrogranata, Etilene\/Copolimero VA, Paraffina, Biossido di titanio<\/p>\n<p>Made in Italy<\/p>\n<p><strong>Informazioni sul NEGOZIO:<\/strong><\/p>\n<p><a href=\"https:\/\/amicamiashop.com\/it\/contatto\/\">Sei una estetista un salone di bellezza richiedi la scontistica per te disponibile<\/a><\/p>\n<p><iframe title=\"California Summer Wax intim gyanta haszn\u00e1lata l\u00e1bon\" width=\"1140\" height=\"641\" src=\"https:\/\/www.youtube.com\/embed\/802ClNmmGVI?feature=oembed&#038;enablejsapi=1&#038;origin=https:\/\/amicamiashop.com\" frameborder=\"0\" allow=\"accelerometer; autoplay; clipboard-write; encrypted-media; gyroscope; picture-in-picture; web-share\" referrerpolicy=\"strict-origin-when-cross-origin\" allowfullscreen><\/iframe><\/p>\n","protected":false},"excerpt":{"rendered":"<p>Ceretta inguine totale California wax 1 Kg<\/p>\n<p>&nbsp;<\/p>\n","protected":false},"featured_media":14217,"comment_status":"closed","ping_status":"closed","template":"","meta":[],"product_brand":[],"product_cat":[327,340],"product_tag":[],"class_list":{"0":"post-14216","1":"product","2":"type-product","3":"status-publish","4":"has-post-thumbnail","6":"product_cat-cera-depilatoria","7":"product_cat-ceretta-intimo","9":"first","10":"instock","11":"taxable","12":"shipping-taxable","13":"purchasable","14":"product-type-variable"},"_links":{"self":[{"href":"https:\/\/amicamiashop.com\/it\/wp-json\/wp\/v2\/product\/14216","targetHints":{"allow":["GET"]}}],"collection":[{"href":"https:\/\/amicamiashop.com\/it\/wp-json\/wp\/v2\/product"}],"about":[{"href":"https:\/\/amicamiashop.com\/it\/wp-json\/wp\/v2\/types\/product"}],"replies":[{"embeddable":true,"href":"https:\/\/amicamiashop.com\/it\/wp-json\/wp\/v2\/comments?post=14216"}],"version-history":[{"count":0,"href":"https:\/\/amicamiashop.com\/it\/wp-json\/wp\/v2\/product\/14216\/revisions"}],"wp:featuredmedia":[{"embeddable":true,"href":"https:\/\/amicamiashop.com\/it\/wp-json\/wp\/v2\/media\/14217"}],"wp:attachment":[{"href":"https:\/\/amicamiashop.com\/it\/wp-json\/wp\/v2\/media?parent=14216"}],"wp:term":[{"taxonomy":"product_brand","embeddable":true,"href":"https:\/\/amicamiashop.com\/it\/wp-json\/wp\/v2\/product_brand?post=14216"},{"taxonomy":"product_cat","embeddable":true,"href":"https:\/\/amicamiashop.com\/it\/wp-json\/wp\/v2\/product_cat?post=14216"},{"taxonomy":"product_tag","embeddable":true,"href":"https:\/\/amicamiashop.com\/it\/wp-json\/wp\/v2\/product_tag?post=14216"}],"curies":[{"name":"wp","href":"https:\/\/api.w.org\/{rel}","templated":true}]}}