{"id":14227,"date":"2026-03-03T23:15:40","date_gmt":"2026-03-03T23:15:40","guid":{"rendered":"https:\/\/amicamiashop.com\/product\/california-summer-wax-rosa-by-amica-mia\/"},"modified":"2026-03-20T18:46:21","modified_gmt":"2026-03-20T18:46:21","slug":"california-summer-wax-rosa","status":"publish","type":"product","link":"https:\/\/amicamiashop.com\/it\/prodotto\/california-summer-wax-rosa\/","title":{"rendered":"California Summer Wax Rosa by Amica Mia"},"content":{"rendered":"<p><strong>California Summer Wax Rosa di Amica Mia<\/strong><\/p>\n<p>Resina sintetica elastica per le parti intime, incredibilmente efficace, a basso punto di fusione.<\/p>\n<p>Cera intima davvero deliziosa, dall&#8217;efficacia impressionante, ideale per pelli ipersensibili e allergiche.<\/p>\n<p>Zone consigliate: zone intime, viso o zone con pelle pi\u00f9 sottile (ascelle).<\/p>\n<p>Le perle di resina California Summer Wax Rosa Multiflex sono disponibili in buste da 1 kg.<br \/>\nConfezione: 9 pezzi\/scatola<\/p>\n<p>Vantaggi rispetto alle cere tradizionali e ad altre cere elastiche:<\/p>\n<p><strong>Non contiene colofonia<\/strong><br \/>\nResina super elastica speciale che pu\u00f2 essere utilizzata a basse temperature<br \/>\nMultiflex pu\u00f2 essere applicata e strappata in qualsiasi direzione<br \/>\nCeretta delicata garantita, indolore e senza arrossamenti<br \/>\nVeloce da usare, pu\u00f2 essere utilizzata senza striscia come una ceretta a spatola<br \/>\nSviluppata per le pelli pi\u00f9 sensibili<br \/>\nNon si attacca mai alla pelle, solo ai peli, quindi non lascia traccia di ceretta.<\/p>\n<p>Una procedura di depilazione che pu\u00f2 essere utilizzata anche in combinazione con l&#8217;epilazione laser<br \/>\nModalit\u00e0 d&#8217;uso:<\/p>\n<p>Sciogliere le perle di resina in un barattolo scalda cera alla massima temperatura<br \/>\nDopo che le perle si sono sciolte, impostare l&#8217;apparecchio a temperatura media e attendere che si raffreddi un po&#8217;<br \/>\nQuando la cera ha una consistenza densa e cremosa, \u00e8 possibile lavorarla; dovrebbe essere piacevolmente calda per la pelle, ma mai bollente e liquida. Temperatura ideale per le macchine con display digitale: mantenere la resina a 28-35 \u00b0C per lavorarla.<br \/>\n\u00c8 una resina multi flessibile, quindi non ci sono regole, pu\u00f2 essere applicata e rimossa ovunque, quindi rimuove completamente anche i peli pi\u00f9 ostinati e lanuginosi.<br \/>\nNon lascia alcuna sensazione appiccicosa dopo la ceretta e, se dovessero rimanere residui di cera, rimuoverli dalla pelle con la cera stessa.<br \/>\nDopo la ceretta, non si verificano arrossamenti o lesioni cutanee.<br \/>\nNon contiene colofonia, quindi pu\u00f2 essere utilizzata anche da persone con pelle ipersensibile.<br \/>\nIngredienti: Poliolefina C 6-20 idrogranata, Cera microcristallina idrogranata, Etilene\/Copolimero VA, Paraffina, Biossido di titanio<\/p>\n<p>Made in Italy<\/p>\n<p><strong>Informazioni sul NEGOZIO:<\/strong><\/p>\n<p><a href=\"https:\/\/amicamiashop.com\/it\/contatto\/\">Sei una estetista un salone di bellezza richiedi la scontistica per te disponibile<\/a><\/p>\n","protected":false},"excerpt":{"rendered":"<p>Cera in perle per depilazione 1 Kg Made in Italy<\/p>\n","protected":false},"featured_media":14228,"comment_status":"closed","ping_status":"closed","template":"","meta":[],"product_brand":[],"product_cat":[327,340],"product_tag":[],"class_list":{"0":"post-14227","1":"product","2":"type-product","3":"status-publish","4":"has-post-thumbnail","6":"product_cat-cera-depilatoria","7":"product_cat-ceretta-intimo","9":"first","10":"instock","11":"taxable","12":"shipping-taxable","13":"purchasable","14":"product-type-variable"},"_links":{"self":[{"href":"https:\/\/amicamiashop.com\/it\/wp-json\/wp\/v2\/product\/14227","targetHints":{"allow":["GET"]}}],"collection":[{"href":"https:\/\/amicamiashop.com\/it\/wp-json\/wp\/v2\/product"}],"about":[{"href":"https:\/\/amicamiashop.com\/it\/wp-json\/wp\/v2\/types\/product"}],"replies":[{"embeddable":true,"href":"https:\/\/amicamiashop.com\/it\/wp-json\/wp\/v2\/comments?post=14227"}],"version-history":[{"count":0,"href":"https:\/\/amicamiashop.com\/it\/wp-json\/wp\/v2\/product\/14227\/revisions"}],"wp:featuredmedia":[{"embeddable":true,"href":"https:\/\/amicamiashop.com\/it\/wp-json\/wp\/v2\/media\/14228"}],"wp:attachment":[{"href":"https:\/\/amicamiashop.com\/it\/wp-json\/wp\/v2\/media?parent=14227"}],"wp:term":[{"taxonomy":"product_brand","embeddable":true,"href":"https:\/\/amicamiashop.com\/it\/wp-json\/wp\/v2\/product_brand?post=14227"},{"taxonomy":"product_cat","embeddable":true,"href":"https:\/\/amicamiashop.com\/it\/wp-json\/wp\/v2\/product_cat?post=14227"},{"taxonomy":"product_tag","embeddable":true,"href":"https:\/\/amicamiashop.com\/it\/wp-json\/wp\/v2\/product_tag?post=14227"}],"curies":[{"name":"wp","href":"https:\/\/api.w.org\/{rel}","templated":true}]}}