{"id":14281,"date":"2026-03-04T00:44:08","date_gmt":"2026-03-04T00:44:08","guid":{"rendered":"https:\/\/amicamiashop.com\/product\/silicone-spatula\/"},"modified":"2026-03-13T19:34:30","modified_gmt":"2026-03-13T19:34:30","slug":"spatola-ceretta-silicone","status":"publish","type":"product","link":"https:\/\/amicamiashop.com\/it\/prodotto\/spatola-ceretta-silicone\/","title":{"rendered":"Spatola Ceretta Silicone"},"content":{"rendered":"<p>Spatola Ceretta al\u00a0 Silicone<\/p>\n<p>Prova la nuove spatola in silicone 5 cm L.\u00a0 x 1,9 Cm La, facile da pulire a un prezzo economico.<\/p>\n<p><iframe title=\"Szilikon t\u00e1l \u00e9s spatula: a gyant\u00e1z\u00e1s j\u00f6v\u0151je\" width=\"563\" height=\"1000\" src=\"https:\/\/www.youtube.com\/embed\/ZBGpupl1nCY?feature=oembed\" frameborder=\"0\" allow=\"accelerometer; autoplay; clipboard-write; encrypted-media; gyroscope; picture-in-picture; web-share\" referrerpolicy=\"strict-origin-when-cross-origin\" allowfullscreen><\/iframe><\/p>\n","protected":false},"excerpt":{"rendered":"<p>Spatola Ceretta al\u00a0 Silicone Prova la nuove spatola in silicone 5 cm L.\u00a0 x 1,9 Cm La, facile da pulire a un prezzo economico.<\/p>\n","protected":false},"featured_media":14282,"comment_status":"closed","ping_status":"closed","template":"","meta":[],"product_brand":[],"product_cat":[354],"product_tag":[],"class_list":{"0":"post-14281","1":"product","2":"type-product","3":"status-publish","4":"has-post-thumbnail","6":"product_cat-accessori-per-depilazione","8":"first","9":"instock","10":"taxable","11":"shipping-taxable","12":"purchasable","13":"product-type-simple"},"_links":{"self":[{"href":"https:\/\/amicamiashop.com\/it\/wp-json\/wp\/v2\/product\/14281","targetHints":{"allow":["GET"]}}],"collection":[{"href":"https:\/\/amicamiashop.com\/it\/wp-json\/wp\/v2\/product"}],"about":[{"href":"https:\/\/amicamiashop.com\/it\/wp-json\/wp\/v2\/types\/product"}],"replies":[{"embeddable":true,"href":"https:\/\/amicamiashop.com\/it\/wp-json\/wp\/v2\/comments?post=14281"}],"version-history":[{"count":0,"href":"https:\/\/amicamiashop.com\/it\/wp-json\/wp\/v2\/product\/14281\/revisions"}],"wp:featuredmedia":[{"embeddable":true,"href":"https:\/\/amicamiashop.com\/it\/wp-json\/wp\/v2\/media\/14282"}],"wp:attachment":[{"href":"https:\/\/amicamiashop.com\/it\/wp-json\/wp\/v2\/media?parent=14281"}],"wp:term":[{"taxonomy":"product_brand","embeddable":true,"href":"https:\/\/amicamiashop.com\/it\/wp-json\/wp\/v2\/product_brand?post=14281"},{"taxonomy":"product_cat","embeddable":true,"href":"https:\/\/amicamiashop.com\/it\/wp-json\/wp\/v2\/product_cat?post=14281"},{"taxonomy":"product_tag","embeddable":true,"href":"https:\/\/amicamiashop.com\/it\/wp-json\/wp\/v2\/product_tag?post=14281"}],"curies":[{"name":"wp","href":"https:\/\/api.w.org\/{rel}","templated":true}]}}