{"id":5696,"date":"2023-09-29T23:56:19","date_gmt":"2023-09-29T23:56:19","guid":{"rendered":"https:\/\/amicamiashop.com\/product\/sugaring-paste-wax-strong\/"},"modified":"2026-04-03T10:26:17","modified_gmt":"2026-04-03T10:26:17","slug":"cera-depilatoria-pasta-di-zucchero-forte","status":"publish","type":"product","link":"https:\/\/amicamiashop.com\/it\/prodotto\/cera-depilatoria-pasta-di-zucchero-forte\/","title":{"rendered":"Cera depilatoria pasta di zucchero forte"},"content":{"rendered":"<p>100% NATURAL: Cera depilatoria pasta organica forte<\/p>\n<p>\u00c8 possibile selezionare la pasta di zucchero italiana di qualit\u00e0 Premium: in barattoli da 400 e 800 ml.<\/p>\n<p>La pasta di zucchero pi\u00f9 dura di alta qualit\u00e0 pu\u00f2 essere utilizzata a 20-30 gradi C. Contiene materiali naturali al 100% che possono essere utilizzati per tutti i tipi di pelle e non provocano allergie.\u00a0Dopo la ceretta la pelle risulta morbida al tatto e conserva la sua idratazione.<\/p>\n<p>Modo d&#8217;uso:\u00a0Prelevare con le mani una piccola porzione e formare una pallina, quindi applicarla sulla zona da depilare nella direzione opposta alla crescita dei peli.\u00a0Quindi strappare i capelli nella stessa direzione della crescita dei capelli.\u00a0Puoi utilizzare lo gnocco pi\u00f9 volte purch\u00e9 sia \u200b\u200b\u200b\u200bflessibile.\u00a0Dopo la depilazione, sciacquare la pelle con acqua tiepida e sapone.<\/p>\n<p>Ingredienti: saccarosio, \/acqua, miele\/miele, acido citrico.<\/p>\n<p>Prodotto made in Italy<\/p>\n<p><iframe title=\"Amica Mia cukorpaszta\" width=\"1140\" height=\"641\" src=\"https:\/\/www.youtube.com\/embed\/bnL8Tt3ZHG8?feature=oembed&#038;enablejsapi=1&#038;origin=https:\/\/amicamiashop.com\" frameborder=\"0\" allow=\"accelerometer; autoplay; clipboard-write; encrypted-media; gyroscope; picture-in-picture; web-share\" referrerpolicy=\"strict-origin-when-cross-origin\" allowfullscreen><\/iframe><\/p>\n","protected":false},"excerpt":{"rendered":"<p>Pasta di zucchero italiana di qualit\u00e0 Premium: in barattoli da 400 e 800 ml.<\/p>\n","protected":false},"featured_media":5684,"comment_status":"open","ping_status":"closed","template":"","meta":[],"product_brand":[],"product_cat":[327,329],"product_tag":[331],"class_list":{"0":"post-5696","1":"product","2":"type-product","3":"status-publish","4":"has-post-thumbnail","6":"product_cat-cera-depilatoria","7":"product_cat-cera-pasta-di-zucchero","8":"product_tag-amica-mia-resin-cartridge-it","10":"first","11":"instock","12":"taxable","13":"shipping-taxable","14":"purchasable","15":"product-type-variable"},"_links":{"self":[{"href":"https:\/\/amicamiashop.com\/it\/wp-json\/wp\/v2\/product\/5696","targetHints":{"allow":["GET"]}}],"collection":[{"href":"https:\/\/amicamiashop.com\/it\/wp-json\/wp\/v2\/product"}],"about":[{"href":"https:\/\/amicamiashop.com\/it\/wp-json\/wp\/v2\/types\/product"}],"replies":[{"embeddable":true,"href":"https:\/\/amicamiashop.com\/it\/wp-json\/wp\/v2\/comments?post=5696"}],"version-history":[{"count":0,"href":"https:\/\/amicamiashop.com\/it\/wp-json\/wp\/v2\/product\/5696\/revisions"}],"wp:featuredmedia":[{"embeddable":true,"href":"https:\/\/amicamiashop.com\/it\/wp-json\/wp\/v2\/media\/5684"}],"wp:attachment":[{"href":"https:\/\/amicamiashop.com\/it\/wp-json\/wp\/v2\/media?parent=5696"}],"wp:term":[{"taxonomy":"product_brand","embeddable":true,"href":"https:\/\/amicamiashop.com\/it\/wp-json\/wp\/v2\/product_brand?post=5696"},{"taxonomy":"product_cat","embeddable":true,"href":"https:\/\/amicamiashop.com\/it\/wp-json\/wp\/v2\/product_cat?post=5696"},{"taxonomy":"product_tag","embeddable":true,"href":"https:\/\/amicamiashop.com\/it\/wp-json\/wp\/v2\/product_tag?post=5696"}],"curies":[{"name":"wp","href":"https:\/\/api.w.org\/{rel}","templated":true}]}}