{"id":5709,"date":"2023-09-29T23:57:50","date_gmt":"2023-09-29T23:57:50","guid":{"rendered":"https:\/\/amicamiashop.com\/product\/hydrowax\/"},"modified":"2026-03-19T19:42:43","modified_gmt":"2026-03-19T19:42:43","slug":"cera-idrosolubile","status":"publish","type":"product","link":"https:\/\/amicamiashop.com\/it\/prodotto\/cera-idrosolubile\/","title":{"rendered":"Cera Idrosolubile"},"content":{"rendered":"<h4 class=\"product_title entry-title\">Cera idrosolubile<\/h4>\n<p>Cera idrosolubile Hidrowax, sviluppata secondo rigorosi standard di qualit\u00e0, \u00e8 una resina depilatoria naturale e solubile in acqua a base di zucchero .<\/p>\n<p>Unisce la delicatezza e l&#8217;efficacia dello sugaring alla semplicit\u00e0 della ceretta, che pu\u00f2 essere utilizzata su qualsiasi parte del corpo, nonch\u00e9 su ogni tipo di pelle e pelo.\u00a0La pellicola di zucchero \u00e8 un materiale delicato sulla pelle che non provoca irritazioni, \u00e8 ipoallergenico e pu\u00f2 essere utilizzato senza rischi anche su pelli sensibili.<\/p>\n<p>Confezione in scatola: 1000 gr<\/p>\n<p><strong><em>Caratteristiche del prodotto:<\/em><\/strong>\u00a0\u00a0 resina a base d&#8217;acqua a basso punto di fusione contenente ingredienti naturali.\u00a0Una formula molto delicata e naturale adatta a tutti i tipi di pelle.\u00a0I residui di resina possono essere facilmente rimossi con acqua.<\/p>\n<p><strong><em>Raccomandazione:<\/em><\/strong>\u00a0per gambe e braccia &#8211; per tutti i tipi di pelle,<strong>\u00a0nessuna<\/strong>\u00a0reazione allergica cutanea perch\u00e9 contiene solo ingredienti naturali.<\/p>\n<p><strong><em>Formula: \u00a0<\/em><\/strong>\u00a0\u2022 Resina naturale a base di zucchero<\/p>\n<ul>\n<li>Tessitura fine<\/li>\n<li>Pratico ed economico<\/li>\n<li>La rimozione dei residui di resina dopo la depilazione avviene semplicemente con acqua, quindi non \u00e8 necessario utilizzare olio.<\/li>\n<\/ul>\n<p><strong><em>COME USARE:<\/em><\/strong><\/p>\n<p>La resina Hidrowax pu\u00f2 essere utilizzata idealmente a 20-30 gradi C.\u00a0Quindi, se la temperatura esterna \u00e8 pi\u00f9 fredda, riscaldala a questa temperatura con un riscaldatore in resina.\u00a0Applicare uno strato molto sottile di resina nella direzione della crescita dei peli con una spatola.\u00a0Posizionare una striscia stripping sulla resina e rimuoverla nella direzione contraria alla crescita dei peli.<\/p>\n<p><strong><em>Ingredienti:<\/em><\/strong>\u00a0\u00a0saccarosio, acqua, acido citrico.<\/p>\n<p><img decoding=\"async\" style=\"display: none;\" src=\"http:\/\/www.journeyom.life\/wp-content\/uploads\/2024\/05\/JOM-LOGO-VERT-WB.jpg\" alt=\"Rotollo ceretta Extra Strong\" \/><img decoding=\"async\" style=\"display: none;\" src=\"http:\/\/www.journeyom.life\/wp-content\/uploads\/2024\/05\/JOM-LOGO-VERT-WB.jpg\" alt=\"Rotollo ceretta Extra Strong\" \/><img decoding=\"async\" style=\"display: none;\" src=\"http:\/\/www.journeyom.life\/wp-content\/uploads\/2024\/05\/JOM-LOGO-VERT-WB.jpg\" alt=\"Rotollo ceretta Extra Strong\" \/><img decoding=\"async\" style=\"display: none;\" src=\"http:\/\/www.journeyom.life\/wp-content\/uploads\/2024\/05\/JOM-LOGO-VERT-WB.jpg\" alt=\"Rotollo ceretta Extra Strong\" \/><\/p>\n","protected":false},"excerpt":{"rendered":"<p>Cera idrosolubile Cera idrosolubile Hidrowax, sviluppata secondo rigorosi standard di qualit\u00e0, \u00e8 una resina depilatoria naturale e solubile in acqua a base di zucchero . Unisce la delicatezza e l&#8217;efficacia dello sugaring alla semplicit\u00e0 della ceretta, che pu\u00f2 essere utilizzata su qualsiasi parte del corpo, nonch\u00e9 su ogni tipo di pelle e pelo.\u00a0La pellicola di [&hellip;]<\/p>\n","protected":false},"featured_media":13732,"comment_status":"open","ping_status":"closed","template":"","meta":[],"product_brand":[],"product_cat":[329],"product_tag":[],"class_list":{"0":"post-5709","1":"product","2":"type-product","3":"status-publish","4":"has-post-thumbnail","6":"product_cat-cera-pasta-di-zucchero","8":"first","9":"instock","10":"taxable","11":"shipping-taxable","12":"purchasable","13":"product-type-simple"},"_links":{"self":[{"href":"https:\/\/amicamiashop.com\/it\/wp-json\/wp\/v2\/product\/5709","targetHints":{"allow":["GET"]}}],"collection":[{"href":"https:\/\/amicamiashop.com\/it\/wp-json\/wp\/v2\/product"}],"about":[{"href":"https:\/\/amicamiashop.com\/it\/wp-json\/wp\/v2\/types\/product"}],"replies":[{"embeddable":true,"href":"https:\/\/amicamiashop.com\/it\/wp-json\/wp\/v2\/comments?post=5709"}],"version-history":[{"count":0,"href":"https:\/\/amicamiashop.com\/it\/wp-json\/wp\/v2\/product\/5709\/revisions"}],"wp:featuredmedia":[{"embeddable":true,"href":"https:\/\/amicamiashop.com\/it\/wp-json\/wp\/v2\/media\/13732"}],"wp:attachment":[{"href":"https:\/\/amicamiashop.com\/it\/wp-json\/wp\/v2\/media?parent=5709"}],"wp:term":[{"taxonomy":"product_brand","embeddable":true,"href":"https:\/\/amicamiashop.com\/it\/wp-json\/wp\/v2\/product_brand?post=5709"},{"taxonomy":"product_cat","embeddable":true,"href":"https:\/\/amicamiashop.com\/it\/wp-json\/wp\/v2\/product_cat?post=5709"},{"taxonomy":"product_tag","embeddable":true,"href":"https:\/\/amicamiashop.com\/it\/wp-json\/wp\/v2\/product_tag?post=5709"}],"curies":[{"name":"wp","href":"https:\/\/api.w.org\/{rel}","templated":true}]}}