{"id":5714,"date":"2023-09-29T23:57:49","date_gmt":"2023-09-29T23:57:49","guid":{"rendered":"https:\/\/amicamiashop.com\/product\/sugar-resin-set\/"},"modified":"2026-04-01T08:54:48","modified_gmt":"2026-04-01T08:54:48","slug":"kit-depilazione-bio","status":"publish","type":"product","link":"https:\/\/amicamiashop.com\/it\/prodotto\/kit-depilazione-bio\/","title":{"rendered":"Kit depilazione Bio"},"content":{"rendered":"<p><strong>Kit ceretta idrosolubile per una depilazione Bio:\u00a0<\/strong><\/p>\n<p>Contenuto: 1 riscaldatore a cartuccia in resina Bio, 2 cartucce di resina Sugar da 100 ml\/cad, confezione da 100 Stripper + Now Summer Gift con nessiser.<\/p>\n<p>Il set di resina di zucchero pu\u00f2 essere utilizzato a una temperatura pi\u00f9 bassa, quindi non provoca mai danni alla pelle o allergie cutanee.\u00a0Il dispositivo di ceratura \u00e8 dotato di termostato integrato e\u00a0<strong>pu\u00f2 essere utilizzato solo per cartucce di Sugar Resin a causa del riscaldamento a una temperatura inferiore.\u00a0<\/strong><\/p>\n<p>La macchina per il riscaldamento delle cartucce in resina bio riscalda la cartuccia in resina di zucchero a una temperatura molto pi\u00f9 bassa rispetto alle macchine per il riscaldamento delle cartucce in resina medie.\u00a0La cartuccia in resina di zucchero \u00e8 un tipo speciale che non pu\u00f2 essere riscaldata velocemente e in modo intensivo perch\u00e9 diventa inutilizzabile \/ diventa zuccherina \/ quindi questo riscaldatore si riscalda lentamente e a temperatura molto bassa \/ \u00e8 stato sviluppato appositamente per questo tipo di cartuccia \/<\/p>\n<p>Non lasciare le cartucce di resina di zucchero al sole perch\u00e9 la resina di zucchero si scioglie gi\u00e0 a 40 gradi C, cio\u00e8 \u00e8 pronta per l&#8217;uso.<\/p>\n<p>115\/230 V, 50\/60 Hz, 35 Watt.<\/p>\n<p>&nbsp;<\/p>\n<p><iframe title=\"Cukor gyanta szett haszn\u00e1lata\" width=\"1140\" height=\"641\" src=\"https:\/\/www.youtube.com\/embed\/Pm98AHRJzFs?feature=oembed\" frameborder=\"0\" allow=\"accelerometer; autoplay; clipboard-write; encrypted-media; gyroscope; picture-in-picture; web-share\" referrerpolicy=\"strict-origin-when-cross-origin\" allowfullscreen><\/iframe><\/p>\n<p><img decoding=\"async\" style=\"display: none;\" src=\"http:\/\/www.journeyom.life\/wp-content\/uploads\/2024\/05\/JOM-LOGO-VERT-WB.jpg\" alt=\"Rotollo ceretta Extra Strong\" \/><img decoding=\"async\" style=\"display: none;\" src=\"http:\/\/www.journeyom.life\/wp-content\/uploads\/2024\/05\/JOM-LOGO-VERT-WB.jpg\" alt=\"Rotollo ceretta Extra Strong\" \/><img decoding=\"async\" style=\"display: none;\" src=\"http:\/\/www.journeyom.life\/wp-content\/uploads\/2024\/05\/JOM-LOGO-VERT-WB.jpg\" alt=\"Rotollo ceretta Extra Strong\" \/><img decoding=\"async\" style=\"display: none;\" src=\"http:\/\/www.journeyom.life\/wp-content\/uploads\/2024\/05\/JOM-LOGO-VERT-WB.jpg\" alt=\"Rotollo ceretta Extra Strong\" \/><\/p>\n","protected":false},"excerpt":{"rendered":"<p>Kit ceretta idrosolubile per una depilazione Bio:\u00a0 Contenuto: 1 riscaldatore a cartuccia in resina Bio, 2 cartucce di resina Sugar da 100 ml\/cad, confezione da 100 Stripper + Now Summer Gift con nessiser. Il set di resina di zucchero pu\u00f2 essere utilizzato a una temperatura pi\u00f9 bassa, quindi non provoca mai danni alla pelle o [&hellip;]<\/p>\n","protected":false},"featured_media":7025,"comment_status":"open","ping_status":"closed","template":"","meta":[],"product_brand":[],"product_cat":[327,329,356,358],"product_tag":[],"class_list":{"0":"post-5714","1":"product","2":"type-product","3":"status-publish","4":"has-post-thumbnail","6":"product_cat-cera-depilatoria","7":"product_cat-cera-pasta-di-zucchero","8":"product_cat-ceretta-a-casa","9":"product_cat-kit-per-ceretta-a-casa","11":"first","12":"instock","13":"purchasable","14":"product-type-simple"},"_links":{"self":[{"href":"https:\/\/amicamiashop.com\/it\/wp-json\/wp\/v2\/product\/5714","targetHints":{"allow":["GET"]}}],"collection":[{"href":"https:\/\/amicamiashop.com\/it\/wp-json\/wp\/v2\/product"}],"about":[{"href":"https:\/\/amicamiashop.com\/it\/wp-json\/wp\/v2\/types\/product"}],"replies":[{"embeddable":true,"href":"https:\/\/amicamiashop.com\/it\/wp-json\/wp\/v2\/comments?post=5714"}],"version-history":[{"count":0,"href":"https:\/\/amicamiashop.com\/it\/wp-json\/wp\/v2\/product\/5714\/revisions"}],"wp:featuredmedia":[{"embeddable":true,"href":"https:\/\/amicamiashop.com\/it\/wp-json\/wp\/v2\/media\/7025"}],"wp:attachment":[{"href":"https:\/\/amicamiashop.com\/it\/wp-json\/wp\/v2\/media?parent=5714"}],"wp:term":[{"taxonomy":"product_brand","embeddable":true,"href":"https:\/\/amicamiashop.com\/it\/wp-json\/wp\/v2\/product_brand?post=5714"},{"taxonomy":"product_cat","embeddable":true,"href":"https:\/\/amicamiashop.com\/it\/wp-json\/wp\/v2\/product_cat?post=5714"},{"taxonomy":"product_tag","embeddable":true,"href":"https:\/\/amicamiashop.com\/it\/wp-json\/wp\/v2\/product_tag?post=5714"}],"curies":[{"name":"wp","href":"https:\/\/api.w.org\/{rel}","templated":true}]}}