{"id":5794,"date":"2023-09-29T23:55:31","date_gmt":"2023-09-29T23:55:31","guid":{"rendered":"https:\/\/amicamiashop.com\/product\/roll-on-wax-titanium-powder-100-ml\/"},"modified":"2024-07-27T15:49:09","modified_gmt":"2024-07-27T15:49:09","slug":"rullo-ceretta-talco-100-ml","status":"publish","type":"product","link":"https:\/\/amicamiashop.com\/it\/prodotto\/rullo-ceretta-talco-100-ml\/","title":{"rendered":"Rullo ceretta talco 100 ml"},"content":{"rendered":"<p>Rullo ceretta talco 100 ml di categoria Premium<\/p>\n<p>Applicazione:\u00a0Resina dalla consistenza morbida e cremosa, ottima adesione, strappa anche i peli forti e corti.Dopo la ceretta la pelle rimane idratata e non si verificano irritazioni cutanee.\u00a0\u00c8 adatto anche d&#8217;estate perch\u00e9 preserva l&#8217;abbronzatura della pelle.\u00a0Ha un effetto di assorbimento dell&#8217;umidit\u00e0, quindi la ceretta \u00e8 meno dolorosa ed \u00e8 consigliata anche per gli ospiti che tendono a sudare.\u00a0Lenisce la pelle e produce un effetto vellutato.<\/p>\n<p>Utilizzo:\u00a0\u00a0Si riscalda in un tradizionale riscaldatore in resina a cartuccia in 20 minuti e pu\u00f2 essere utilizzato con carta resinata.\u00a0Ceretta perfetta e delicata per una pelle morbida come la seta per 3 settimane.<\/p>\n<p>Dati del prodotto:<br \/>\nUtilizzo: con carta<br \/>\nColofonia: s\u00ec<br \/>\nCeretta in salone: \u200b\u200bs\u00ec<\/p>\n<p>Informazioni sul NEGOZIO:<\/p>\n<p>Una vasta scelta di cartucce in resina, qualit\u00e0 italiana, prezzi vantaggiosi. Nel negozio online Amica Mia troverai cartucce di resina adatte a tutti i tipi di pelle e capelli.\u00a0Puoi effettuare un ordine per una cartuccia di resina nel negozio online tramite e-mail o telefono.<img decoding=\"async\" style=\"display: none;\" src=\"https:\/\/amicamiashop.com\/wp-content\/uploads\/2023\/09\/Titan-Cink-Oxid-100-ml.jpg-.jpg\" alt=\"Brazilian wax\" \/><img decoding=\"async\" style=\"display: none;\" src=\"https:\/\/amicamiashop.com\/wp-content\/uploads\/2023\/09\/Titan-Cink-Oxid-100-ml.jpg-.jpg\" alt=\"Brazilian wax\" \/><img decoding=\"async\" style=\"display: none;\" src=\"https:\/\/amicamiashop.com\/wp-content\/uploads\/2023\/09\/Titan-Cink-Oxid-100-ml.jpg-.jpg\" alt=\"Brazilian wax\" \/><img decoding=\"async\" style=\"display: none;\" src=\"https:\/\/amicamiashop.com\/wp-content\/uploads\/2023\/09\/Titan-Cink-Oxid-100-ml.jpg-.jpg\" alt=\"Brazilian wax\" \/><\/p>\n","protected":false},"excerpt":{"rendered":"<p>Rullo ceretta di categoria Premium<\/p>\n","protected":false},"featured_media":5792,"comment_status":"open","ping_status":"closed","template":"","meta":[],"product_brand":[],"product_cat":[327,362,330],"product_tag":[331,368,332],"class_list":{"0":"post-5794","1":"product","2":"type-product","3":"status-publish","4":"has-post-thumbnail","6":"product_cat-cera-depilatoria","7":"product_cat-cera-per-depilazione-a-casa","8":"product_cat-rullo-ceretta-it","9":"product_tag-amica-mia-resin-cartridge-it","10":"product_tag-arms-and-legs-it","11":"product_tag-resin-it","13":"first","14":"instock","15":"featured","16":"taxable","17":"shipping-taxable","18":"purchasable","19":"product-type-simple"},"_links":{"self":[{"href":"https:\/\/amicamiashop.com\/it\/wp-json\/wp\/v2\/product\/5794","targetHints":{"allow":["GET"]}}],"collection":[{"href":"https:\/\/amicamiashop.com\/it\/wp-json\/wp\/v2\/product"}],"about":[{"href":"https:\/\/amicamiashop.com\/it\/wp-json\/wp\/v2\/types\/product"}],"replies":[{"embeddable":true,"href":"https:\/\/amicamiashop.com\/it\/wp-json\/wp\/v2\/comments?post=5794"}],"version-history":[{"count":0,"href":"https:\/\/amicamiashop.com\/it\/wp-json\/wp\/v2\/product\/5794\/revisions"}],"wp:featuredmedia":[{"embeddable":true,"href":"https:\/\/amicamiashop.com\/it\/wp-json\/wp\/v2\/media\/5792"}],"wp:attachment":[{"href":"https:\/\/amicamiashop.com\/it\/wp-json\/wp\/v2\/media?parent=5794"}],"wp:term":[{"taxonomy":"product_brand","embeddable":true,"href":"https:\/\/amicamiashop.com\/it\/wp-json\/wp\/v2\/product_brand?post=5794"},{"taxonomy":"product_cat","embeddable":true,"href":"https:\/\/amicamiashop.com\/it\/wp-json\/wp\/v2\/product_cat?post=5794"},{"taxonomy":"product_tag","embeddable":true,"href":"https:\/\/amicamiashop.com\/it\/wp-json\/wp\/v2\/product_tag?post=5794"}],"curies":[{"name":"wp","href":"https:\/\/api.w.org\/{rel}","templated":true}]}}