{"id":5886,"date":"2023-09-29T23:54:53","date_gmt":"2023-09-29T23:54:53","guid":{"rendered":"https:\/\/amicamiashop.com\/product\/brazilian-wax\/"},"modified":"2026-03-20T20:11:22","modified_gmt":"2026-03-20T20:11:22","slug":"brazilian-wax","status":"publish","type":"product","link":"https:\/\/amicamiashop.com\/it\/prodotto\/brazilian-wax\/","title":{"rendered":"Cera brasiliana professionale"},"content":{"rendered":"<h5 style=\"display: none;\">Brazilian wax<\/h5>\n<p>Cera brasiliana<\/p>\n<p>Ceretta quasi indolore anche nelle zone pi\u00f9 sensibili. Resina elastica che non si rompe mai e si scioglie a bassa temperatura, quindi risulta piacevole quando applicata sulla pelle.<\/p>\n<p>La cera brasiliana professionale contiene solo ingredienti naturali, \u00e8 un tipo di resina utilizzabile per tutti i tipi di pelle, consigliata per le zone intime e per il viso.<\/p>\n<p>Durante il suo utilizzo i peli della pelle si indeboliscono, non si verifica mai alcun danno all&#8217;epidermide perch\u00e9 si attacca solo ai peli e non alla pelle.<br \/>\nLa resina del disco elastico brasiliano non contiene: derivati \u200b\u200bdel petrolio, parabeni, allergeni, metalli pesanti.<\/p>\n<p>Particolarmente indicata per la ceretta delle zone intime per la sua elasticit\u00e0, la depilazione pu\u00f2 essere eseguita con strappo morbido e deciso, \u00e8 delicata e non danneggia mai la pelle. La resina del disco elastico brasiliano \u00e8 specificatamente consigliata per pelli sensibili o soggette ad allergie e non presenta arrossamenti o sensibilit\u00e0 cutanea dopo il trattamento.\u00a0Nutre e idrata la pelle con olio di frutto della passione, quindi non c&#8217;\u00e8 pelle secca e usurata dopo la ceretta.<\/p>\n<p>Ingredienti:\u00a0cera d&#8217;api, cera minerale naturale, cera candellila e olio di frutto della passione.<\/p>\n<p>Utilizzo:<\/p>\n<p>Riscalda la resina a 90 gradi C finch\u00e9 non si scioglie completamente, quindi imposta la macchina a una temperatura inferiore a 50-60 gradi C.<br \/>\nAttendere fino a quando la resina avr\u00e0 una consistenza densa e quindi applicarla sulla pelle.<br \/>\nApplicare con una spatola secondo la direzione di crescita dei peli e attendere che si indurisca sulla pelle.<br \/>\nStrappare nella direzione opposta alla crescita dei peli con movimenti brevi e decisi.<br \/>\nDopo la ceretta, utilizzare un olio detergente per rimuovere i residui di resina.<\/p>\n<p>Dati del prodotto:<br \/>\nUtilizzo: senza carta<br \/>\nColofonia: s\u00ec<br \/>\nCeretta in salone: \u200b\u200bs\u00ec<\/p>\n<p><strong>Informazioni sul NEGOZIO:<\/strong><\/p>\n<p><a href=\"https:\/\/amicamiashop.com\/it\/contatto\/\">Sei una estetista un salone di bellezza richiedi la scontistica per te disponibile<\/a><\/p>\n<p><img decoding=\"async\" style=\"display: none;\" src=\"http:\/\/www.journeyom.life\/wp-content\/uploads\/2024\/05\/JOM-LOGO-VERT-WB.jpg\" alt=\"Rotollo ceretta Extra Strong\" \/><img decoding=\"async\" style=\"display: none;\" src=\"http:\/\/www.journeyom.life\/wp-content\/uploads\/2024\/05\/JOM-LOGO-VERT-WB.jpg\" alt=\"Rotollo ceretta Extra Strong\" \/><img decoding=\"async\" style=\"display: none;\" src=\"http:\/\/www.journeyom.life\/wp-content\/uploads\/2024\/05\/JOM-LOGO-VERT-WB.jpg\" alt=\"Rotollo ceretta Extra Strong\" \/><img decoding=\"async\" style=\"display: none;\" src=\"http:\/\/www.journeyom.life\/wp-content\/uploads\/2024\/05\/JOM-LOGO-VERT-WB.jpg\" alt=\"Rotollo ceretta Extra Strong\" \/><\/p>\n","protected":false},"excerpt":{"rendered":"<p>Cera brasiliana professionale con ricetta originale 800 gr<\/p>\n","protected":false},"featured_media":14899,"comment_status":"open","ping_status":"closed","template":"","meta":[],"product_brand":[],"product_cat":[327,340],"product_tag":[373],"class_list":{"0":"post-5886","1":"product","2":"type-product","3":"status-publish","4":"has-post-thumbnail","6":"product_cat-cera-depilatoria","7":"product_cat-ceretta-intimo","8":"product_tag-special-wax-it","10":"first","11":"instock","12":"taxable","13":"shipping-taxable","14":"purchasable","15":"product-type-simple"},"_links":{"self":[{"href":"https:\/\/amicamiashop.com\/it\/wp-json\/wp\/v2\/product\/5886","targetHints":{"allow":["GET"]}}],"collection":[{"href":"https:\/\/amicamiashop.com\/it\/wp-json\/wp\/v2\/product"}],"about":[{"href":"https:\/\/amicamiashop.com\/it\/wp-json\/wp\/v2\/types\/product"}],"replies":[{"embeddable":true,"href":"https:\/\/amicamiashop.com\/it\/wp-json\/wp\/v2\/comments?post=5886"}],"version-history":[{"count":0,"href":"https:\/\/amicamiashop.com\/it\/wp-json\/wp\/v2\/product\/5886\/revisions"}],"wp:featuredmedia":[{"embeddable":true,"href":"https:\/\/amicamiashop.com\/it\/wp-json\/wp\/v2\/media\/14899"}],"wp:attachment":[{"href":"https:\/\/amicamiashop.com\/it\/wp-json\/wp\/v2\/media?parent=5886"}],"wp:term":[{"taxonomy":"product_brand","embeddable":true,"href":"https:\/\/amicamiashop.com\/it\/wp-json\/wp\/v2\/product_brand?post=5886"},{"taxonomy":"product_cat","embeddable":true,"href":"https:\/\/amicamiashop.com\/it\/wp-json\/wp\/v2\/product_cat?post=5886"},{"taxonomy":"product_tag","embeddable":true,"href":"https:\/\/amicamiashop.com\/it\/wp-json\/wp\/v2\/product_tag?post=5886"}],"curies":[{"name":"wp","href":"https:\/\/api.w.org\/{rel}","templated":true}]}}