{"id":5893,"date":"2023-11-01T20:14:58","date_gmt":"2023-11-01T20:14:58","guid":{"rendered":"https:\/\/amicamiashop.com\/product\/brazil-wax-at-home\/"},"modified":"2026-03-19T14:38:45","modified_gmt":"2026-03-19T14:38:45","slug":"ceretta-brasiliana","status":"publish","type":"product","link":"https:\/\/amicamiashop.com\/it\/prodotto\/ceretta-brasiliana\/","title":{"rendered":"Ceretta Brasiliana"},"content":{"rendered":"<p><strong>Ceretta Brasiliana in barattolo 400 Gr<\/strong><\/p>\n<p>Cera elastica con olio di frutto della passione. \u00c8 particolarmente indicata per la ceretta del viso e delle zone intime per la sua elasticit\u00e0, la depilazione pu\u00f2 essere eseguita con strappo morbido e deciso, \u00e8 delicata e non danneggia la pelle. Fare la ceretta Brasiliana, con questo prodotto, diventa un&#8217;esperienza perch\u00e9 la depilazione \u00e8 indolore e il risultato finale \u00e8 una pelle morbida e setosa al tatto.<br \/>\nUtilizzare senza striscia.\u00a0\u00c8 particolarmente consigliato per le pelli ipersensibili perch\u00e9 la resina brasiliana pu\u00f2 essere utilizzata a basse temperature e non danneggia mai l&#8217;epidermide superiore e contiene solo materiali naturali.\u00a0Dopo il trattamento non si verificano sensibilit\u00e0 e arrossamenti della pelle.<\/p>\n<p><em>La resina brasiliana elastica, la resina brasiliana in scatola, la resina brasiliana per vassoi\u00a0<strong>sono prodotti fabbricati sulla base della stessa ricetta in confezioni diverse.\u00a0<\/strong><\/em><\/p>\n<p><strong>Ingredienti:<\/strong>\u00a0Colophonium\/ Rosin, Glyceyl Rosinante, Cera Alba \/ Bees Wax, Cera Microcrystallina \/ Microcrystalline Wax, Paraffin, Candelilla Cera\/ Candelilla Wax, Passioflora Edulis 6 passio Fruit, Seed Oil, Parfum\/ Fragrance CI 61565 \/ Green 6 CI 47000\/ Yello 11<\/p>\n<p><strong>Utilizzo:<\/strong><\/p>\n<ul>\n<li>Riscalda la resina a 70-80 gradi C finch\u00e9 non si scioglie completamente, quindi imposta la macchina a una temperatura inferiore a 50-60 gradi C.<\/li>\n<li>Attendere fino a quando la resina avr\u00e0 una consistenza densa e quindi applicarla sulla pelle.<\/li>\n<li>Applicarlo sulla zona da cerare in uno strato pi\u00f9 spesso rispetto ad altre resine, in modo che possa essere maneggiato pi\u00f9 facilmente a mano.<\/li>\n<li>Applicare con una spatola secondo la direzione di crescita dei peli e attendere che si indurisca sulla pelle.<\/li>\n<li>Strappare nella direzione opposta alla crescita dei peli con movimenti brevi e decisi.<\/li>\n<li>Dopo la ceretta, utilizzare un olio detergente per rimuovere i residui di resina.<\/li>\n<\/ul>\n<p><strong>Dati del prodotto:<\/strong><br \/>\nUtilizzo: senza carta<br \/>\nColofonia: s\u00ec<br \/>\nCeretta in salone: \u200b\u200bs\u00ec Ceretta a Casa: Si<\/p>\n<p><strong>Informazioni sul NEGOZIO:<\/strong><\/p>\n<p>Sei una estetista un salone di bellezza richiedi la <a href=\"https:\/\/amicamiashop.com\/it\/iscrizione-per-cosmetici\/\">scontistica per te disponibile<\/a><\/p>\n<p><img decoding=\"async\" style=\"display: none;\" src=\"http:\/\/www.journeyom.life\/wp-content\/uploads\/2024\/05\/JOM-LOGO-VERT-WB.jpg\" alt=\"Rotollo ceretta Extra Strong\" \/><img decoding=\"async\" style=\"display: none;\" src=\"http:\/\/www.journeyom.life\/wp-content\/uploads\/2024\/05\/JOM-LOGO-VERT-WB.jpg\" alt=\"Rotollo ceretta Extra Strong\" \/><img decoding=\"async\" style=\"display: none;\" src=\"http:\/\/www.journeyom.life\/wp-content\/uploads\/2024\/05\/JOM-LOGO-VERT-WB.jpg\" alt=\"Rotollo ceretta Extra Strong\" \/><img decoding=\"async\" style=\"display: none;\" src=\"http:\/\/www.journeyom.life\/wp-content\/uploads\/2024\/05\/JOM-LOGO-VERT-WB.jpg\" alt=\"Rotollo ceretta Extra Strong\" \/><\/p>\n","protected":false},"excerpt":{"rendered":"<p>Ricetta cera Brasiliana originale 400 Gr, per utilizzo anche domestico.<\/p>\n","protected":false},"featured_media":5892,"comment_status":"open","ping_status":"closed","template":"","meta":[],"product_brand":[],"product_cat":[362,356,340],"product_tag":[],"class_list":{"0":"post-5893","1":"product","2":"type-product","3":"status-publish","4":"has-post-thumbnail","6":"product_cat-cera-per-depilazione-a-casa","7":"product_cat-ceretta-a-casa","8":"product_cat-ceretta-intimo","10":"first","11":"instock","12":"purchasable","13":"product-type-simple"},"_links":{"self":[{"href":"https:\/\/amicamiashop.com\/it\/wp-json\/wp\/v2\/product\/5893","targetHints":{"allow":["GET"]}}],"collection":[{"href":"https:\/\/amicamiashop.com\/it\/wp-json\/wp\/v2\/product"}],"about":[{"href":"https:\/\/amicamiashop.com\/it\/wp-json\/wp\/v2\/types\/product"}],"replies":[{"embeddable":true,"href":"https:\/\/amicamiashop.com\/it\/wp-json\/wp\/v2\/comments?post=5893"}],"version-history":[{"count":0,"href":"https:\/\/amicamiashop.com\/it\/wp-json\/wp\/v2\/product\/5893\/revisions"}],"wp:featuredmedia":[{"embeddable":true,"href":"https:\/\/amicamiashop.com\/it\/wp-json\/wp\/v2\/media\/5892"}],"wp:attachment":[{"href":"https:\/\/amicamiashop.com\/it\/wp-json\/wp\/v2\/media?parent=5893"}],"wp:term":[{"taxonomy":"product_brand","embeddable":true,"href":"https:\/\/amicamiashop.com\/it\/wp-json\/wp\/v2\/product_brand?post=5893"},{"taxonomy":"product_cat","embeddable":true,"href":"https:\/\/amicamiashop.com\/it\/wp-json\/wp\/v2\/product_cat?post=5893"},{"taxonomy":"product_tag","embeddable":true,"href":"https:\/\/amicamiashop.com\/it\/wp-json\/wp\/v2\/product_tag?post=5893"}],"curies":[{"name":"wp","href":"https:\/\/api.w.org\/{rel}","templated":true}]}}