{"id":6304,"date":"2023-09-29T23:56:42","date_gmt":"2023-09-29T23:56:42","guid":{"rendered":"https:\/\/amicamiashop.com\/product\/electric-beauty-bed\/"},"modified":"2026-03-13T20:10:22","modified_gmt":"2026-03-13T20:10:22","slug":"lettino-elettrico-estetista","status":"publish","type":"product","link":"https:\/\/amicamiashop.com\/it\/prodotto\/lettino-elettrico-estetista\/","title":{"rendered":"Lettino elettrico estetista"},"content":{"rendered":"<p><strong><span style=\"font-size: 14pt;\">Lettino elettrico estetista Daria <\/span><\/strong><\/p>\n<p>Il lettino per trattamenti estetici a 3 motori, uno dei preferiti dei saloni di bellezza pi\u00f9 esclusivi, rende il trattamento pi\u00f9 confortevole sia per il professionista che per il cliente.<\/p>\n<p>Consigliato per trattamenti corpo, \u00e8 ideale per l&#8217;uso quotidiano e per la posizione di guida. \u00c8 dotato di 3 motori elettrici regolabili in altezza, schienale e sezione gambe. Il controllo avviene tramite un telecomando cablato, che permette di eseguire diverse funzioni di movimento. Altezza massima dello schienale: 90 gradi, sollevamento e inclinazione delle gambe.<\/p>\n<p>L&#8217;altezza di seduta, schienale e sezione gambe \u00e8 regolabile elettricamente.<br \/>\nSchienale e braccioli con rivestimento sfoderabile in similpelle bianca.<br \/>\nDimensioni: Altezza: 60-80 cm Larghezza seduta: 60 cm Lunghezza: 184 cm + parte regolabile ed estensibile nella zona piedi<br \/>\nLo schienale \u00e8 dotato di un&#8217;apertura per il viso e di un poggiatesta sfoderabile.<br \/>\nPeso del lettino: 90 kg<\/p>\n<p>Dimensioni:<\/p>\n<p>Altezza: 80 cm<br \/>\nLarghezza: 60 cm<br \/>\nLunghezza: 184 cm<\/p>\n<p>Regolazione elettrica di altezza, schienale e gambe.<br \/>\nMotore silenzioso con telecomando.<br \/>\nCuscino poggiatesta removibile.<br \/>\nRivestimento in similpelle<br \/>\nColore bianco &#8211; Per ordini superiori a 3 pezzi \u00e8 possibile <strong>personalizzare il colore.<\/strong><br \/>\nPortata massima: 180 kg<\/p>\n<p>Se devi allestire un nuovo salone di bellezza, ho bisogno di rinnovare i tuoi strumenti di lavoro, contatta AmicaMia Shop, ti offriremo sconti imperdibili.<\/p>\n<p><strong>Informazioni sul NEGOZIO:<\/strong><\/p>\n<p>Sei una estetista un salone di bellezza richiedi la <a href=\"https:\/\/amicamiashop.com\/it\/iscrizione-per-cosmetici\/\">scontistica per te disponibile<\/a><\/p>\n<p><img decoding=\"async\" style=\"display: none;\" src=\"http:\/\/www.journeyom.life\/wp-content\/uploads\/2024\/05\/JOM-LOGO-VERT-WB.jpg\" alt=\"Rotollo ceretta Extra Strong\" \/><img decoding=\"async\" style=\"display: none;\" src=\"http:\/\/www.journeyom.life\/wp-content\/uploads\/2024\/05\/JOM-LOGO-VERT-WB.jpg\" alt=\"Rotollo ceretta Extra Strong\" \/><img decoding=\"async\" style=\"display: none;\" src=\"http:\/\/www.journeyom.life\/wp-content\/uploads\/2024\/05\/JOM-LOGO-VERT-WB.jpg\" alt=\"Rotollo ceretta Extra Strong\" \/><img decoding=\"async\" style=\"display: none;\" src=\"http:\/\/www.journeyom.life\/wp-content\/uploads\/2024\/05\/JOM-LOGO-VERT-WB.jpg\" alt=\"Rotollo ceretta Extra Strong\" \/><\/p>\n","protected":false},"excerpt":{"rendered":"<p>Lettino elettrico estetista Daria Il lettino per trattamenti estetici a 3 motori, uno dei preferiti dei saloni di bellezza pi\u00f9 esclusivi, rende il trattamento pi\u00f9 confortevole sia per il professionista che per il cliente. Consigliato per trattamenti corpo, \u00e8 ideale per l&#8217;uso quotidiano e per la posizione di guida. \u00c8 dotato di 3 motori elettrici [&hellip;]<\/p>\n","protected":false},"featured_media":6302,"comment_status":"open","ping_status":"closed","template":"","meta":[],"product_brand":[],"product_cat":[388],"product_tag":[],"class_list":{"0":"post-6304","1":"product","2":"type-product","3":"status-publish","4":"has-post-thumbnail","6":"product_cat-forniture-per-estetiste","8":"first","9":"instock","10":"taxable","11":"shipping-taxable","12":"purchasable","13":"product-type-simple"},"_links":{"self":[{"href":"https:\/\/amicamiashop.com\/it\/wp-json\/wp\/v2\/product\/6304","targetHints":{"allow":["GET"]}}],"collection":[{"href":"https:\/\/amicamiashop.com\/it\/wp-json\/wp\/v2\/product"}],"about":[{"href":"https:\/\/amicamiashop.com\/it\/wp-json\/wp\/v2\/types\/product"}],"replies":[{"embeddable":true,"href":"https:\/\/amicamiashop.com\/it\/wp-json\/wp\/v2\/comments?post=6304"}],"version-history":[{"count":0,"href":"https:\/\/amicamiashop.com\/it\/wp-json\/wp\/v2\/product\/6304\/revisions"}],"wp:featuredmedia":[{"embeddable":true,"href":"https:\/\/amicamiashop.com\/it\/wp-json\/wp\/v2\/media\/6302"}],"wp:attachment":[{"href":"https:\/\/amicamiashop.com\/it\/wp-json\/wp\/v2\/media?parent=6304"}],"wp:term":[{"taxonomy":"product_brand","embeddable":true,"href":"https:\/\/amicamiashop.com\/it\/wp-json\/wp\/v2\/product_brand?post=6304"},{"taxonomy":"product_cat","embeddable":true,"href":"https:\/\/amicamiashop.com\/it\/wp-json\/wp\/v2\/product_cat?post=6304"},{"taxonomy":"product_tag","embeddable":true,"href":"https:\/\/amicamiashop.com\/it\/wp-json\/wp\/v2\/product_tag?post=6304"}],"curies":[{"name":"wp","href":"https:\/\/api.w.org\/{rel}","templated":true}]}}