{"id":6658,"date":"2023-11-04T22:37:11","date_gmt":"2023-11-04T22:37:11","guid":{"rendered":"https:\/\/amicamiashop.com\/product\/epilator-ipl-hair-removal\/"},"modified":"2024-07-11T13:52:03","modified_gmt":"2024-07-11T13:52:03","slug":"epilatore-a-luce-pulsata","status":"publish","type":"product","link":"https:\/\/amicamiashop.com\/it\/prodotto\/epilatore-a-luce-pulsata\/","title":{"rendered":"IPL Scin 999999"},"content":{"rendered":"<h3><strong>Epilatore a luce pulsata 999999 Impulsi<\/strong><\/h3>\n<p>Una macchina per la <strong>depilazione permanente sicura a casa<\/strong> in grado di rimuovere i peli e ringiovanire la pelle allo stesso tempo. <strong>Macchina per la depilazione permanente<\/strong> elegante, facile da usare e pratica.<br \/>\nDepilazione ipl 999999 impulsi, display LCD, superficie della lampada da 3,2 cm, con 5 livelli di potenza e funzioni aggiuntive: ringiovanimento del viso ed epilazione permanente. Reattivit\u00e0 in modalit\u00e0 automatica e manuale, depilazione permanente, funzione di rilevamento del colore della pelle. Dispositivi disponibili in bianco e verde.<\/p>\n<p>\u00c8 facile e veloce<br \/>\n5 fasi, depilazione facile e veloce. Grazie alle sue dimensioni ridotte, puoi portarlo con te ovunque. Un dispositivo che pu\u00f2 essere utilizzato su tutto il corpo.<\/p>\n<p>Prestazioni di qualit\u00e0 professionale a casa tua<br \/>\nCon l&#8217;uso regolare dell&#8217;apparecchio IPL puoi ottenere risultati altrettanto buoni a casa che nei saloni!<\/p>\n<p>Pelle liscia e vellutata, su qualsiasi parte del corpo!<br \/>\nPuoi utilizzare il dispositivo su qualsiasi superficie cutanea: viso, braccia, gambe, schiena, petto, ecc.<\/p>\n<p>Specifiche:<\/p>\n<p>Durata della lampada: 999.999 impulsi<br \/>\nVisualizzazione: schermo LED<br \/>\nMateriale: tubo al quarzo di alta qualit\u00e0 + livelli di luce del guscio in ABS<\/p>\n<p>Nota: la depilazione IPL non pu\u00f2 essere utilizzata per tutti i tipi di pelle e peli. Il pelo molto chiaro e la pelle molto scura non possono essere trattati con un dispositivo di depilazione flash, inoltre non \u00e8 consigliabile utilizzare questo trattamento su pelle molto lentigginosa o lentigginosa. Dopo il trattamento di depilazione IPL, la superficie cutanea trattata deve essere protetta dai raggi solari, dai solarium e dalle creme abbronzanti. Utilizzate il trattamento di depilazione flash solo se il vostro tipo di pelle e di peli sono adatti!<\/p>\n<p>Tipo di pelle: da bianco a marrone, tipo di pelo: da nero a marrone chiaro. Non guardare la luce lampeggiante durante il trattamento, indossare occhiali protettivi! \u00c8 vietato utilizzare il dispositivo vicino all&#8217;acqua, non pu\u00f2 essere utilizzato nella vasca da bagno o nella doccia. Se l&#8217;acqua entra in contatto con il dispositivo di depilazione IPL, spegnetelo immediatamente per la vostra sicurezza! Sii paziente e aspetta che dopo qualche mese sarai in grado di eliminare l&#8217;80-90% dei tuoi peli grazie ai regolari trattamenti di depilazione.<\/p>\n<figure id=\"attachment_9455\" aria-describedby=\"caption-attachment-9455\" style=\"width: 300px\" class=\"wp-caption alignnone\"><img fetchpriority=\"high\" decoding=\"async\" class=\"size-medium wp-image-9455\" src=\"https:\/\/amicamiashop.com\/wp-content\/uploads\/2023\/11\/IPL-PRO-ICE.A-902-1-300x300.jpg\" alt=\"IPL b\u0151r \u00e9s sz\u0151r tipus t\u00e1bl\u00e1zat\" width=\"300\" height=\"300\" \/><figcaption id=\"caption-attachment-9455\" class=\"wp-caption-text\">Tabella del tipo di pelle e capelli IPL<\/figcaption><\/figure>\n","protected":false},"excerpt":{"rendered":"<p>Epilatore a luce pulsata 999999 Impulsi Una macchina per la depilazione permanente sicura a casa in grado di rimuovere i peli e ringiovanire la pelle allo stesso tempo. Macchina per la depilazione permanente elegante, facile da usare e pratica. Depilazione ipl 999999 impulsi, display LCD, superficie della lampada da 3,2 cm, con 5 livelli di [&hellip;]<\/p>\n","protected":false},"featured_media":6656,"comment_status":"open","ping_status":"closed","template":"","meta":[],"product_brand":[],"product_cat":[356,360],"product_tag":[],"class_list":{"0":"post-6658","1":"product","2":"type-product","3":"status-publish","4":"has-post-thumbnail","6":"product_cat-ceretta-a-casa","7":"product_cat-depilazione-laser-a-casa","9":"first","10":"instock","11":"purchasable","12":"product-type-simple"},"_links":{"self":[{"href":"https:\/\/amicamiashop.com\/it\/wp-json\/wp\/v2\/product\/6658","targetHints":{"allow":["GET"]}}],"collection":[{"href":"https:\/\/amicamiashop.com\/it\/wp-json\/wp\/v2\/product"}],"about":[{"href":"https:\/\/amicamiashop.com\/it\/wp-json\/wp\/v2\/types\/product"}],"replies":[{"embeddable":true,"href":"https:\/\/amicamiashop.com\/it\/wp-json\/wp\/v2\/comments?post=6658"}],"version-history":[{"count":0,"href":"https:\/\/amicamiashop.com\/it\/wp-json\/wp\/v2\/product\/6658\/revisions"}],"wp:featuredmedia":[{"embeddable":true,"href":"https:\/\/amicamiashop.com\/it\/wp-json\/wp\/v2\/media\/6656"}],"wp:attachment":[{"href":"https:\/\/amicamiashop.com\/it\/wp-json\/wp\/v2\/media?parent=6658"}],"wp:term":[{"taxonomy":"product_brand","embeddable":true,"href":"https:\/\/amicamiashop.com\/it\/wp-json\/wp\/v2\/product_brand?post=6658"},{"taxonomy":"product_cat","embeddable":true,"href":"https:\/\/amicamiashop.com\/it\/wp-json\/wp\/v2\/product_cat?post=6658"},{"taxonomy":"product_tag","embeddable":true,"href":"https:\/\/amicamiashop.com\/it\/wp-json\/wp\/v2\/product_tag?post=6658"}],"curies":[{"name":"wp","href":"https:\/\/api.w.org\/{rel}","templated":true}]}}