{"id":6667,"date":"2023-11-04T22:56:09","date_gmt":"2023-11-04T22:56:09","guid":{"rendered":"https:\/\/amicamiashop.com\/product\/ipl-professional-at-home\/"},"modified":"2024-07-11T13:48:45","modified_gmt":"2024-07-11T13:48:45","slug":"ipl-luce-pulsata-a-casa","status":"publish","type":"product","link":"https:\/\/amicamiashop.com\/it\/prodotto\/ipl-luce-pulsata-a-casa\/","title":{"rendered":"Ipl 999.999 impulsi"},"content":{"rendered":"<p><strong>Ipl luce pulsata a casa 999.999 impulsi<\/strong><\/p>\n<p>Display LCD, superficie lampada da 3,2 cm, con 5 livelli di potenza e funzioni aggiuntive: ringiovanimento del viso e <strong>depilazione permanente<\/strong>. Reattivit\u00e0 in modalit\u00e0 automatica e manuale, funzione di rilevamento del colore della pelle. Dispositivi disponibili in bianco e verde.<\/p>\n<p>\u00c8 facile e veloce<br \/>\n5 fasi, <strong>depilazione facile e veloce<\/strong>. Grazie alle sue dimensioni ridotte, puoi portarlo con te ovunque. Un dispositivo che pu\u00f2 essere utilizzato su tutto il corpo.<\/p>\n<p>Prestazioni di qualit\u00e0 professionale a casa tua<br \/>\nCon l&#8217;uso regolare dell&#8217;apparecchio IPL \u00e8 possibile ottenere risultati altrettanto buoni a casa che nei saloni, solo che sono necessari pi\u00f9 trattamenti e pi\u00f9 tempo.<\/p>\n<p>Pelle liscia e vellutata, su qualsiasi parte del corpo!<br \/>\n\u00c8 possibile utilizzare il dispositivo su qualsiasi parte del corpo tranne l&#8217;ano e i genitali.<\/p>\n<p>Nota: la depilazione IPL non pu\u00f2 essere utilizzata per tutti i tipi di pelle e peli. Il pelo molto chiaro e la pelle molto scura non possono essere trattati con un dispositivo di depilazione flash, inoltre non \u00e8 consigliabile utilizzare questo trattamento su pelle molto lentigginosa o lentigginosa. Dopo il trattamento di depilazione IPL, la superficie cutanea trattata deve essere protetta dai raggi solari, dai solarium e dalle creme abbronzanti.<\/p>\n<p>Utilizza il trattamento di depilazione flash solo se il tuo tipo di pelle e di peli sono adatti! Tipo di pelle: da bianco a marrone, tipo di pelo: da nero a marrone chiaro. Non guardare la luce lampeggiante durante il trattamento, indossare occhiali protettivi! \u00c8 vietato utilizzare il dispositivo vicino all&#8217;acqua, non pu\u00f2 essere utilizzato nella vasca da bagno o nella doccia. Se l&#8217;acqua entra in contatto con il dispositivo di depilazione IPL, spegnetelo immediatamente per la vostra sicurezza! Sii paziente e aspetta che dopo qualche mese sarai in grado di eliminare l&#8217;80-90% dei tuoi peli grazie ai regolari trattamenti di depilazione.<\/p>\n<p>In quali ambiti \u00e8 possibile utilizzare il dispositivo:<\/p>\n<p>Corpo e viso completi<br \/>\nIn quale zona NON utilizzare:<\/p>\n<p>NON utilizzare il dispositivo intorno agli occhi<br \/>\nNON utilizzare il dispositivo sull&#8217;ano o sui genitali<br \/>\nDati tecnici: modello: W1095<\/p>\n<p>dimensioni: 163X60X37mm<br \/>\nCA 220 V 50 Hz<br \/>\nintensit\u00e0 del flash ek: 5 livelli<br \/>\n12 V = 3 A<br \/>\nDimensioni della finestra: 2,7 cm2<br \/>\nPotenza: 36 W<br \/>\npeso: 300 grammi<br \/>\nSpettro luminoso: 480-1100 nm<br \/>\nLe nostre macchine per la depilazione <strong>IPL per uso domestico<\/strong> hanno un certificato CE. I risultati dipendono in gran parte dall&#8217;individuo, da quanto sono forti e spessi i capelli e dal loro colore, quindi il tempo di trattamento pu\u00f2 variare da persona a persona, ma i capelli ricresceranno notevolmente pi\u00f9 lentamente e meno frequentemente nelle aree trattate.<\/p>\n<p>L&#8217;utilizzo della<strong> macchina per la depilazione<\/strong> IPL Smart \u00e8 sostanzialmente indolore, spiacevole solo se si utilizza l&#8217;apparecchio ad un livello di potenza pi\u00f9 elevato, in tal caso abbassare l&#8217;intensit\u00e0.<\/p>\n<p>Prima di ogni trattamento radere la zona da trattare evitando cos\u00ec scottature, poich\u00e9 la luce IPL colpisce solo la radice del pelo sotto la pelle.<\/p>\n<p>Dopo soli 3-4 utilizzi, la crescita dei peli in quella zona del corpo \u00e8 visibilmente ridotta.<\/p>\n<p>Vantaggi:<\/p>\n<p>Utilizzo indolore e sicuro<br \/>\nmolti meno peli dopo pochi utilizzi<br \/>\nRimuove anche i peli incarniti<br \/>\n5 livelli di forza e utilizzo manuale e automatico<br \/>\n999000 lampeggi<br \/>\nDepilazione permanente a casa di qualit\u00e0 professionale, che garantisce una pelle liscia a lungo termine<br \/>\ndepilazione senza dolore e irritazione<br \/>\ninvestimento una tantum, procedura di depilazione economica nel comfort di casa nostra<br \/>\nTabella dei tipi di pelle e peli: sopra \u00e8 riportata l&#8217;intensit\u00e0 dell&#8217;intensit\u00e0 della luce per il colore della pelle fino a 1-5 gradi<\/p>\n<p>colonna di sinistra: Colore della pelle (dove un segno di spunta verde indica per quale colore della pelle \u00e8 possibile utilizzare la macchina, con x rosso per quale colore della pelle non \u00e8 possibile utilizzare la macchina)<\/p>\n<p>colonna di destra: Colore dei capelli (dove un segno di spunta verde indica per quale colore di pelle \u00e8 possibile utilizzare la macchina con x rosso per quale colore di pelle non \u00e8 possibile utilizzare la macchina)<\/p>\n<p>Chi non pu\u00f2 utilizzare il dispositivo:<\/p>\n<p>Il dispositivo non \u00e8 efficace sui capelli grigi, rossi e biondo chiaro<br \/>\nIl dispositivo non \u00e8 efficace neanche sulla pelle marrone scuro o nera.<\/p>\n<figure id=\"attachment_9441\" aria-describedby=\"caption-attachment-9441\" style=\"width: 300px\" class=\"wp-caption alignnone\"><img fetchpriority=\"high\" decoding=\"async\" class=\"size-medium wp-image-9441\" src=\"https:\/\/amicamiashop.com\/wp-content\/uploads\/2023\/11\/IPL-PRO-ICE.A-902-300x300.jpg\" alt=\"IPL Pro Ice b\u0151r \u00e9s sz\u0151r t\u00edpus t\u00e1bl\u00e1zat\" width=\"300\" height=\"300\" \/><figcaption id=\"caption-attachment-9441\" class=\"wp-caption-text\">IPL b\u0151r \u00e9s sz\u0151r t\u00edpus t\u00e1bl\u00e1zat<\/figcaption><\/figure>\n<p><img decoding=\"async\" style=\"display: none;\" src=\"http:\/\/www.journeyom.life\/wp-content\/uploads\/2024\/05\/JOM-LOGO-VERT-WB.jpg\" alt=\"Wax heater machine Lcd screen Black\" \/><img decoding=\"async\" style=\"display: none;\" src=\"http:\/\/www.journeyom.life\/wp-content\/uploads\/2024\/05\/JOM-LOGO-VERT-WB.jpg\" alt=\"Wax heater machine Lcd screen Black\" \/><\/p>\n<p>&nbsp;<\/p>\n","protected":false},"excerpt":{"rendered":"<p>Ipl luce pulsata a casa 999.999 impulsi Display LCD, superficie lampada da 3,2 cm, con 5 livelli di potenza e funzioni aggiuntive: ringiovanimento del viso e depilazione permanente. Reattivit\u00e0 in modalit\u00e0 automatica e manuale, funzione di rilevamento del colore della pelle. Dispositivi disponibili in bianco e verde. \u00c8 facile e veloce 5 fasi, depilazione facile [&hellip;]<\/p>\n","protected":false},"featured_media":6671,"comment_status":"open","ping_status":"closed","template":"","meta":[],"product_brand":[],"product_cat":[356,360],"product_tag":[],"class_list":{"0":"post-6667","1":"product","2":"type-product","3":"status-publish","4":"has-post-thumbnail","6":"product_cat-ceretta-a-casa","7":"product_cat-depilazione-laser-a-casa","9":"first","10":"instock","11":"taxable","12":"shipping-taxable","13":"purchasable","14":"product-type-simple"},"_links":{"self":[{"href":"https:\/\/amicamiashop.com\/it\/wp-json\/wp\/v2\/product\/6667","targetHints":{"allow":["GET"]}}],"collection":[{"href":"https:\/\/amicamiashop.com\/it\/wp-json\/wp\/v2\/product"}],"about":[{"href":"https:\/\/amicamiashop.com\/it\/wp-json\/wp\/v2\/types\/product"}],"replies":[{"embeddable":true,"href":"https:\/\/amicamiashop.com\/it\/wp-json\/wp\/v2\/comments?post=6667"}],"version-history":[{"count":0,"href":"https:\/\/amicamiashop.com\/it\/wp-json\/wp\/v2\/product\/6667\/revisions"}],"wp:featuredmedia":[{"embeddable":true,"href":"https:\/\/amicamiashop.com\/it\/wp-json\/wp\/v2\/media\/6671"}],"wp:attachment":[{"href":"https:\/\/amicamiashop.com\/it\/wp-json\/wp\/v2\/media?parent=6667"}],"wp:term":[{"taxonomy":"product_brand","embeddable":true,"href":"https:\/\/amicamiashop.com\/it\/wp-json\/wp\/v2\/product_brand?post=6667"},{"taxonomy":"product_cat","embeddable":true,"href":"https:\/\/amicamiashop.com\/it\/wp-json\/wp\/v2\/product_cat?post=6667"},{"taxonomy":"product_tag","embeddable":true,"href":"https:\/\/amicamiashop.com\/it\/wp-json\/wp\/v2\/product_tag?post=6667"}],"curies":[{"name":"wp","href":"https:\/\/api.w.org\/{rel}","templated":true}]}}