{"id":6689,"date":"2023-11-05T00:00:50","date_gmt":"2023-11-05T00:00:50","guid":{"rendered":"https:\/\/amicamiashop.com\/product\/pearls-for-hair-removal-at-home\/"},"modified":"2026-03-19T14:29:00","modified_gmt":"2026-03-19T14:29:00","slug":"filmwax-golden-sands","status":"publish","type":"product","link":"https:\/\/amicamiashop.com\/it\/prodotto\/filmwax-golden-sands\/","title":{"rendered":"Perle per la depilazione a casa"},"content":{"rendered":"<p><strong>Filmwax Golden Sands<\/strong><\/p>\n<p>Filmwax\u00a0 elastica utilizzabile senza striscia di resina, confezione Barattolo da 400 gr.<\/p>\n<p>Resina elastica molto delicata. Una volta applicata, la resina \u00e8 calda, ha una temperatura gradevole per il corpo e fa presa rapidamente. Non si rompe mai quando viene rimosso, forma uno spesso strato simile a una pellicola e pu\u00f2 essere facilmente rimosso dalla pelle, rimuovendo i peli dalla radice e la depilazione \u00e8 quasi indolore. Consigliato per la ceretta di braccia, gambe, ascelle e zona bikini. Un tipo di resina molto efficace per capelli forti. Consente una ceratura rapida e pulita.<\/p>\n<p>Utilizzo:<\/p>\n<p>Mettere la quantit\u00e0 necessaria in una macchina per il riscaldamento della resina<br \/>\nRiscaldarla finch\u00e9 non si scioglie alla massima temperatura, quindi impostare la macchina a temperatura media e attendere che la resina abbia una consistenza spalmabile.<\/p>\n<p>Prima dell&#8217;uso controllare la temperatura e la consistenza della resina. Se per la pelle \u00e8 una temperatura piacevolmente calda ma mai bollente, allora \u00e8 caratterizzata da una consistenza cremosa, densa e adatta. Mettilo sulla pelle come prova e quando avr\u00e0 raggiunto una temperatura confortevole, la ceretta potr\u00e0 iniziare.<\/p>\n<p>Utilizzando una spatola, applicarlo sulla zona da depilare nella stessa direzione di crescita del pelo e, dopo la solidificazione, staccarlo nella direzione opposta con un movimento rapido.<br \/>\nDopo la ceretta, utilizzare un gel o un olio post-trattamento.<\/p>\n<p>Corpo in resina elastica. Idealmente riscaldato, ha una consistenza cremosa. Un tipo di resina consigliata per una levigatura forte, che pu\u00f2 essere utilizzata per le zone di braccia, gambe e ascelle.<\/p>\n<p>Ingredients:<\/p>\n<p>Glyceryl Rosinate, Colophonium , Paraffin, Ethylene\/ VA, Copolymer, Hydrogenated Microcrystalline Wax, Triethylene Glicol rosinate, Mica, Titanium Dioxid, Ricinus Communis seed oil.<img decoding=\"async\" style=\"display: none;\" src=\"http:\/\/www.journeyom.life\/wp-content\/uploads\/2024\/05\/JOM-LOGO-VERT-WB.jpg\" alt=\"Wax heater machine Lcd screen Black\" \/><img decoding=\"async\" style=\"display: none;\" src=\"http:\/\/www.journeyom.life\/wp-content\/uploads\/2024\/05\/JOM-LOGO-VERT-WB.jpg\" alt=\"Wax heater machine Lcd screen Black\" \/><img decoding=\"async\" style=\"display: none;\" src=\"http:\/\/www.journeyom.life\/wp-content\/uploads\/2024\/05\/JOM-LOGO-VERT-WB.jpg\" alt=\"Wax heater machine Lcd screen Black\" \/><img decoding=\"async\" style=\"display: none;\" src=\"http:\/\/www.journeyom.life\/wp-content\/uploads\/2024\/05\/JOM-LOGO-VERT-WB.jpg\" alt=\"Wax heater machine Lcd screen Black\" \/><\/p>\n","protected":false},"excerpt":{"rendered":"<p>Resina elastica delicata per una depilazione fai da te.<\/p>\n","protected":false},"featured_media":6687,"comment_status":"open","ping_status":"closed","template":"","meta":[],"product_brand":[],"product_cat":[362,356],"product_tag":[],"class_list":{"0":"post-6689","1":"product","2":"type-product","3":"status-publish","4":"has-post-thumbnail","6":"product_cat-cera-per-depilazione-a-casa","7":"product_cat-ceretta-a-casa","9":"first","10":"instock","11":"taxable","12":"shipping-taxable","13":"purchasable","14":"product-type-simple"},"_links":{"self":[{"href":"https:\/\/amicamiashop.com\/it\/wp-json\/wp\/v2\/product\/6689","targetHints":{"allow":["GET"]}}],"collection":[{"href":"https:\/\/amicamiashop.com\/it\/wp-json\/wp\/v2\/product"}],"about":[{"href":"https:\/\/amicamiashop.com\/it\/wp-json\/wp\/v2\/types\/product"}],"replies":[{"embeddable":true,"href":"https:\/\/amicamiashop.com\/it\/wp-json\/wp\/v2\/comments?post=6689"}],"version-history":[{"count":0,"href":"https:\/\/amicamiashop.com\/it\/wp-json\/wp\/v2\/product\/6689\/revisions"}],"wp:featuredmedia":[{"embeddable":true,"href":"https:\/\/amicamiashop.com\/it\/wp-json\/wp\/v2\/media\/6687"}],"wp:attachment":[{"href":"https:\/\/amicamiashop.com\/it\/wp-json\/wp\/v2\/media?parent=6689"}],"wp:term":[{"taxonomy":"product_brand","embeddable":true,"href":"https:\/\/amicamiashop.com\/it\/wp-json\/wp\/v2\/product_brand?post=6689"},{"taxonomy":"product_cat","embeddable":true,"href":"https:\/\/amicamiashop.com\/it\/wp-json\/wp\/v2\/product_cat?post=6689"},{"taxonomy":"product_tag","embeddable":true,"href":"https:\/\/amicamiashop.com\/it\/wp-json\/wp\/v2\/product_tag?post=6689"}],"curies":[{"name":"wp","href":"https:\/\/api.w.org\/{rel}","templated":true}]}}