{"id":6708,"date":"2023-11-05T00:16:46","date_gmt":"2023-11-05T00:16:46","guid":{"rendered":"https:\/\/amicamiashop.com\/product\/film-wax-ametiszt\/"},"modified":"2026-03-17T19:12:35","modified_gmt":"2026-03-17T19:12:35","slug":"cera-filmwax-ametist","status":"publish","type":"product","link":"https:\/\/amicamiashop.com\/it\/prodotto\/cera-filmwax-ametist\/","title":{"rendered":"Cera filmwax Ametist"},"content":{"rendered":"<h3>Cera filmwax Ametist<\/h3>\n<p>Perle di\u00a0 cera elastica per il corpo, per una ceretta facile ed efficace di braccia, gambe e parti intime, rimuove perfettamente anche i peli spessi. Consigliato per la ceretta su braccia, gambe, ascelle e zona bikini. Un tipo di resina molto efficace per peli forti.<\/p>\n<p><strong>Utilizzo:<\/strong><\/p>\n<p>Mettere la quantit\u00e0 di perle necessarie nel contenitore.<br \/>\nRiscaldarle finch\u00e9 non avviene la fusione\u00a0 alla massima temperatura,\u00a0 impostare la macchina a temperatura media, e attendere che la resina abbia una consistenza spalmabile.<\/p>\n<p>Prima dell&#8217;uso controllare la temperatura e la consistenza della resina. Se per la pelle \u00e8 una temperatura piacevolmente calda ma mai bollente, allora \u00e8 caratterizzata da una consistenza cremosa, densa e adatta. Mettilo sulla pelle come prova e quando avr\u00e0 raggiunto una temperatura confortevole, la ceretta potr\u00e0 iniziare.<\/p>\n<p>Utilizzando una spatola, applicarlo sulla zona da depilare nella stessa direzione di crescita del pelo e, dopo la solidificazione, staccarlo nella direzione opposta con un movimento rapido.<br \/>\nDopo la ceretta, utilizzare un gel o un olio post-trattamento.<\/p>\n<p><strong>Ingredienti:<\/strong><\/p>\n<p>Glyceryl Rosinate, Colophonium , Paraffin, Ethylene\/ VA, Copolymer, Hydrogenated Microcrystalline Wax, Triethylene Glicol rosinate, Mica, Titanium Dioxid, Ricinus Communis seed oil,CI 60726 Ametiszt.<img decoding=\"async\" style=\"display: none;\" src=\"http:\/\/www.journeyom.life\/wp-content\/uploads\/2024\/05\/JOM-LOGO-VERT-WB.jpg\" alt=\"Wax heater machine Lcd screen Black\" \/><img decoding=\"async\" style=\"display: none;\" src=\"http:\/\/www.journeyom.life\/wp-content\/uploads\/2024\/05\/JOM-LOGO-VERT-WB.jpg\" alt=\"Wax heater machine Lcd screen Black\" \/><img decoding=\"async\" style=\"display: none;\" src=\"http:\/\/www.journeyom.life\/wp-content\/uploads\/2024\/05\/JOM-LOGO-VERT-WB.jpg\" alt=\"Wax heater machine Lcd screen Black\" \/><img decoding=\"async\" style=\"display: none;\" src=\"http:\/\/www.journeyom.life\/wp-content\/uploads\/2024\/05\/JOM-LOGO-VERT-WB.jpg\" alt=\"Wax heater machine Lcd screen Black\" \/><\/p>\n","protected":false},"excerpt":{"rendered":"<p>Ottima per una ceretta a casa<\/p>\n","protected":false},"featured_media":6706,"comment_status":"open","ping_status":"closed","template":"","meta":[],"product_brand":[],"product_cat":[362,356],"product_tag":[],"class_list":{"0":"post-6708","1":"product","2":"type-product","3":"status-publish","4":"has-post-thumbnail","6":"product_cat-cera-per-depilazione-a-casa","7":"product_cat-ceretta-a-casa","9":"first","10":"instock","11":"taxable","12":"shipping-taxable","13":"purchasable","14":"product-type-simple"},"_links":{"self":[{"href":"https:\/\/amicamiashop.com\/it\/wp-json\/wp\/v2\/product\/6708","targetHints":{"allow":["GET"]}}],"collection":[{"href":"https:\/\/amicamiashop.com\/it\/wp-json\/wp\/v2\/product"}],"about":[{"href":"https:\/\/amicamiashop.com\/it\/wp-json\/wp\/v2\/types\/product"}],"replies":[{"embeddable":true,"href":"https:\/\/amicamiashop.com\/it\/wp-json\/wp\/v2\/comments?post=6708"}],"version-history":[{"count":0,"href":"https:\/\/amicamiashop.com\/it\/wp-json\/wp\/v2\/product\/6708\/revisions"}],"wp:featuredmedia":[{"embeddable":true,"href":"https:\/\/amicamiashop.com\/it\/wp-json\/wp\/v2\/media\/6706"}],"wp:attachment":[{"href":"https:\/\/amicamiashop.com\/it\/wp-json\/wp\/v2\/media?parent=6708"}],"wp:term":[{"taxonomy":"product_brand","embeddable":true,"href":"https:\/\/amicamiashop.com\/it\/wp-json\/wp\/v2\/product_brand?post=6708"},{"taxonomy":"product_cat","embeddable":true,"href":"https:\/\/amicamiashop.com\/it\/wp-json\/wp\/v2\/product_cat?post=6708"},{"taxonomy":"product_tag","embeddable":true,"href":"https:\/\/amicamiashop.com\/it\/wp-json\/wp\/v2\/product_tag?post=6708"}],"curies":[{"name":"wp","href":"https:\/\/api.w.org\/{rel}","templated":true}]}}