{"id":6721,"date":"2023-11-05T00:26:45","date_gmt":"2023-11-05T00:26:45","guid":{"rendered":"https:\/\/amicamiashop.com\/product\/hypoallergenic-wax-california-turquoise\/"},"modified":"2026-03-14T20:20:08","modified_gmt":"2026-03-14T20:20:08","slug":"depilazione-intima-a-casa","status":"publish","type":"product","link":"https:\/\/amicamiashop.com\/it\/prodotto\/depilazione-intima-a-casa\/","title":{"rendered":"Special Wax Blue"},"content":{"rendered":"<h3><strong>Special Wax Blue la migliore resina multiflex sintetica ipoallergenica, per la depilazione intima donna a casa.<\/strong><\/h3>\n<p>Non contiene colofonia<br \/>\nUna caratteristica speciale \u00e8 la resina super elastica che pu\u00f2 essere utilizzata a basse temperature<br \/>\nMultiflex pu\u00f2 quindi essere applicato e strappato in qualsiasi direzione<br \/>\nFormula in resina ipoallergenica<br \/>\nGarantita una ceretta delicata, senza dolore e senza arrossamenti<br \/>\nDi rapido utilizzo, si applica senza striscia come resina a spatola<br \/>\nNon si attacca mai alla pelle, ma solo al pelo, quindi non c&#8217;\u00e8 traccia di ceretta.<br \/>\nUna procedura di depilazione che pu\u00f2 essere utilizzata anche insieme alla depilazione laser<\/p>\n<p><strong>Utilizzo:<\/strong><\/p>\n<p>Sciogliere le perle di resina in un scalda cera, per il riscaldamento della resina del crogiolo alla massima temperatura<br \/>\nDopo aver sciolto le perle, impostare la macchina sul riscaldamento med (medio) e attendere che si raffreddi un po&#8217;<br \/>\nQuando la resina ha una consistenza pesante, densa e cremosa, \u00e8 possibile lavorarla, la pelle deve essere piacevolmente calda, ma mai deve scottare.<\/p>\n<p>Temperatura ideale per macchine con display digitale: mantenere la resina a 75-85 gradi con cui lavorare.<br \/>\nResina Multiflex, quindi non ci sono regole, si pu\u00f2 applicare ovunque e staccare, quindi rimuove completamente anche i peli pi\u00f9 forti.<br \/>\nDopo la ceretta non si avverte alcuna sensazione appiccicosa e se sono presenti residui di resina rimuoverli dalla pelle con la resina stessa.<br \/>\nDopo la ceretta non si notano arrossamenti, n\u00e9 pelle usurata o screpolata.<br \/>\nNon contiene colofomium, quindi pu\u00f2 essere utilizzato anche da persone con pelle sensibile alla ceretta.<\/p>\n<p><em><strong>Ingredienti:<\/strong> Hidrogrenated Poly C 6-20 Olefin, Hidrogrenated, Microcrystalline Wax Ethylen \/ VA Colpolymer , Paraffin, Titanium Dioxid<\/em><img decoding=\"async\" style=\"display: none;\" src=\"http:\/\/www.journeyom.life\/wp-content\/uploads\/2024\/05\/JOM-LOGO-VERT-WB.jpg\" alt=\"Wax heater machine Lcd screen Black\" \/><img decoding=\"async\" style=\"display: none;\" src=\"http:\/\/www.journeyom.life\/wp-content\/uploads\/2024\/05\/JOM-LOGO-VERT-WB.jpg\" alt=\"Wax heater machine Lcd screen Black\" \/><img decoding=\"async\" style=\"display: none;\" src=\"http:\/\/www.journeyom.life\/wp-content\/uploads\/2024\/05\/JOM-LOGO-VERT-WB.jpg\" alt=\"Wax heater machine Lcd screen Black\" \/><img decoding=\"async\" style=\"display: none;\" src=\"http:\/\/www.journeyom.life\/wp-content\/uploads\/2024\/05\/JOM-LOGO-VERT-WB.jpg\" alt=\"Wax heater machine Lcd screen Black\" \/><\/p>\n","protected":false},"excerpt":{"rendered":"<p>Special Wax Blue la migliore resina multiflex sintetica ipoallergenica, per la depilazione intima donna a casa. Non contiene colofonia Una caratteristica speciale \u00e8 la resina super elastica che pu\u00f2 essere utilizzata a basse temperature Multiflex pu\u00f2 quindi essere applicato e strappato in qualsiasi direzione Formula in resina ipoallergenica Garantita una ceretta delicata, senza dolore e [&hellip;]<\/p>\n","protected":false},"featured_media":6719,"comment_status":"open","ping_status":"closed","template":"","meta":[],"product_brand":[],"product_cat":[362,356],"product_tag":[],"class_list":{"0":"post-6721","1":"product","2":"type-product","3":"status-publish","4":"has-post-thumbnail","6":"product_cat-cera-per-depilazione-a-casa","7":"product_cat-ceretta-a-casa","9":"first","10":"instock","11":"taxable","12":"shipping-taxable","13":"purchasable","14":"product-type-simple"},"_links":{"self":[{"href":"https:\/\/amicamiashop.com\/it\/wp-json\/wp\/v2\/product\/6721","targetHints":{"allow":["GET"]}}],"collection":[{"href":"https:\/\/amicamiashop.com\/it\/wp-json\/wp\/v2\/product"}],"about":[{"href":"https:\/\/amicamiashop.com\/it\/wp-json\/wp\/v2\/types\/product"}],"replies":[{"embeddable":true,"href":"https:\/\/amicamiashop.com\/it\/wp-json\/wp\/v2\/comments?post=6721"}],"version-history":[{"count":0,"href":"https:\/\/amicamiashop.com\/it\/wp-json\/wp\/v2\/product\/6721\/revisions"}],"wp:featuredmedia":[{"embeddable":true,"href":"https:\/\/amicamiashop.com\/it\/wp-json\/wp\/v2\/media\/6719"}],"wp:attachment":[{"href":"https:\/\/amicamiashop.com\/it\/wp-json\/wp\/v2\/media?parent=6721"}],"wp:term":[{"taxonomy":"product_brand","embeddable":true,"href":"https:\/\/amicamiashop.com\/it\/wp-json\/wp\/v2\/product_brand?post=6721"},{"taxonomy":"product_cat","embeddable":true,"href":"https:\/\/amicamiashop.com\/it\/wp-json\/wp\/v2\/product_cat?post=6721"},{"taxonomy":"product_tag","embeddable":true,"href":"https:\/\/amicamiashop.com\/it\/wp-json\/wp\/v2\/product_tag?post=6721"}],"curies":[{"name":"wp","href":"https:\/\/api.w.org\/{rel}","templated":true}]}}