{"id":7132,"date":"2023-12-07T17:38:40","date_gmt":"2023-12-07T17:38:40","guid":{"rendered":"https:\/\/amicamiashop.com\/product\/brazil-canapa-gyantagyongy\/"},"modified":"2024-07-11T14:29:32","modified_gmt":"2024-07-11T14:29:32","slug":"cera-brasilian-wax-canapa","status":"publish","type":"product","link":"https:\/\/amicamiashop.com\/it\/prodotto\/cera-brasilian-wax-canapa\/","title":{"rendered":"Cera Brasilian Wax Canapa"},"content":{"rendered":"<div class=\"flex flex-grow flex-col max-w-full\">\n<div class=\"min-h-[20px] text-message flex flex-col items-start whitespace-pre-wrap break-words [.text-message+&amp;]:mt-5 juice:w-full juice:items-end overflow-x-auto gap-2\" dir=\"auto\" data-message-author-role=\"assistant\" data-message-id=\"08120b3c-7b08-4691-b252-b3beccd00d88\">\n<div class=\"flex w-full flex-col gap-1 juice:empty:hidden juice:first:pt-[3px]\">\n<div class=\"markdown prose w-full break-words dark:prose-invert light\">\n<p><strong>Cera Brasilian Wax Canapa<\/strong><\/p>\n<p>Cera Brasilian Wax Canapa \u00e8 uno speciale prodotto ceretta brasiliano utilizzato per la depilazione del corpo. Le caratteristiche e i vantaggi del prodotto sono i seguenti:<\/p>\n<p>Caratteristiche<br \/>\nIngredienti: contiene estratto naturale di cannabis, noto per le sue propriet\u00e0 lenitive e delicate sulla pelle.<br \/>\nTexture: resina morbida e facile da applicare che aderisce efficacemente ai peli.<br \/>\nUtilizzo: Adatto a tutti i tipi di pelle, soprattutto a quelle sensibili.<br \/>\nConfezione: solitamente disponibile in barattolo, che deve essere riscaldato prima dell&#8217;uso.<br \/>\nVantaggi<\/p>\n<p>Efficacia: rimuove i peli in profondit\u00e0 alla radice, donando morbidezza pi\u00f9 duratura.<br \/>\nEffetto lenitivo: l&#8217;estratto di cannabis aiuta a ridurre l&#8217;irritazione e il rossore della pelle.<br \/>\nUtilizzo conveniente: facile da usare e semplice da usare in un ambiente domestico.<br \/>\nDurabilit\u00e0: il risultato pu\u00f2 durare fino a 4-6 settimane, a seconda della velocit\u00e0 con cui i capelli ricrescono.<br \/>\nGuida dell&#8217;utente<\/p>\n<p>Riscaldamento: Riscaldare la resina alla temperatura corretta (solitamente 40-45 \u00b0C) fino a raggiungere una consistenza morbida e facilmente spalmabile.<br \/>\nApplicazione: utilizzare una spatola per applicare la resina in uno strato sottile sulla pelle nella direzione della crescita dei peli.<br \/>\nEstrazione: quando la resina si indurisce, staccarla con un movimento rapido e deciso nella direzione opposta alla crescita del pelo.<br \/>\nCura successiva: utilizzare una crema lenitiva e idratante per trattare la pelle dopo la ceretta.<br \/>\nSuggerimenti<\/p>\n<p>Preparazione: assicurarsi che la pelle sia pulita e asciutta prima della ceretta.<br \/>\nTest: esegui un piccolo test cutaneo per verificare la reazione della tua pelle al prodotto.<br \/>\nIgiene: utilizzare sempre strumenti puliti e mantenere igienica l&#8217;area di ceratura.<br \/>\nHai una domanda specifica su questa resina o hai bisogno di maggiori informazioni?<\/p>\n<\/div>\n<\/div>\n<\/div>\n<\/div>\n<div class=\"mt-1 flex gap-3 empty:hidden juice:-ml-3\">\n<div class=\"items-center justify-start rounded-xl p-1 flex\">\n<div class=\"flex items-center\"><\/div>\n<\/div>\n<\/div>\n<p><img decoding=\"async\" style=\"display: none;\" src=\"http:\/\/www.journeyom.life\/wp-content\/uploads\/2024\/05\/JOM-LOGO-VERT-WB.jpg\" alt=\"Wax heater machine Lcd screen Black\" \/><img decoding=\"async\" style=\"display: none;\" src=\"http:\/\/www.journeyom.life\/wp-content\/uploads\/2024\/05\/JOM-LOGO-VERT-WB.jpg\" alt=\"Wax heater machine Lcd screen Black\" \/><img decoding=\"async\" style=\"display: none;\" src=\"http:\/\/www.journeyom.life\/wp-content\/uploads\/2024\/05\/JOM-LOGO-VERT-WB.jpg\" alt=\"Wax heater machine Lcd screen Black\" \/><img decoding=\"async\" style=\"display: none;\" src=\"http:\/\/www.journeyom.life\/wp-content\/uploads\/2024\/05\/JOM-LOGO-VERT-WB.jpg\" alt=\"Wax heater machine Lcd screen Black\" \/><\/p>\n","protected":false},"excerpt":{"rendered":"<p>Cera Brasilian Wax Canapa Cera Brasilian Wax Canapa \u00e8 uno speciale prodotto ceretta brasiliano utilizzato per la depilazione del corpo. Le caratteristiche e i vantaggi del prodotto sono i seguenti: Caratteristiche Ingredienti: contiene estratto naturale di cannabis, noto per le sue propriet\u00e0 lenitive e delicate sulla pelle. Texture: resina morbida e facile da applicare che [&hellip;]<\/p>\n","protected":false},"featured_media":7078,"comment_status":"open","ping_status":"closed","template":"","meta":[],"product_brand":[],"product_cat":[362,356],"product_tag":[402],"class_list":{"0":"post-7132","1":"product","2":"type-product","3":"status-publish","4":"has-post-thumbnail","6":"product_cat-cera-per-depilazione-a-casa","7":"product_cat-ceretta-a-casa","8":"product_tag-brazil-wax-it","10":"first","11":"instock","12":"taxable","13":"shipping-taxable","14":"purchasable","15":"product-type-simple"},"_links":{"self":[{"href":"https:\/\/amicamiashop.com\/it\/wp-json\/wp\/v2\/product\/7132","targetHints":{"allow":["GET"]}}],"collection":[{"href":"https:\/\/amicamiashop.com\/it\/wp-json\/wp\/v2\/product"}],"about":[{"href":"https:\/\/amicamiashop.com\/it\/wp-json\/wp\/v2\/types\/product"}],"replies":[{"embeddable":true,"href":"https:\/\/amicamiashop.com\/it\/wp-json\/wp\/v2\/comments?post=7132"}],"version-history":[{"count":0,"href":"https:\/\/amicamiashop.com\/it\/wp-json\/wp\/v2\/product\/7132\/revisions"}],"wp:featuredmedia":[{"embeddable":true,"href":"https:\/\/amicamiashop.com\/it\/wp-json\/wp\/v2\/media\/7078"}],"wp:attachment":[{"href":"https:\/\/amicamiashop.com\/it\/wp-json\/wp\/v2\/media?parent=7132"}],"wp:term":[{"taxonomy":"product_brand","embeddable":true,"href":"https:\/\/amicamiashop.com\/it\/wp-json\/wp\/v2\/product_brand?post=7132"},{"taxonomy":"product_cat","embeddable":true,"href":"https:\/\/amicamiashop.com\/it\/wp-json\/wp\/v2\/product_cat?post=7132"},{"taxonomy":"product_tag","embeddable":true,"href":"https:\/\/amicamiashop.com\/it\/wp-json\/wp\/v2\/product_tag?post=7132"}],"curies":[{"name":"wp","href":"https:\/\/api.w.org\/{rel}","templated":true}]}}