{"id":7153,"date":"2023-11-04T15:02:33","date_gmt":"2023-11-04T15:02:33","guid":{"rendered":"https:\/\/amicamiashop.com\/product\/home-wax-heater-fuchsia-kit\/"},"modified":"2026-04-17T19:29:20","modified_gmt":"2026-04-17T19:29:20","slug":"kit-per-ceretta-a-casa","status":"publish","type":"product","link":"https:\/\/amicamiashop.com\/it\/prodotto\/kit-per-ceretta-a-casa\/","title":{"rendered":"Kit per\u00a0 Ceretta a casa con Manipolo Fucsia"},"content":{"rendered":"<p><strong>Kit per\u00a0 Ceretta a casa con Manipolo Fucsia<\/strong><\/p>\n<p>Contenuto: 1 manipolo <strong>scalda cera per rullo<\/strong>\u00a0con cavo di rete, 2 <strong>cartucce di resina<\/strong> opzionali, 1 confezione di carta resinata 100 pz.<\/p>\n<p>Dati tecnici: Riscaldatore per cartucce cera Made in Italy 35 Watt 50-60 Hz 115-230 V<\/p>\n<p>Utilizzo: inserire la <strong>ricarica ceretta rullo<\/strong>\u00a0 nel <strong>scalda cera elettrico<\/strong>, quindi collegare un&#8217;estremit\u00e0 del cavo di rete al manipolo scalda cera\u00a0 e collegare l&#8217;altra estremit\u00e0 alla presa.<\/p>\n<p>La <strong>cartuccia di cera<\/strong> impiega 10-15 minuti per riscaldarsi, quindi puoi iniziare la <strong>depilazione<\/strong>. Scollegare il cavo di alimentazione al manipolo scalda cera e la ceretta pu\u00f2 iniziare, applicare sempre la resina sulla pelle con il scalda cere. Se ritieni che la cartuccia di resina sia fredda, collega il cavo di alimentazione alla macchina e riscalda il <strong>rullo cera<\/strong><\/p>\n<p>Applicare la cera sulla zona nella stessa direzione di crescita del pelo, quindi appoggiarvi sopra la striscia staccabile e lisciarla in modo che aderisca alla resina, quindi strappare la striscia di carta nella direzione opposta direzione, con un movimento deciso.<\/p>\n<p>Una volta terminata la <strong>ceretta<\/strong> e consigliato\u00a0 l&#8217;uso dell&#8217;olio per <strong>rinfrescare la pelle dopo depilazione<\/strong>, pulisci la pelle in modo che i residui di cera possano essere rimossi e la pelle non risulti appiccicosa.<\/p>\n<p>Depilazione semplice e veloce a casa: <strong>manipolo scalda cera<\/strong> + 2 cartucce ceretta selezionabili da 100 ml e strip stripping resina 100 pz.<\/p>\n<p><iframe title=\"Otthoni gyant\u00e1z\u00f3 szett haszn\u00e1lata\" width=\"1140\" height=\"641\" src=\"https:\/\/www.youtube.com\/embed\/-ysllvUS8D8?feature=oembed&#038;enablejsapi=1&#038;origin=https:\/\/amicamiashop.com\" frameborder=\"0\" allow=\"accelerometer; autoplay; clipboard-write; encrypted-media; gyroscope; picture-in-picture; web-share\" referrerpolicy=\"strict-origin-when-cross-origin\" allowfullscreen><\/iframe><\/p>\n<p>&nbsp;<\/p>\n","protected":false},"excerpt":{"rendered":"<p>Kit per\u00a0 Ceretta a casa con Manipolo Fucsia Contenuto: 1 manipolo scalda cera per rullo\u00a0con cavo di rete, 2 cartucce di resina opzionali, 1 confezione di carta resinata 100 pz. Dati tecnici: Riscaldatore per cartucce cera Made in Italy 35 Watt 50-60 Hz 115-230 V Utilizzo: inserire la ricarica ceretta rullo\u00a0 nel scalda cera elettrico, [&hellip;]<\/p>\n","protected":false},"featured_media":6538,"comment_status":"open","ping_status":"closed","template":"","meta":[],"product_brand":[],"product_cat":[356,358],"product_tag":[],"class_list":{"0":"post-7153","1":"product","2":"type-product","3":"status-publish","4":"has-post-thumbnail","6":"product_cat-ceretta-a-casa","7":"product_cat-kit-per-ceretta-a-casa","9":"first","10":"instock","11":"taxable","12":"shipping-taxable","13":"purchasable","14":"product-type-simple"},"_links":{"self":[{"href":"https:\/\/amicamiashop.com\/it\/wp-json\/wp\/v2\/product\/7153","targetHints":{"allow":["GET"]}}],"collection":[{"href":"https:\/\/amicamiashop.com\/it\/wp-json\/wp\/v2\/product"}],"about":[{"href":"https:\/\/amicamiashop.com\/it\/wp-json\/wp\/v2\/types\/product"}],"replies":[{"embeddable":true,"href":"https:\/\/amicamiashop.com\/it\/wp-json\/wp\/v2\/comments?post=7153"}],"version-history":[{"count":2,"href":"https:\/\/amicamiashop.com\/it\/wp-json\/wp\/v2\/product\/7153\/revisions"}],"predecessor-version":[{"id":15555,"href":"https:\/\/amicamiashop.com\/it\/wp-json\/wp\/v2\/product\/7153\/revisions\/15555"}],"wp:featuredmedia":[{"embeddable":true,"href":"https:\/\/amicamiashop.com\/it\/wp-json\/wp\/v2\/media\/6538"}],"wp:attachment":[{"href":"https:\/\/amicamiashop.com\/it\/wp-json\/wp\/v2\/media?parent=7153"}],"wp:term":[{"taxonomy":"product_brand","embeddable":true,"href":"https:\/\/amicamiashop.com\/it\/wp-json\/wp\/v2\/product_brand?post=7153"},{"taxonomy":"product_cat","embeddable":true,"href":"https:\/\/amicamiashop.com\/it\/wp-json\/wp\/v2\/product_cat?post=7153"},{"taxonomy":"product_tag","embeddable":true,"href":"https:\/\/amicamiashop.com\/it\/wp-json\/wp\/v2\/product_tag?post=7153"}],"curies":[{"name":"wp","href":"https:\/\/api.w.org\/{rel}","templated":true}]}}