{"id":7156,"date":"2023-11-04T14:52:10","date_gmt":"2023-11-04T14:52:10","guid":{"rendered":"https:\/\/amicamiashop.com\/product\/home-wax-heater-yellow-kit\/"},"modified":"2026-04-03T10:34:23","modified_gmt":"2026-04-03T10:34:23","slug":"kit-ceretta-a-casa-giallo","status":"publish","type":"product","link":"https:\/\/amicamiashop.com\/it\/prodotto\/kit-ceretta-a-casa-giallo\/","title":{"rendered":"Kit Ceretta scaldacera Giallo"},"content":{"rendered":"<p><strong>Kit ceretta a casa giallo<\/strong><\/p>\n<p>Contenuto: 1 manipolo scalda cera per rullo\u00a0con cavo di rete, 2 cartucce di resina opzionali, 1 confezione di carta resinata 100 pz.<\/p>\n<p>Dati tecnici del Kit Ceretta a casa: Riscaldatore per cartucce cera Made in Italy 35 Watt 50-60 Hz 115-230 V<\/p>\n<p>Utilizzo: inserire la cartuccia di resina nel scalda cera a rollo, quindi collegare un&#8217;estremit\u00e0 del cavo di rete al manipolo scalda cera\u00a0 e collegare l&#8217;altra estremit\u00e0 alla presa.<\/p>\n<p>La cartuccia di cera impiega 10-15 minuti per riscaldarsi, quindi puoi iniziare la depilazione. Scollegare il cavo di alimentazione al manipolo scalda cera e la ceretta pu\u00f2 iniziare, applicare sempre la resina sulla pelle con il scalda cere. Se ritieni che la cartuccia di resina sia fredda, collega il cavo di alimentazione alla macchina e riscalda il rullo cera<\/p>\n<p>Applicare la cera sulla zona nella stessa direzione di crescita del pelo, quindi appoggiarvi sopra la striscia staccabile e lisciarla in modo che aderisca alla resina, quindi strappare la striscia di carta nella direzione opposta direzione, con un movimento deciso.<\/p>\n<p>Una volta terminata la ceretta e consigliato\u00a0 l&#8217;uso dell&#8217;olio per rinfrescare la pelle dopo depilazione, pulisci la pelle in modo che i residui di cera possano essere rimossi e la pelle non risulti appiccicosa.<\/p>\n<p>Depilazione semplice e veloce a casa: macchina scalda resina + 2 cartucce ceretta selezionabili da 100 ml e strip stripping resina 100 pz, il tutto Made in Italy.<br \/>\n\u200b<\/p>\n<p><iframe title=\"Otthoni gyant\u00e1z\u00f3 szett haszn\u00e1lata\" width=\"1140\" height=\"641\" src=\"https:\/\/www.youtube.com\/embed\/-ysllvUS8D8?feature=oembed&#038;enablejsapi=1&#038;origin=https:\/\/amicamiashop.com\" frameborder=\"0\" allow=\"accelerometer; autoplay; clipboard-write; encrypted-media; gyroscope; picture-in-picture; web-share\" referrerpolicy=\"strict-origin-when-cross-origin\" allowfullscreen><\/iframe><\/p>\n","protected":false},"excerpt":{"rendered":"<p>Kit ceretta a casa giallo Contenuto: 1 manipolo scalda cera per rullo\u00a0con cavo di rete, 2 cartucce di resina opzionali, 1 confezione di carta resinata 100 pz. Dati tecnici del Kit Ceretta a casa: Riscaldatore per cartucce cera Made in Italy 35 Watt 50-60 Hz 115-230 V Utilizzo: inserire la cartuccia di resina nel scalda [&hellip;]<\/p>\n","protected":false},"featured_media":6534,"comment_status":"open","ping_status":"closed","template":"","meta":[],"product_brand":[],"product_cat":[356,358],"product_tag":[],"class_list":{"0":"post-7156","1":"product","2":"type-product","3":"status-publish","4":"has-post-thumbnail","6":"product_cat-ceretta-a-casa","7":"product_cat-kit-per-ceretta-a-casa","9":"first","10":"instock","11":"taxable","12":"shipping-taxable","13":"purchasable","14":"product-type-simple"},"_links":{"self":[{"href":"https:\/\/amicamiashop.com\/it\/wp-json\/wp\/v2\/product\/7156","targetHints":{"allow":["GET"]}}],"collection":[{"href":"https:\/\/amicamiashop.com\/it\/wp-json\/wp\/v2\/product"}],"about":[{"href":"https:\/\/amicamiashop.com\/it\/wp-json\/wp\/v2\/types\/product"}],"replies":[{"embeddable":true,"href":"https:\/\/amicamiashop.com\/it\/wp-json\/wp\/v2\/comments?post=7156"}],"version-history":[{"count":0,"href":"https:\/\/amicamiashop.com\/it\/wp-json\/wp\/v2\/product\/7156\/revisions"}],"wp:featuredmedia":[{"embeddable":true,"href":"https:\/\/amicamiashop.com\/it\/wp-json\/wp\/v2\/media\/6534"}],"wp:attachment":[{"href":"https:\/\/amicamiashop.com\/it\/wp-json\/wp\/v2\/media?parent=7156"}],"wp:term":[{"taxonomy":"product_brand","embeddable":true,"href":"https:\/\/amicamiashop.com\/it\/wp-json\/wp\/v2\/product_brand?post=7156"},{"taxonomy":"product_cat","embeddable":true,"href":"https:\/\/amicamiashop.com\/it\/wp-json\/wp\/v2\/product_cat?post=7156"},{"taxonomy":"product_tag","embeddable":true,"href":"https:\/\/amicamiashop.com\/it\/wp-json\/wp\/v2\/product_tag?post=7156"}],"curies":[{"name":"wp","href":"https:\/\/api.w.org\/{rel}","templated":true}]}}