{"id":7163,"date":"2023-11-04T14:39:51","date_gmt":"2023-11-04T14:39:51","guid":{"rendered":"https:\/\/amicamiashop.com\/product\/home-waxing-kit-turquoise\/"},"modified":"2026-04-03T10:35:40","modified_gmt":"2026-04-03T10:35:40","slug":"kit-ceretta-viaggio","status":"publish","type":"product","link":"https:\/\/amicamiashop.com\/it\/prodotto\/kit-ceretta-viaggio\/","title":{"rendered":"Kit per ceretta turquoise"},"content":{"rendered":"<p><strong>Kit ceretta viaggio<\/strong><\/p>\n<p>Contenuto: 1 Manipolo Ceretta, con cavo di rete, 2 rulli ceretta, selezionabili da 100 ml, 1 confezione da 100 strisce di carta staccabili, 1 Pochette Trasparente mare.<\/p>\n<p>Dati tecnici: Riscaldatore a cartuccia Made in Italy 35 Watt 50-60 Hz 115-230 V<\/p>\n<p>Utilizzo: inserire il rollo ceretta di nel riscaldatore a cartuccia, quindi collegare un&#8217;estremit\u00e0 del cavo di rete al Manipolo a cartuccia, collegare l&#8217;altra estremit\u00e0 alla presa.<\/p>\n<p>La cartuccia di cera impiega 10-15 minuti per riscaldarsi, quindi puoi iniziare a usare la ceretta. Scollegare il cavo di alimentazione dalla macchina e la ceretta pu\u00f2 iniziare, applicare sempre la resina sulla pelle con il manipolo. Se\u00a0 ritieni che la cera sia fredda, collega il cavo di alimentazione alla macchina e riscaldala.<\/p>\n<p>Applicare la resina sulla zona da cerare una sola volta e nella stessa direzione di crescita del pelo, quindi appoggiarvi sopra la striscia staccabile e lisciarla in modo che aderisca alla resina, quindi strappare la striscia di carta nella direzione opposta direzione con un movimento deciso.<\/p>\n<p>Quando hai finito utilizza uno dei nostri <strong>oli dopo cera<\/strong>, pulisci la pelle per rimuovere i residui di resina e lascia la pelle liscia e vellutata.<\/p>\n<p>Assicurati di pulire il manipolo scalda cera\u00a0 per il riscaldamento della cartuccia di resina con il panno oleoso.<\/p>\n<p><iframe title=\"Otthoni gyant\u00e1z\u00f3 szett haszn\u00e1lata\" width=\"1140\" height=\"641\" src=\"https:\/\/www.youtube.com\/embed\/-ysllvUS8D8?feature=oembed&#038;enablejsapi=1&#038;origin=https:\/\/amicamiashop.com\" frameborder=\"0\" allow=\"accelerometer; autoplay; clipboard-write; encrypted-media; gyroscope; picture-in-picture; web-share\" referrerpolicy=\"strict-origin-when-cross-origin\" allowfullscreen><\/iframe><\/p>\n","protected":false},"excerpt":{"rendered":"<p>Kit ceretta viaggio Contenuto: 1 Manipolo Ceretta, con cavo di rete, 2 rulli ceretta, selezionabili da 100 ml, 1 confezione da 100 strisce di carta staccabili, 1 Pochette Trasparente mare. Dati tecnici: Riscaldatore a cartuccia Made in Italy 35 Watt 50-60 Hz 115-230 V Utilizzo: inserire il rollo ceretta di nel riscaldatore a cartuccia, quindi [&hellip;]<\/p>\n","protected":false},"featured_media":6530,"comment_status":"open","ping_status":"closed","template":"","meta":[],"product_brand":[],"product_cat":[356,358],"product_tag":[],"class_list":{"0":"post-7163","1":"product","2":"type-product","3":"status-publish","4":"has-post-thumbnail","6":"product_cat-ceretta-a-casa","7":"product_cat-kit-per-ceretta-a-casa","9":"first","10":"instock","11":"taxable","12":"shipping-taxable","13":"purchasable","14":"product-type-simple"},"_links":{"self":[{"href":"https:\/\/amicamiashop.com\/it\/wp-json\/wp\/v2\/product\/7163","targetHints":{"allow":["GET"]}}],"collection":[{"href":"https:\/\/amicamiashop.com\/it\/wp-json\/wp\/v2\/product"}],"about":[{"href":"https:\/\/amicamiashop.com\/it\/wp-json\/wp\/v2\/types\/product"}],"replies":[{"embeddable":true,"href":"https:\/\/amicamiashop.com\/it\/wp-json\/wp\/v2\/comments?post=7163"}],"version-history":[{"count":0,"href":"https:\/\/amicamiashop.com\/it\/wp-json\/wp\/v2\/product\/7163\/revisions"}],"wp:featuredmedia":[{"embeddable":true,"href":"https:\/\/amicamiashop.com\/it\/wp-json\/wp\/v2\/media\/6530"}],"wp:attachment":[{"href":"https:\/\/amicamiashop.com\/it\/wp-json\/wp\/v2\/media?parent=7163"}],"wp:term":[{"taxonomy":"product_brand","embeddable":true,"href":"https:\/\/amicamiashop.com\/it\/wp-json\/wp\/v2\/product_brand?post=7163"},{"taxonomy":"product_cat","embeddable":true,"href":"https:\/\/amicamiashop.com\/it\/wp-json\/wp\/v2\/product_cat?post=7163"},{"taxonomy":"product_tag","embeddable":true,"href":"https:\/\/amicamiashop.com\/it\/wp-json\/wp\/v2\/product_tag?post=7163"}],"curies":[{"name":"wp","href":"https:\/\/api.w.org\/{rel}","templated":true}]}}