{"id":7166,"date":"2023-11-04T01:14:27","date_gmt":"2023-11-04T01:14:27","guid":{"rendered":"https:\/\/amicamiashop.com\/product\/white-waxing-kit\/"},"modified":"2026-04-03T10:29:51","modified_gmt":"2026-04-03T10:29:51","slug":"kit-depilazione","status":"publish","type":"product","link":"https:\/\/amicamiashop.com\/it\/prodotto\/kit-depilazione\/","title":{"rendered":"Kit Depilazione"},"content":{"rendered":"<p><b>Kit depilazione a casa<\/b><\/p>\n<p><strong>Contenuto:<\/strong> 1\u00a0 Scalda cera portatile elettrico, 2 rulli ceretta Made in Italy, 1 Confezione con 100 strisce depilatorie, una pochette trasparente da spiaggia<\/p>\n<p>Dati tecnici: 1 Manipolo Scalda cera per rolli Made in Italy incluso cablaggio elettrico 30 Watt 50-60 Hz 115-230 V<\/p>\n<p><strong>Uso:<\/strong> Inserire la cartuccia nel manipolo, quindi collegare un&#8217;estremit\u00e0 del cavo di rete al riscaldatore a cartuccia elettrico, collegare l&#8217;altra estremit\u00e0 alla presa.<\/p>\n<p>La cartuccia di cera impiega 10-15 minuti per riscaldarsi, quindi puoi iniziare a usare la cera. Scollegare il cavo di alimentazione dal manipolo scaldacera, e la ceretta pu\u00f2 iniziare.<br \/>\nApplicare sempre la resina sulla pelle con il rollo. Se ritieni che la cartuccia di resina sia fredda, collega il cavo di alimentazione alla macchina e riscaldala.<\/p>\n<p>Applicare la resina sulla zona da depilare una sola volta e nella stessa direzione di crescita del pelo, quindi appoggiarvi sopra la striscia per depilazione staccabile e lisciarla in modo che aderisca alla resina, quindi strappare la striscia di carta nella direzione opposta direzione con un movimento deciso.<\/p>\n<p>Una volta terminata la ceretta, pulisci la pelle con uno dei nostri prodotti post-ceretta, in modo che i residui di cera possano essere rimossi e la pelle non risulti appiccicosa.<\/p>\n<p>Assicurati di pulire il manipolo per il riscaldamento della cartuccia di resina dopo aver eseguito la ceretta<\/p>\n<p><strong>Info Vendita:<\/strong><\/p>\n<p>Nel nostro negozio online puoi ordinare i nostri kit per la depilazione domestica, a un prezzi vantaggiosi e rigorosamente prodotti in Italia. Contenuto:<br \/>\n2 cartucce di resina selezionabili da 100 ml. Riscaldatore elettrico manuale per rolli in resina con termostato incorporato, confezione strip in carta con 100 striscie.<\/p>\n<p><iframe title=\"Otthoni gyant\u00e1z\u00f3 szett haszn\u00e1lata\" width=\"1140\" height=\"641\" src=\"https:\/\/www.youtube.com\/embed\/-ysllvUS8D8?feature=oembed&#038;enablejsapi=1&#038;origin=https:\/\/amicamiashop.com\" frameborder=\"0\" allow=\"accelerometer; autoplay; clipboard-write; encrypted-media; gyroscope; picture-in-picture; web-share\" referrerpolicy=\"strict-origin-when-cross-origin\" allowfullscreen><\/iframe><\/p>\n","protected":false},"excerpt":{"rendered":"<p>Kit depilazione a casa Contenuto: 1\u00a0 Scalda cera portatile elettrico, 2 rulli ceretta Made in Italy, 1 Confezione con 100 strisce depilatorie, una pochette trasparente da spiaggia Dati tecnici: 1 Manipolo Scalda cera per rolli Made in Italy incluso cablaggio elettrico 30 Watt 50-60 Hz 115-230 V Uso: Inserire la cartuccia nel manipolo, quindi collegare [&hellip;]<\/p>\n","protected":false},"featured_media":6523,"comment_status":"open","ping_status":"closed","template":"","meta":[],"product_brand":[],"product_cat":[356,358],"product_tag":[],"class_list":{"0":"post-7166","1":"product","2":"type-product","3":"status-publish","4":"has-post-thumbnail","6":"product_cat-ceretta-a-casa","7":"product_cat-kit-per-ceretta-a-casa","9":"first","10":"instock","11":"taxable","12":"shipping-taxable","13":"purchasable","14":"product-type-simple"},"_links":{"self":[{"href":"https:\/\/amicamiashop.com\/it\/wp-json\/wp\/v2\/product\/7166","targetHints":{"allow":["GET"]}}],"collection":[{"href":"https:\/\/amicamiashop.com\/it\/wp-json\/wp\/v2\/product"}],"about":[{"href":"https:\/\/amicamiashop.com\/it\/wp-json\/wp\/v2\/types\/product"}],"replies":[{"embeddable":true,"href":"https:\/\/amicamiashop.com\/it\/wp-json\/wp\/v2\/comments?post=7166"}],"version-history":[{"count":0,"href":"https:\/\/amicamiashop.com\/it\/wp-json\/wp\/v2\/product\/7166\/revisions"}],"wp:featuredmedia":[{"embeddable":true,"href":"https:\/\/amicamiashop.com\/it\/wp-json\/wp\/v2\/media\/6523"}],"wp:attachment":[{"href":"https:\/\/amicamiashop.com\/it\/wp-json\/wp\/v2\/media?parent=7166"}],"wp:term":[{"taxonomy":"product_brand","embeddable":true,"href":"https:\/\/amicamiashop.com\/it\/wp-json\/wp\/v2\/product_brand?post=7166"},{"taxonomy":"product_cat","embeddable":true,"href":"https:\/\/amicamiashop.com\/it\/wp-json\/wp\/v2\/product_cat?post=7166"},{"taxonomy":"product_tag","embeddable":true,"href":"https:\/\/amicamiashop.com\/it\/wp-json\/wp\/v2\/product_tag?post=7166"}],"curies":[{"name":"wp","href":"https:\/\/api.w.org\/{rel}","templated":true}]}}