{"id":7227,"date":"2023-11-03T21:22:20","date_gmt":"2023-11-03T21:22:20","guid":{"rendered":"https:\/\/amicamiashop.com\/product\/gyantazas-utani-monoi-bio-testapolo-lotion-aloe-vera-kivonattal\/"},"modified":"2024-07-12T13:13:05","modified_gmt":"2024-07-12T13:13:05","slug":"lotion-dopo-cera-monoi","status":"publish","type":"product","link":"https:\/\/amicamiashop.com\/it\/prodotto\/lotion-dopo-cera-monoi\/","title":{"rendered":"Lotion dopo cera monoi"},"content":{"rendered":"<p><strong>Gyant\u00e1z\u00e1s ut\u00e1ni Monoi Bio test\u00e1pol\u00f3 lotion Aloe Vera kivonattal 500 ml<\/strong><\/p>\n<p>Lotion dopo cera monoi<\/p>\n<p>Moisturizing Monoi\u00a0 Bio Hidrat\u00e1l\u00f3 test tej , k\u00f6nny\u0171 text\u00far\u00e1val \u00e9s k\u00f6nny\u0171 felsz\u00edv\u00f3d\u00e1ssal. Tartalmaz: \u00e9des mandulaolajat, sz\u0151l\u0151olajat, arg\u00e1nolajat \u00e9s az Aloe Vera Juice-t, a n\u00f6v\u00e9nyi \u00f6sszetev\u0151ket hidrat\u00e1l\u00f3, emolliens, antioxid\u00e1ns \u00e9s t\u00e1pl\u00e1l\u00f3 tulajdons\u00e1gokkal.<\/p>\n<p>A Centella kivonat jelenl\u00e9te seg\u00edti a b\u0151r rugalmass\u00e1g\u00e1nak meg\u0151rz\u00e9s\u00e9t.<\/p>\n<p>Nem tartalmaz sz\u00ednez\u00e9keket, parab\u00e9neket, paraffinokat, szilikonokat, pegeket, alkoholt, propil\u00e9nglikolt, BHT \/ BHA \/ din\u00e1trium-EDTA-t,<\/p>\n<p><u>F\u0151 akt\u00edv \u00f6sszetev\u0151i:<\/u><\/p>\n<p>Szerves Aloe Vera Juice \u2013 hidrat\u00e1l\u00f3, \u00f6reged\u00e9sg\u00e1tl\u00f3<\/p>\n<p>Organic Arg\u00e1nolaj- hidrat\u00e1l\u00f3, oxig\u00e9nes, t\u00e1pl\u00e1l\u00f3<\/p>\n<p>Sz\u0151l\u0151olaj \u00a0\u2013 l\u00e1gy, nyugtat\u00f3, jav\u00edtja a rugalmass\u00e1got<\/p>\n<p><strong><em>Ingredients:<\/em>\u00a0<\/strong>\u201eAqua, Etylhexyl-Stear\u00e1te, Prunus\u00a0 Amygdalus\u00a0 Dulcis Oil, Prop\u00e1ndiol, Glycerin, Caprylic \/ Capric Triglicerid, Aloe Barbadensis leaf juice (*), Vitis Vinifera Seed Oil, Argania Spinosa\u00a0 Kernel Oil, Centella Asiatica\u00a0 Exract, Hydroxiethyl- Acrylate \/ Sodium Acryloyldimetyl Taurate Copolymer,Benzyl Alcohol, Isohexadencane,Parfum, Polysorbate 60, Lecithin, Ethylhexyglycerin Tetrasodium, Glutamate Diacetate,Sorbitan Isosterate Hexyl Cinnamal Limone Linalool Tocopherol, Ascorbyl Palitate,Citric Acid, Potassium Sorbate, Sodium Bensolate,<\/p>\n<p>(*), Ingredienti\u00a0 Agricultura Biologica<\/p>\n<p>Haszn\u00e1lat: Alkalmazza a megfelel\u0151 mennyis\u00e9g\u0171 test hidrat\u00e1l\u00f3t\u00a0 \u00e9s massz\u00edrozza a b\u0151rbe, am\u00edg teljesen fel nem sz\u00edv\u00f3dik.<\/p>\n<ul>\n<li>Figyelmeztet\u00e9sek: Ker\u00fclje a szemmel val\u00f3 \u00e9rintkez\u00e9st. K\u00fcls\u0151leg haszn\u00e1land\u00f3 k\u00e9sz\u00edtm\u00e9ny, tartsa t\u00e1vol gyermekekt\u0151l.<\/li>\n<\/ul>\n<p><img decoding=\"async\" style=\"display: none;\" src=\"http:\/\/www.journeyom.life\/wp-content\/uploads\/2024\/05\/JOM-LOGO-VERT-WB.jpg\" alt=\"Rotollo ceretta Extra Strong\" \/><img decoding=\"async\" style=\"display: none;\" src=\"http:\/\/www.journeyom.life\/wp-content\/uploads\/2024\/05\/JOM-LOGO-VERT-WB.jpg\" alt=\"Rotollo ceretta Extra Strong\" \/><img decoding=\"async\" style=\"display: none;\" src=\"http:\/\/www.journeyom.life\/wp-content\/uploads\/2024\/05\/JOM-LOGO-VERT-WB.jpg\" alt=\"Rotollo ceretta Extra Strong\" \/><img decoding=\"async\" style=\"display: none;\" src=\"http:\/\/www.journeyom.life\/wp-content\/uploads\/2024\/05\/JOM-LOGO-VERT-WB.jpg\" alt=\"Rotollo ceretta Extra Strong\" \/><\/p>\n","protected":false},"excerpt":{"rendered":"<p>Gyant\u00e1z\u00e1s ut\u00e1ni Monoi Bio test\u00e1pol\u00f3 lotion Aloe Vera kivonattal 500 ml Lotion dopo cera monoi Moisturizing Monoi\u00a0 Bio Hidrat\u00e1l\u00f3 test tej , k\u00f6nny\u0171 text\u00far\u00e1val \u00e9s k\u00f6nny\u0171 felsz\u00edv\u00f3d\u00e1ssal. Tartalmaz: \u00e9des mandulaolajat, sz\u0151l\u0151olajat, arg\u00e1nolajat \u00e9s az Aloe Vera Juice-t, a n\u00f6v\u00e9nyi \u00f6sszetev\u0151ket hidrat\u00e1l\u00f3, emolliens, antioxid\u00e1ns \u00e9s t\u00e1pl\u00e1l\u00f3 tulajdons\u00e1gokkal. A Centella kivonat jelenl\u00e9te seg\u00edti a b\u0151r rugalmass\u00e1g\u00e1nak meg\u0151rz\u00e9s\u00e9t. [&hellip;]<\/p>\n","protected":false},"featured_media":6358,"comment_status":"open","ping_status":"closed","template":"","meta":[],"product_brand":[],"product_cat":[344],"product_tag":[],"class_list":{"0":"post-7227","1":"product","2":"type-product","3":"status-publish","4":"has-post-thumbnail","6":"product_cat-prodotti-pre-e-post-depilazione","8":"first","9":"instock","10":"purchasable","11":"product-type-simple"},"_links":{"self":[{"href":"https:\/\/amicamiashop.com\/it\/wp-json\/wp\/v2\/product\/7227","targetHints":{"allow":["GET"]}}],"collection":[{"href":"https:\/\/amicamiashop.com\/it\/wp-json\/wp\/v2\/product"}],"about":[{"href":"https:\/\/amicamiashop.com\/it\/wp-json\/wp\/v2\/types\/product"}],"replies":[{"embeddable":true,"href":"https:\/\/amicamiashop.com\/it\/wp-json\/wp\/v2\/comments?post=7227"}],"version-history":[{"count":0,"href":"https:\/\/amicamiashop.com\/it\/wp-json\/wp\/v2\/product\/7227\/revisions"}],"wp:featuredmedia":[{"embeddable":true,"href":"https:\/\/amicamiashop.com\/it\/wp-json\/wp\/v2\/media\/6358"}],"wp:attachment":[{"href":"https:\/\/amicamiashop.com\/it\/wp-json\/wp\/v2\/media?parent=7227"}],"wp:term":[{"taxonomy":"product_brand","embeddable":true,"href":"https:\/\/amicamiashop.com\/it\/wp-json\/wp\/v2\/product_brand?post=7227"},{"taxonomy":"product_cat","embeddable":true,"href":"https:\/\/amicamiashop.com\/it\/wp-json\/wp\/v2\/product_cat?post=7227"},{"taxonomy":"product_tag","embeddable":true,"href":"https:\/\/amicamiashop.com\/it\/wp-json\/wp\/v2\/product_tag?post=7227"}],"curies":[{"name":"wp","href":"https:\/\/api.w.org\/{rel}","templated":true}]}}